{"id":895,"date":"2017-12-12T08:49:37","date_gmt":"2017-12-12T08:49:37","guid":{"rendered":"http:\/\/jadek-pensa.si\/\/o-nas\/"},"modified":"2024-07-29T13:29:04","modified_gmt":"2024-07-29T13:29:04","slug":"uber-uns","status":"publish","type":"page","link":"https:\/\/jadek-pensa.si\/de\/uber-uns\/","title":{"rendered":"\u00dcber uns"},"content":{"rendered":"<p>Die Anwaltskanzlei Jadek &amp; Pensa hat eine reiche Geschichte im slowenischen Rechtsraum, da ihre Anf\u00e4nge bis ins Jahr 1958 zur\u00fcckreichen. Seit der Gr\u00fcndung sind wir zur Exzellenz verpflichtet, mit dem Ziel die Erwartungen unserer Kunden zu \u00fcberschreiten. Wir investieren Zeit in das Verst\u00e4ndnis der Interessen unserer Kunden, die wir immer an die erste Stelle setzen. Wir ermutigen unsere Experten dazu, L\u00f6sungen auch au\u00dferhalb des etablierten Rahmens zu suchen, wobei wir Innovation und Effizienz f\u00fcr unsere Kunden gew\u00e4hrleisten. Die Kunden sch\u00e4tzen unsere Teamarbeit, die uns effiziente und ganzheitliche L\u00f6sungen zu komplexen Rechtssachen erm\u00f6glicht, Engagement f\u00fcr die Erreichung der Ziele, Vertrauen und Einfachheit der gegenseitigen Kommunikation.<\/p>\n<p>Aus all diesen Gr\u00fcnden werden wir heute als eine der leitenden Anwaltskanzleien in Slowenien angesehen, mit Schwerpunkt auf den Bereichen des Wirtschafts-, Gesellschafts- und Transaktionsrechts und Vermeidung und Beilegung von Rechtsstreitigkeiten. Im Rahmen unserer Arbeit bewahren wir die h\u00f6chsten Qualit\u00e4tsstandards und verfolgen gleichzeitig aufmerksam die technologischen Trends und die Herausforderungen der Digitalisierung, die zunehmend auch den Anwaltsberuf pr\u00e4gen.<\/p>\n","protected":false},"excerpt":{"rendered":"<p>Die Anwaltskanzlei Jadek &amp; Pensa hat eine reiche Geschichte im slowenischen Rechtsraum, da ihre Anf\u00e4nge bis ins Jahr 1958 zur\u00fcckreichen. Seit der Gr\u00fcndung sind wir zur Exzellenz verpflichtet, mit dem Ziel die Erwartungen unserer Kunden zu \u00fcberschreiten. Wir investieren Zeit in das Verst\u00e4ndnis der Interessen unserer Kunden, die wir immer an die erste Stelle setzen.<\/p>\n","protected":false},"author":8,"featured_media":8206,"parent":0,"menu_order":90,"comment_status":"closed","ping_status":"closed","template":"page-templates\/about.php","meta":{"_acf_changed":false,"footnotes":""},"class_list":["post-895","page","type-page","status-publish","has-post-thumbnail","hentry"],"acf":[],"yoast_head":"<!-- This site is optimized with the Yoast SEO plugin v27.2 - https:\/\/yoast.com\/product\/yoast-seo-wordpress\/ -->\n<title>\u00dcber uns - Jadek &amp; Pensa<\/title>\n<meta name=\"robots\" content=\"index, follow, max-snippet:-1, max-image-preview:large, max-video-preview:-1\" \/>\n<link rel=\"canonical\" href=\"https:\/\/jadek-pensa.si\/de\/uber-uns\/\" \/>\n<meta property=\"og:locale\" content=\"de_DE\" \/>\n<meta property=\"og:type\" content=\"article\" \/>\n<meta property=\"og:title\" content=\"\u00dcber uns - Jadek &amp; Pensa\" \/>\n<meta property=\"og:description\" content=\"Die Anwaltskanzlei Jadek &amp; Pensa hat eine reiche Geschichte im slowenischen Rechtsraum, da ihre Anf\u00e4nge bis ins Jahr 1958 zur\u00fcckreichen. Seit der Gr\u00fcndung sind wir zur Exzellenz verpflichtet, mit dem Ziel die Erwartungen unserer Kunden zu \u00fcberschreiten. Wir investieren Zeit in das Verst\u00e4ndnis der Interessen unserer Kunden, die wir immer an die erste Stelle setzen.\" \/>\n<meta property=\"og:url\" content=\"https:\/\/jadek-pensa.si\/de\/uber-uns\/\" \/>\n<meta property=\"og:site_name\" content=\"Jadek &amp; Pensa\" \/>\n<meta property=\"article:modified_time\" content=\"2024-07-29T13:29:04+00:00\" \/>\n<meta property=\"og:image\" content=\"https:\/\/jadek-pensa.si\/wp-content\/uploads\/2022\/06\/Jadek_in_pensa_o_nas.jpg\" \/>\n\t<meta property=\"og:image:width\" content=\"667\" \/>\n\t<meta property=\"og:image:height\" content=\"373\" \/>\n\t<meta property=\"og:image:type\" content=\"image\/jpeg\" \/>\n<meta name=\"twitter:card\" content=\"summary_large_image\" \/>\n<meta name=\"twitter:label1\" content=\"Est. reading time\" \/>\n\t<meta name=\"twitter:data1\" content=\"3 minutes\" \/>\n<script type=\"application\/ld+json\" class=\"yoast-schema-graph\">{\"@context\":\"https:\/\/schema.org\",\"@graph\":[{\"@type\":\"WebPage\",\"@id\":\"https:\/\/jadek-pensa.si\/de\/uber-uns\/\",\"url\":\"https:\/\/jadek-pensa.si\/de\/uber-uns\/\",\"name\":\"\u00dcber uns - Jadek &amp; Pensa\",\"isPartOf\":{\"@id\":\"https:\/\/www.jadek-pensa.si\/de\/#website\"},\"primaryImageOfPage\":{\"@id\":\"https:\/\/jadek-pensa.si\/de\/uber-uns\/#primaryimage\"},\"image\":{\"@id\":\"https:\/\/jadek-pensa.si\/de\/uber-uns\/#primaryimage\"},\"thumbnailUrl\":\"https:\/\/jadek-pensa.si\/wp-content\/uploads\/2022\/06\/Jadek_in_pensa_o_nas.jpg\",\"datePublished\":\"2017-12-12T08:49:37+00:00\",\"dateModified\":\"2024-07-29T13:29:04+00:00\",\"breadcrumb\":{\"@id\":\"https:\/\/jadek-pensa.si\/de\/uber-uns\/#breadcrumb\"},\"inLanguage\":\"de-DE\",\"potentialAction\":[{\"@type\":\"ReadAction\",\"target\":[\"https:\/\/jadek-pensa.si\/de\/uber-uns\/\"]}]},{\"@type\":\"ImageObject\",\"inLanguage\":\"de-DE\",\"@id\":\"https:\/\/jadek-pensa.si\/de\/uber-uns\/#primaryimage\",\"url\":\"https:\/\/jadek-pensa.si\/wp-content\/uploads\/2022\/06\/Jadek_in_pensa_o_nas.jpg\",\"contentUrl\":\"https:\/\/jadek-pensa.si\/wp-content\/uploads\/2022\/06\/Jadek_in_pensa_o_nas.jpg\",\"width\":667,\"height\":373},{\"@type\":\"BreadcrumbList\",\"@id\":\"https:\/\/jadek-pensa.si\/de\/uber-uns\/#breadcrumb\",\"itemListElement\":[{\"@type\":\"ListItem\",\"position\":1,\"name\":\"Home\",\"item\":\"https:\/\/www.jadek-pensa.si\/de\/\"},{\"@type\":\"ListItem\",\"position\":2,\"name\":\"\u00dcber uns\"}]},{\"@type\":\"WebSite\",\"@id\":\"https:\/\/www.jadek-pensa.si\/de\/#website\",\"url\":\"https:\/\/www.jadek-pensa.si\/de\/\",\"name\":\"Jadek &amp; Pensa\",\"description\":\"\",\"potentialAction\":[{\"@type\":\"SearchAction\",\"target\":{\"@type\":\"EntryPoint\",\"urlTemplate\":\"https:\/\/www.jadek-pensa.si\/de\/?s={search_term_string}\"},\"query-input\":{\"@type\":\"PropertyValueSpecification\",\"valueRequired\":true,\"valueName\":\"search_term_string\"}}],\"inLanguage\":\"de-DE\"}]}<\/script>\n<!-- \/ Yoast SEO plugin. -->","yoast_head_json":{"title":"\u00dcber uns - Jadek &amp; Pensa","robots":{"index":"index","follow":"follow","max-snippet":"max-snippet:-1","max-image-preview":"max-image-preview:large","max-video-preview":"max-video-preview:-1"},"canonical":"https:\/\/jadek-pensa.si\/de\/uber-uns\/","og_locale":"de_DE","og_type":"article","og_title":"\u00dcber uns - Jadek &amp; Pensa","og_description":"Die Anwaltskanzlei Jadek &amp; Pensa hat eine reiche Geschichte im slowenischen Rechtsraum, da ihre Anf\u00e4nge bis ins Jahr 1958 zur\u00fcckreichen. Seit der Gr\u00fcndung sind wir zur Exzellenz verpflichtet, mit dem Ziel die Erwartungen unserer Kunden zu \u00fcberschreiten. Wir investieren Zeit in das Verst\u00e4ndnis der Interessen unserer Kunden, die wir immer an die erste Stelle setzen.","og_url":"https:\/\/jadek-pensa.si\/de\/uber-uns\/","og_site_name":"Jadek &amp; Pensa","article_modified_time":"2024-07-29T13:29:04+00:00","og_image":[{"width":667,"height":373,"url":"https:\/\/jadek-pensa.si\/wp-content\/uploads\/2022\/06\/Jadek_in_pensa_o_nas.jpg","type":"image\/jpeg"}],"twitter_card":"summary_large_image","twitter_misc":{"Est. reading time":"3 minutes"},"schema":{"@context":"https:\/\/schema.org","@graph":[{"@type":"WebPage","@id":"https:\/\/jadek-pensa.si\/de\/uber-uns\/","url":"https:\/\/jadek-pensa.si\/de\/uber-uns\/","name":"\u00dcber uns - Jadek &amp; Pensa","isPartOf":{"@id":"https:\/\/www.jadek-pensa.si\/de\/#website"},"primaryImageOfPage":{"@id":"https:\/\/jadek-pensa.si\/de\/uber-uns\/#primaryimage"},"image":{"@id":"https:\/\/jadek-pensa.si\/de\/uber-uns\/#primaryimage"},"thumbnailUrl":"https:\/\/jadek-pensa.si\/wp-content\/uploads\/2022\/06\/Jadek_in_pensa_o_nas.jpg","datePublished":"2017-12-12T08:49:37+00:00","dateModified":"2024-07-29T13:29:04+00:00","breadcrumb":{"@id":"https:\/\/jadek-pensa.si\/de\/uber-uns\/#breadcrumb"},"inLanguage":"de-DE","potentialAction":[{"@type":"ReadAction","target":["https:\/\/jadek-pensa.si\/de\/uber-uns\/"]}]},{"@type":"ImageObject","inLanguage":"de-DE","@id":"https:\/\/jadek-pensa.si\/de\/uber-uns\/#primaryimage","url":"https:\/\/jadek-pensa.si\/wp-content\/uploads\/2022\/06\/Jadek_in_pensa_o_nas.jpg","contentUrl":"https:\/\/jadek-pensa.si\/wp-content\/uploads\/2022\/06\/Jadek_in_pensa_o_nas.jpg","width":667,"height":373},{"@type":"BreadcrumbList","@id":"https:\/\/jadek-pensa.si\/de\/uber-uns\/#breadcrumb","itemListElement":[{"@type":"ListItem","position":1,"name":"Home","item":"https:\/\/www.jadek-pensa.si\/de\/"},{"@type":"ListItem","position":2,"name":"\u00dcber uns"}]},{"@type":"WebSite","@id":"https:\/\/www.jadek-pensa.si\/de\/#website","url":"https:\/\/www.jadek-pensa.si\/de\/","name":"Jadek &amp; Pensa","description":"","potentialAction":[{"@type":"SearchAction","target":{"@type":"EntryPoint","urlTemplate":"https:\/\/www.jadek-pensa.si\/de\/?s={search_term_string}"},"query-input":{"@type":"PropertyValueSpecification","valueRequired":true,"valueName":"search_term_string"}}],"inLanguage":"de-DE"}]}},"_links":{"self":[{"href":"https:\/\/jadek-pensa.si\/de\/wp-json\/wp\/v2\/pages\/895","targetHints":{"allow":["GET"]}}],"collection":[{"href":"https:\/\/jadek-pensa.si\/de\/wp-json\/wp\/v2\/pages"}],"about":[{"href":"https:\/\/jadek-pensa.si\/de\/wp-json\/wp\/v2\/types\/page"}],"author":[{"embeddable":true,"href":"https:\/\/jadek-pensa.si\/de\/wp-json\/wp\/v2\/users\/8"}],"replies":[{"embeddable":true,"href":"https:\/\/jadek-pensa.si\/de\/wp-json\/wp\/v2\/comments?post=895"}],"version-history":[{"count":0,"href":"https:\/\/jadek-pensa.si\/de\/wp-json\/wp\/v2\/pages\/895\/revisions"}],"wp:featuredmedia":[{"embeddable":true,"href":"https:\/\/jadek-pensa.si\/de\/wp-json\/wp\/v2\/media\/8206"}],"wp:attachment":[{"href":"https:\/\/jadek-pensa.si\/de\/wp-json\/wp\/v2\/media?parent=895"}],"curies":[{"name":"wp","href":"https:\/\/api.w.org\/{rel}","templated":true}]}}