{"id":5049,"date":"2020-01-30T09:36:00","date_gmt":"2020-01-30T09:36:00","guid":{"rendered":"https:\/\/www.jadek-pensa.si\/?page_id=5049"},"modified":"2020-02-11T09:40:21","modified_gmt":"2020-02-11T09:40:21","slug":"migration","status":"publish","type":"page","link":"https:\/\/jadek-pensa.si\/de\/arbeitsfelder\/migration\/","title":{"rendered":"Migration"},"content":{"rendered":"<p>Die Globalisierung ist in der heutigen Gesellschaft in vollem Gange, so dass die grenz\u00fcberschreitende gesch\u00e4ftliche Zusammenarbeit zwischen Unternehmen zur Selbstverst\u00e4ndlichkeit geworden ist. Um das volle Potenzial ihrer Mitarbeiter zu erreichen, setzen viele Unternehmen auf globale Mobilit\u00e4t und entsenden verschiedene Profile ihrer Mitarbeiter ins Ausland. Gleichzeitig stellen wir jedoch fest, dass die Politik in der Gesetzgebung zur Arbeitsmigration zunehmend eingeschr\u00e4nkt wird. F\u00fcr Unternehmen mit ausdr\u00fccklich grenz\u00fcberschreitender T\u00e4tigkeit ist es daher von entscheidender Bedeutung, dass sie sich mit den gesetzlichen Anforderungen bei der Arbeitsmigration gut vertraut machen, um die Einhaltung zu gew\u00e4hrleisten.<\/p>\n<p>Wir bieten unseren Kunden ein komplettes Spektrum an Rechtsdienstleistungen im Bereich der globalen Mobilit\u00e4t und Arbeitsmigration, das von der Beratung vor der geplanten Entsendung mit Schwerpunkt auf der slowenischen Gesetzgebung \u00fcber die \u00dcberpr\u00fcfung der Einhaltung der Aktivit\u00e4ten der Unternehmen, die Vorbereitung und Einreichung aller Arten von Arbeits- und Aufenthaltsgenehmigungen, alle Arten von Visa in Slowenien, die Vertretung vor Verwaltungs- und Justizbeh\u00f6rden sowie die Vorbereitung von unternehmensinternen Regelungen zur Arbeitsmigration umfasst.<\/p>\n<p>Neben den fundierten Kenntnissen und der umfangreichen Erfahrung auf diesem Gebiet ist unser Hauptvorteil die umfassende Herangehensweise an das Problem des einzelnen Kunden. Denn wir verstehen, dass ein bestimmtes Thema oder eine Frage im Zusammenhang mit der Arbeitsmigration selten streng auf den Bereich der Arbeitsmigration beschr\u00e4nkt ist, sondern oft wichtige Aspekte des Steuerrechts und der Sozialversicherung, des Arbeitsrechts und des Gesellschaftsrechts beinhaltet. Unsere Kanzlei hat ein einheitliches, umfassendes Verfahren entwickelt, das es dem Klienten erm\u00f6glicht, sich \u00fcber alle relevanten Aspekte des Themas zu informieren, damit er eine gest\u00fctzte Entscheidung treffen kann. Wir haben auch enge Beziehungen zu befreundeten ausl\u00e4ndischen Anwaltskanzleien aufgebaut, so dass wir unseren Kunden unabh\u00e4ngig von der Gerichtsbarkeit, auf die sich eine bestimmte Frage bezieht, Hilfe anbieten k\u00f6nnen.<\/p>\n<p>Fragen zur Arbeitsmigration beschr\u00e4nken sich nicht nur auf einzelne Branchen oder gro\u00dfe Unternehmen; wir bieten unsere Dienstleistungen in diesem Bereich praktisch allen Branchen an, sowohl lokalen als auch internationalen Klienten, von kleinen Unternehmen mit nur wenigen Angestellten bis hin zu gro\u00dfen Unternehmen mit Tausenden von Mitarbeitern und Einheiten auf der ganzen Welt. <\/p>\n","protected":false},"excerpt":{"rendered":"<p>Die Globalisierung ist in der heutigen Gesellschaft in vollem Gange, so dass die grenz\u00fcberschreitende gesch\u00e4ftliche Zusammenarbeit zwischen Unternehmen zur Selbstverst\u00e4ndlichkeit geworden ist. Um das volle Potenzial ihrer Mitarbeiter zu erreichen, setzen viele Unternehmen auf globale Mobilit\u00e4t und entsenden verschiedene Profile ihrer Mitarbeiter ins Ausland. Gleichzeitig stellen wir jedoch fest, dass die Politik in der Gesetzgebung<\/p>\n","protected":false},"author":6,"featured_media":0,"parent":653,"menu_order":76,"comment_status":"closed","ping_status":"closed","template":"page-templates\/fields-of-work.php","meta":{"_acf_changed":false,"footnotes":""},"class_list":["post-5049","page","type-page","status-publish","hentry"],"acf":[],"yoast_head":"<!-- This site is optimized with the Yoast SEO plugin v27.4 - https:\/\/yoast.com\/product\/yoast-seo-wordpress\/ -->\n<title>Migration - Jadek &amp; Pensa<\/title>\n<meta name=\"robots\" content=\"index, follow, max-snippet:-1, max-image-preview:large, max-video-preview:-1\" \/>\n<link rel=\"canonical\" href=\"https:\/\/jadek-pensa.si\/de\/arbeitsfelder\/migration\/\" \/>\n<meta property=\"og:locale\" content=\"de_DE\" \/>\n<meta property=\"og:type\" content=\"article\" \/>\n<meta property=\"og:title\" content=\"Migration - Jadek &amp; Pensa\" \/>\n<meta property=\"og:description\" content=\"Die Globalisierung ist in der heutigen Gesellschaft in vollem Gange, so dass die grenz\u00fcberschreitende gesch\u00e4ftliche Zusammenarbeit zwischen Unternehmen zur Selbstverst\u00e4ndlichkeit geworden ist. Um das volle Potenzial ihrer Mitarbeiter zu erreichen, setzen viele Unternehmen auf globale Mobilit\u00e4t und entsenden verschiedene Profile ihrer Mitarbeiter ins Ausland. Gleichzeitig stellen wir jedoch fest, dass die Politik in der Gesetzgebung\" \/>\n<meta property=\"og:url\" content=\"https:\/\/jadek-pensa.si\/de\/arbeitsfelder\/migration\/\" \/>\n<meta property=\"og:site_name\" content=\"Jadek &amp; Pensa\" \/>\n<meta property=\"article:modified_time\" content=\"2020-02-11T09:40:21+00:00\" \/>\n<meta property=\"og:image\" content=\"https:\/\/jadek-pensa.si\/wp-content\/uploads\/2024\/12\/social-image-scaled.jpg\" \/>\n\t<meta property=\"og:image:width\" content=\"2560\" \/>\n\t<meta property=\"og:image:height\" content=\"1440\" \/>\n\t<meta property=\"og:image:type\" content=\"image\/jpeg\" \/>\n<meta name=\"twitter:card\" content=\"summary_large_image\" \/>\n<meta name=\"twitter:label1\" content=\"Gesch\u00e4tzte Lesezeit\" \/>\n\t<meta name=\"twitter:data1\" content=\"2\u00a0Minuten\" \/>\n<script type=\"application\/ld+json\" class=\"yoast-schema-graph\">{\"@context\":\"https:\\\/\\\/schema.org\",\"@graph\":[{\"@type\":\"WebPage\",\"@id\":\"https:\\\/\\\/jadek-pensa.si\\\/de\\\/arbeitsfelder\\\/migration\\\/\",\"url\":\"https:\\\/\\\/jadek-pensa.si\\\/de\\\/arbeitsfelder\\\/migration\\\/\",\"name\":\"Migration - Jadek &amp; Pensa\",\"isPartOf\":{\"@id\":\"https:\\\/\\\/www.jadek-pensa.si\\\/de\\\/#website\"},\"datePublished\":\"2020-01-30T09:36:00+00:00\",\"dateModified\":\"2020-02-11T09:40:21+00:00\",\"breadcrumb\":{\"@id\":\"https:\\\/\\\/jadek-pensa.si\\\/de\\\/arbeitsfelder\\\/migration\\\/#breadcrumb\"},\"inLanguage\":\"de\",\"potentialAction\":[{\"@type\":\"ReadAction\",\"target\":[\"https:\\\/\\\/jadek-pensa.si\\\/de\\\/arbeitsfelder\\\/migration\\\/\"]}]},{\"@type\":\"BreadcrumbList\",\"@id\":\"https:\\\/\\\/jadek-pensa.si\\\/de\\\/arbeitsfelder\\\/migration\\\/#breadcrumb\",\"itemListElement\":[{\"@type\":\"ListItem\",\"position\":1,\"name\":\"Home\",\"item\":\"https:\\\/\\\/www.jadek-pensa.si\\\/de\\\/\"},{\"@type\":\"ListItem\",\"position\":2,\"name\":\"Arbeitsfelder\",\"item\":\"https:\\\/\\\/www.jadek-pensa.si\\\/de\\\/arbeitsfelder\\\/\"},{\"@type\":\"ListItem\",\"position\":3,\"name\":\"Migration\"}]},{\"@type\":\"WebSite\",\"@id\":\"https:\\\/\\\/www.jadek-pensa.si\\\/de\\\/#website\",\"url\":\"https:\\\/\\\/www.jadek-pensa.si\\\/de\\\/\",\"name\":\"Jadek &amp; Pensa\",\"description\":\"\",\"potentialAction\":[{\"@type\":\"SearchAction\",\"target\":{\"@type\":\"EntryPoint\",\"urlTemplate\":\"https:\\\/\\\/www.jadek-pensa.si\\\/de\\\/?s={search_term_string}\"},\"query-input\":{\"@type\":\"PropertyValueSpecification\",\"valueRequired\":true,\"valueName\":\"search_term_string\"}}],\"inLanguage\":\"de\"}]}<\/script>\n<!-- \/ Yoast SEO plugin. -->","yoast_head_json":{"title":"Migration - Jadek &amp; Pensa","robots":{"index":"index","follow":"follow","max-snippet":"max-snippet:-1","max-image-preview":"max-image-preview:large","max-video-preview":"max-video-preview:-1"},"canonical":"https:\/\/jadek-pensa.si\/de\/arbeitsfelder\/migration\/","og_locale":"de_DE","og_type":"article","og_title":"Migration - Jadek &amp; Pensa","og_description":"Die Globalisierung ist in der heutigen Gesellschaft in vollem Gange, so dass die grenz\u00fcberschreitende gesch\u00e4ftliche Zusammenarbeit zwischen Unternehmen zur Selbstverst\u00e4ndlichkeit geworden ist. Um das volle Potenzial ihrer Mitarbeiter zu erreichen, setzen viele Unternehmen auf globale Mobilit\u00e4t und entsenden verschiedene Profile ihrer Mitarbeiter ins Ausland. Gleichzeitig stellen wir jedoch fest, dass die Politik in der Gesetzgebung","og_url":"https:\/\/jadek-pensa.si\/de\/arbeitsfelder\/migration\/","og_site_name":"Jadek &amp; Pensa","article_modified_time":"2020-02-11T09:40:21+00:00","og_image":[{"width":2560,"height":1440,"url":"https:\/\/jadek-pensa.si\/wp-content\/uploads\/2024\/12\/social-image-scaled.jpg","type":"image\/jpeg"}],"twitter_card":"summary_large_image","twitter_misc":{"Gesch\u00e4tzte Lesezeit":"2\u00a0Minuten"},"schema":{"@context":"https:\/\/schema.org","@graph":[{"@type":"WebPage","@id":"https:\/\/jadek-pensa.si\/de\/arbeitsfelder\/migration\/","url":"https:\/\/jadek-pensa.si\/de\/arbeitsfelder\/migration\/","name":"Migration - Jadek &amp; Pensa","isPartOf":{"@id":"https:\/\/www.jadek-pensa.si\/de\/#website"},"datePublished":"2020-01-30T09:36:00+00:00","dateModified":"2020-02-11T09:40:21+00:00","breadcrumb":{"@id":"https:\/\/jadek-pensa.si\/de\/arbeitsfelder\/migration\/#breadcrumb"},"inLanguage":"de","potentialAction":[{"@type":"ReadAction","target":["https:\/\/jadek-pensa.si\/de\/arbeitsfelder\/migration\/"]}]},{"@type":"BreadcrumbList","@id":"https:\/\/jadek-pensa.si\/de\/arbeitsfelder\/migration\/#breadcrumb","itemListElement":[{"@type":"ListItem","position":1,"name":"Home","item":"https:\/\/www.jadek-pensa.si\/de\/"},{"@type":"ListItem","position":2,"name":"Arbeitsfelder","item":"https:\/\/www.jadek-pensa.si\/de\/arbeitsfelder\/"},{"@type":"ListItem","position":3,"name":"Migration"}]},{"@type":"WebSite","@id":"https:\/\/www.jadek-pensa.si\/de\/#website","url":"https:\/\/www.jadek-pensa.si\/de\/","name":"Jadek &amp; Pensa","description":"","potentialAction":[{"@type":"SearchAction","target":{"@type":"EntryPoint","urlTemplate":"https:\/\/www.jadek-pensa.si\/de\/?s={search_term_string}"},"query-input":{"@type":"PropertyValueSpecification","valueRequired":true,"valueName":"search_term_string"}}],"inLanguage":"de"}]}},"_links":{"self":[{"href":"https:\/\/jadek-pensa.si\/de\/wp-json\/wp\/v2\/pages\/5049","targetHints":{"allow":["GET"]}}],"collection":[{"href":"https:\/\/jadek-pensa.si\/de\/wp-json\/wp\/v2\/pages"}],"about":[{"href":"https:\/\/jadek-pensa.si\/de\/wp-json\/wp\/v2\/types\/page"}],"author":[{"embeddable":true,"href":"https:\/\/jadek-pensa.si\/de\/wp-json\/wp\/v2\/users\/6"}],"replies":[{"embeddable":true,"href":"https:\/\/jadek-pensa.si\/de\/wp-json\/wp\/v2\/comments?post=5049"}],"version-history":[{"count":0,"href":"https:\/\/jadek-pensa.si\/de\/wp-json\/wp\/v2\/pages\/5049\/revisions"}],"up":[{"embeddable":true,"href":"https:\/\/jadek-pensa.si\/de\/wp-json\/wp\/v2\/pages\/653"}],"wp:attachment":[{"href":"https:\/\/jadek-pensa.si\/de\/wp-json\/wp\/v2\/media?parent=5049"}],"curies":[{"name":"wp","href":"https:\/\/api.w.org\/{rel}","templated":true}]}}