{"id":1474,"date":"2018-02-19T11:56:30","date_gmt":"2018-02-19T11:56:30","guid":{"rendered":"http:\/\/jadek-pensa.si\/\/arbeitsfelder\/komercialne-pogodbe\/"},"modified":"2020-01-08T07:46:01","modified_gmt":"2020-01-08T07:46:01","slug":"handelsvertraege","status":"publish","type":"page","link":"https:\/\/jadek-pensa.si\/de\/arbeitsfelder\/handelsvertraege\/","title":{"rendered":"Handelsvertr\u00e4ge"},"content":{"rendered":"<p>Wir bieten den Kunden Rechtsdienstleistungen im Zusammenhang mit allen Handelsbeziehungen, in die sie treten. Unter anderem beraten wir sie in Verhandlungsverfahren im Zusammenhang mit Handelsvertr\u00e4gen und bei der Erstellung von Entw\u00fcrfen und Unterschriftsfassungen und der allgemeinen Bedingungen. Wir beraten die Kunden auch w\u00e4hrend der Ausf\u00fchrung der Vertr\u00e4ge und bei ihrer Beendigung und im Fall, wenn es zu Streitigkeiten zwischen den Vertragsparteien kommt.<\/p>\n<p>Unsere Kanzlei hat umfangreiche Erfahrungen mit Vertriebs-, Agentur- und Franchise-Verh\u00e4ltnissen und deren Beendigung. Wir beraten die Kunden ebenso regelm\u00e4\u00dfig bei Kaufverh\u00e4ltnissen, B2B und B2C Vertr\u00e4gen, Vertr\u00e4gen \u00fcber den Kauf von Ger\u00e4ten und Maschinen, Dienstleistungsvertr\u00e4gen\/Mandatsvertr\u00e4gen, Lizenzvertr\u00e4gen, Mietvertr\u00e4gen, Pachtvertr\u00e4gen, Vermittlungsvertr\u00e4gen, Vertr\u00e4gen \u00fcber Instandhaltung und Kundendienst nach dem Verkauf, Bauvertr\u00e4gen, Produktgruppenmanagement-Vereinbarungen, Frachtvertr\u00e4gen, Konzessionsvertr\u00e4gen, Vertr\u00e4gen \u00fcber Haltbarmachung und Lagerung, Speditionsvertr\u00e4gen und \u00dcberwachungsvertr\u00e4gen.<\/p>\n","protected":false},"excerpt":{"rendered":"<p>Wir bieten den Kunden Rechtsdienstleistungen im Zusammenhang mit allen Handelsbeziehungen, in die sie treten. Unter anderem beraten wir sie in Verhandlungsverfahren im Zusammenhang mit Handelsvertr\u00e4gen und bei der Erstellung von Entw\u00fcrfen und Unterschriftsfassungen und der allgemeinen Bedingungen. Wir beraten die Kunden auch w\u00e4hrend der Ausf\u00fchrung der Vertr\u00e4ge und bei ihrer Beendigung und im Fall, wenn<\/p>\n","protected":false},"author":8,"featured_media":0,"parent":653,"menu_order":68,"comment_status":"closed","ping_status":"closed","template":"page-templates\/fields-of-work.php","meta":{"_acf_changed":false,"footnotes":""},"class_list":["post-1474","page","type-page","status-publish","hentry"],"acf":[],"yoast_head":"<!-- This site is optimized with the Yoast SEO plugin v27.4 - https:\/\/yoast.com\/product\/yoast-seo-wordpress\/ -->\n<title>Handelsvertr\u00e4ge - Jadek &amp; Pensa<\/title>\n<meta name=\"robots\" content=\"index, follow, max-snippet:-1, max-image-preview:large, max-video-preview:-1\" \/>\n<link rel=\"canonical\" href=\"https:\/\/jadek-pensa.si\/de\/arbeitsfelder\/handelsvertraege\/\" \/>\n<meta property=\"og:locale\" content=\"de_DE\" \/>\n<meta property=\"og:type\" content=\"article\" \/>\n<meta property=\"og:title\" content=\"Handelsvertr\u00e4ge - Jadek &amp; Pensa\" \/>\n<meta property=\"og:description\" content=\"Wir bieten den Kunden Rechtsdienstleistungen im Zusammenhang mit allen Handelsbeziehungen, in die sie treten. Unter anderem beraten wir sie in Verhandlungsverfahren im Zusammenhang mit Handelsvertr\u00e4gen und bei der Erstellung von Entw\u00fcrfen und Unterschriftsfassungen und der allgemeinen Bedingungen. Wir beraten die Kunden auch w\u00e4hrend der Ausf\u00fchrung der Vertr\u00e4ge und bei ihrer Beendigung und im Fall, wenn\" \/>\n<meta property=\"og:url\" content=\"https:\/\/jadek-pensa.si\/de\/arbeitsfelder\/handelsvertraege\/\" \/>\n<meta property=\"og:site_name\" content=\"Jadek &amp; Pensa\" \/>\n<meta property=\"article:modified_time\" content=\"2020-01-08T07:46:01+00:00\" \/>\n<meta property=\"og:image\" content=\"https:\/\/jadek-pensa.si\/wp-content\/uploads\/2024\/12\/social-image-scaled.jpg\" \/>\n\t<meta property=\"og:image:width\" content=\"2560\" \/>\n\t<meta property=\"og:image:height\" content=\"1440\" \/>\n\t<meta property=\"og:image:type\" content=\"image\/jpeg\" \/>\n<meta name=\"twitter:card\" content=\"summary_large_image\" \/>\n<meta name=\"twitter:label1\" content=\"Gesch\u00e4tzte Lesezeit\" \/>\n\t<meta name=\"twitter:data1\" content=\"1\u00a0Minute\" \/>\n<script type=\"application\/ld+json\" class=\"yoast-schema-graph\">{\"@context\":\"https:\\\/\\\/schema.org\",\"@graph\":[{\"@type\":\"WebPage\",\"@id\":\"https:\\\/\\\/jadek-pensa.si\\\/de\\\/arbeitsfelder\\\/handelsvertraege\\\/\",\"url\":\"https:\\\/\\\/jadek-pensa.si\\\/de\\\/arbeitsfelder\\\/handelsvertraege\\\/\",\"name\":\"Handelsvertr\u00e4ge - Jadek &amp; Pensa\",\"isPartOf\":{\"@id\":\"https:\\\/\\\/www.jadek-pensa.si\\\/de\\\/#website\"},\"datePublished\":\"2018-02-19T11:56:30+00:00\",\"dateModified\":\"2020-01-08T07:46:01+00:00\",\"breadcrumb\":{\"@id\":\"https:\\\/\\\/jadek-pensa.si\\\/de\\\/arbeitsfelder\\\/handelsvertraege\\\/#breadcrumb\"},\"inLanguage\":\"de\",\"potentialAction\":[{\"@type\":\"ReadAction\",\"target\":[\"https:\\\/\\\/jadek-pensa.si\\\/de\\\/arbeitsfelder\\\/handelsvertraege\\\/\"]}]},{\"@type\":\"BreadcrumbList\",\"@id\":\"https:\\\/\\\/jadek-pensa.si\\\/de\\\/arbeitsfelder\\\/handelsvertraege\\\/#breadcrumb\",\"itemListElement\":[{\"@type\":\"ListItem\",\"position\":1,\"name\":\"Home\",\"item\":\"https:\\\/\\\/www.jadek-pensa.si\\\/de\\\/\"},{\"@type\":\"ListItem\",\"position\":2,\"name\":\"Arbeitsfelder\",\"item\":\"https:\\\/\\\/www.jadek-pensa.si\\\/de\\\/arbeitsfelder\\\/\"},{\"@type\":\"ListItem\",\"position\":3,\"name\":\"Handelsvertr\u00e4ge\"}]},{\"@type\":\"WebSite\",\"@id\":\"https:\\\/\\\/www.jadek-pensa.si\\\/de\\\/#website\",\"url\":\"https:\\\/\\\/www.jadek-pensa.si\\\/de\\\/\",\"name\":\"Jadek &amp; Pensa\",\"description\":\"\",\"potentialAction\":[{\"@type\":\"SearchAction\",\"target\":{\"@type\":\"EntryPoint\",\"urlTemplate\":\"https:\\\/\\\/www.jadek-pensa.si\\\/de\\\/?s={search_term_string}\"},\"query-input\":{\"@type\":\"PropertyValueSpecification\",\"valueRequired\":true,\"valueName\":\"search_term_string\"}}],\"inLanguage\":\"de\"}]}<\/script>\n<!-- \/ Yoast SEO plugin. -->","yoast_head_json":{"title":"Handelsvertr\u00e4ge - Jadek &amp; Pensa","robots":{"index":"index","follow":"follow","max-snippet":"max-snippet:-1","max-image-preview":"max-image-preview:large","max-video-preview":"max-video-preview:-1"},"canonical":"https:\/\/jadek-pensa.si\/de\/arbeitsfelder\/handelsvertraege\/","og_locale":"de_DE","og_type":"article","og_title":"Handelsvertr\u00e4ge - Jadek &amp; Pensa","og_description":"Wir bieten den Kunden Rechtsdienstleistungen im Zusammenhang mit allen Handelsbeziehungen, in die sie treten. Unter anderem beraten wir sie in Verhandlungsverfahren im Zusammenhang mit Handelsvertr\u00e4gen und bei der Erstellung von Entw\u00fcrfen und Unterschriftsfassungen und der allgemeinen Bedingungen. Wir beraten die Kunden auch w\u00e4hrend der Ausf\u00fchrung der Vertr\u00e4ge und bei ihrer Beendigung und im Fall, wenn","og_url":"https:\/\/jadek-pensa.si\/de\/arbeitsfelder\/handelsvertraege\/","og_site_name":"Jadek &amp; Pensa","article_modified_time":"2020-01-08T07:46:01+00:00","og_image":[{"width":2560,"height":1440,"url":"https:\/\/jadek-pensa.si\/wp-content\/uploads\/2024\/12\/social-image-scaled.jpg","type":"image\/jpeg"}],"twitter_card":"summary_large_image","twitter_misc":{"Gesch\u00e4tzte Lesezeit":"1\u00a0Minute"},"schema":{"@context":"https:\/\/schema.org","@graph":[{"@type":"WebPage","@id":"https:\/\/jadek-pensa.si\/de\/arbeitsfelder\/handelsvertraege\/","url":"https:\/\/jadek-pensa.si\/de\/arbeitsfelder\/handelsvertraege\/","name":"Handelsvertr\u00e4ge - Jadek &amp; Pensa","isPartOf":{"@id":"https:\/\/www.jadek-pensa.si\/de\/#website"},"datePublished":"2018-02-19T11:56:30+00:00","dateModified":"2020-01-08T07:46:01+00:00","breadcrumb":{"@id":"https:\/\/jadek-pensa.si\/de\/arbeitsfelder\/handelsvertraege\/#breadcrumb"},"inLanguage":"de","potentialAction":[{"@type":"ReadAction","target":["https:\/\/jadek-pensa.si\/de\/arbeitsfelder\/handelsvertraege\/"]}]},{"@type":"BreadcrumbList","@id":"https:\/\/jadek-pensa.si\/de\/arbeitsfelder\/handelsvertraege\/#breadcrumb","itemListElement":[{"@type":"ListItem","position":1,"name":"Home","item":"https:\/\/www.jadek-pensa.si\/de\/"},{"@type":"ListItem","position":2,"name":"Arbeitsfelder","item":"https:\/\/www.jadek-pensa.si\/de\/arbeitsfelder\/"},{"@type":"ListItem","position":3,"name":"Handelsvertr\u00e4ge"}]},{"@type":"WebSite","@id":"https:\/\/www.jadek-pensa.si\/de\/#website","url":"https:\/\/www.jadek-pensa.si\/de\/","name":"Jadek &amp; Pensa","description":"","potentialAction":[{"@type":"SearchAction","target":{"@type":"EntryPoint","urlTemplate":"https:\/\/www.jadek-pensa.si\/de\/?s={search_term_string}"},"query-input":{"@type":"PropertyValueSpecification","valueRequired":true,"valueName":"search_term_string"}}],"inLanguage":"de"}]}},"_links":{"self":[{"href":"https:\/\/jadek-pensa.si\/de\/wp-json\/wp\/v2\/pages\/1474","targetHints":{"allow":["GET"]}}],"collection":[{"href":"https:\/\/jadek-pensa.si\/de\/wp-json\/wp\/v2\/pages"}],"about":[{"href":"https:\/\/jadek-pensa.si\/de\/wp-json\/wp\/v2\/types\/page"}],"author":[{"embeddable":true,"href":"https:\/\/jadek-pensa.si\/de\/wp-json\/wp\/v2\/users\/8"}],"replies":[{"embeddable":true,"href":"https:\/\/jadek-pensa.si\/de\/wp-json\/wp\/v2\/comments?post=1474"}],"version-history":[{"count":0,"href":"https:\/\/jadek-pensa.si\/de\/wp-json\/wp\/v2\/pages\/1474\/revisions"}],"up":[{"embeddable":true,"href":"https:\/\/jadek-pensa.si\/de\/wp-json\/wp\/v2\/pages\/653"}],"wp:attachment":[{"href":"https:\/\/jadek-pensa.si\/de\/wp-json\/wp\/v2\/media?parent=1474"}],"curies":[{"name":"wp","href":"https:\/\/api.w.org\/{rel}","templated":true}]}}