{"id":1454,"date":"2018-02-19T11:48:06","date_gmt":"2018-02-19T11:48:06","guid":{"rendered":"http:\/\/jadek-pensa.si\/\/arbeitsfelder\/energetika\/"},"modified":"2019-02-12T08:42:15","modified_gmt":"2019-02-12T08:42:15","slug":"energiewirtschaft","status":"publish","type":"page","link":"https:\/\/jadek-pensa.si\/de\/arbeitsfelder\/energiewirtschaft\/","title":{"rendered":"Energiewirtschaft"},"content":{"rendered":"<p>Wir betrachten Energiewirtschaft als ein der Gebiete, die in der Zukunft am meisten die Entwicklung der Menschheit beeintr\u00e4chtigen werden, deswegen hat Energiewirtschaftsrecht eine wichtige Rolle in unserer Kanzlei. Wegen technologischer Fortschritt, st\u00e4ndiger politischen \u00c4nderungen und \u00c4nderungen der Energiepolitiken sowie auch der traditionell \u00fcberdurchschnittlichen Nummer der Gesetzes\u00e4nderungen, sowohl auf EU-Ebene als auch auf nationaler Ebene, geht es um einen der meist dynamischen Wirtschaftssektoren. Wir sind uns bewusst, dass all dies die Unternehmen, die in diesem Sektor t\u00e4tig sind, st\u00e4ndig vor neue Rechtsherausforderungen stellt.<\/p>\n<p><span lang=\"DE\">Im Bereich des Energiewirtschaftsrechts beraten wir Kunden im Zusammenhang mit\u00a0unterschiedlichsten rechtlichen Fragen, die mit Regulierungsaspekten der Durchf\u00fchrung von individuellen energiewirtschaftlichen T\u00e4tigkeiten, Vertragsverh\u00e4ltnissen in Energiewirtschaft, Produktion, Lieferung und Handlung mit Energieprodukten, Zugang zum Netz usw. verbunden sind. Wir bieten den Kunden auch Rechtsunterst\u00fctzung bei Planung und Durchf\u00fchrung von Energieinfrastrukturvorhaben.<\/span><\/p>\n<p><span lang=\"DE\">Damit, als wir 2010 zum Mitglied der Organisation <i>Associated European Energy Consultants<\/i>(AEEC, <a href=\"http:\/\/www.aeec-online.com\/\">www.aeec-online.com<\/a>), einer internationalen Vereinigung anerkannter Rechts- und sonstigen Experten im Bereich der Energiewirtschaft geworden sind, wird unseren Kunden, die im Ausland t\u00e4tig sind, einfacher Zugang zur hochwertigen Rechtsunterst\u00fctzung auch in anderen europ\u00e4ischen L\u00e4ndern erm\u00f6glicht.<\/span><\/p>\n","protected":false},"excerpt":{"rendered":"<p>Wir betrachten Energiewirtschaft als ein der Gebiete, die in der Zukunft am meisten die Entwicklung der Menschheit beeintr\u00e4chtigen werden, deswegen hat Energiewirtschaftsrecht eine wichtige Rolle in unserer Kanzlei. Wegen technologischer Fortschritt, st\u00e4ndiger politischen \u00c4nderungen und \u00c4nderungen der Energiepolitiken sowie auch der traditionell \u00fcberdurchschnittlichen Nummer der Gesetzes\u00e4nderungen, sowohl auf EU-Ebene als auch auf nationaler Ebene, geht<\/p>\n","protected":false},"author":8,"featured_media":0,"parent":653,"menu_order":34,"comment_status":"closed","ping_status":"closed","template":"page-templates\/fields-of-work.php","meta":{"_acf_changed":false,"footnotes":""},"class_list":["post-1454","page","type-page","status-publish","hentry"],"acf":[],"yoast_head":"<!-- This site is optimized with the Yoast SEO plugin v27.2 - https:\/\/yoast.com\/product\/yoast-seo-wordpress\/ -->\n<title>Energiewirtschaft - Jadek &amp; Pensa<\/title>\n<meta name=\"robots\" content=\"index, follow, max-snippet:-1, max-image-preview:large, max-video-preview:-1\" \/>\n<link rel=\"canonical\" href=\"https:\/\/jadek-pensa.si\/de\/arbeitsfelder\/energiewirtschaft\/\" \/>\n<meta property=\"og:locale\" content=\"de_DE\" \/>\n<meta property=\"og:type\" content=\"article\" \/>\n<meta property=\"og:title\" content=\"Energiewirtschaft - Jadek &amp; Pensa\" \/>\n<meta property=\"og:description\" content=\"Wir betrachten Energiewirtschaft als ein der Gebiete, die in der Zukunft am meisten die Entwicklung der Menschheit beeintr\u00e4chtigen werden, deswegen hat Energiewirtschaftsrecht eine wichtige Rolle in unserer Kanzlei. Wegen technologischer Fortschritt, st\u00e4ndiger politischen \u00c4nderungen und \u00c4nderungen der Energiepolitiken sowie auch der traditionell \u00fcberdurchschnittlichen Nummer der Gesetzes\u00e4nderungen, sowohl auf EU-Ebene als auch auf nationaler Ebene, geht\" \/>\n<meta property=\"og:url\" content=\"https:\/\/jadek-pensa.si\/de\/arbeitsfelder\/energiewirtschaft\/\" \/>\n<meta property=\"og:site_name\" content=\"Jadek &amp; Pensa\" \/>\n<meta property=\"article:modified_time\" content=\"2019-02-12T08:42:15+00:00\" \/>\n<meta property=\"og:image\" content=\"https:\/\/jadek-pensa.si\/wp-content\/uploads\/2024\/12\/social-image-scaled.jpg\" \/>\n\t<meta property=\"og:image:width\" content=\"2560\" \/>\n\t<meta property=\"og:image:height\" content=\"1440\" \/>\n\t<meta property=\"og:image:type\" content=\"image\/jpeg\" \/>\n<meta name=\"twitter:card\" content=\"summary_large_image\" \/>\n<meta name=\"twitter:label1\" content=\"Est. reading time\" \/>\n\t<meta name=\"twitter:data1\" content=\"1 minute\" \/>\n<script type=\"application\/ld+json\" class=\"yoast-schema-graph\">{\"@context\":\"https:\/\/schema.org\",\"@graph\":[{\"@type\":\"WebPage\",\"@id\":\"https:\/\/jadek-pensa.si\/de\/arbeitsfelder\/energiewirtschaft\/\",\"url\":\"https:\/\/jadek-pensa.si\/de\/arbeitsfelder\/energiewirtschaft\/\",\"name\":\"Energiewirtschaft - Jadek &amp; Pensa\",\"isPartOf\":{\"@id\":\"https:\/\/www.jadek-pensa.si\/de\/#website\"},\"datePublished\":\"2018-02-19T11:48:06+00:00\",\"dateModified\":\"2019-02-12T08:42:15+00:00\",\"breadcrumb\":{\"@id\":\"https:\/\/jadek-pensa.si\/de\/arbeitsfelder\/energiewirtschaft\/#breadcrumb\"},\"inLanguage\":\"de-DE\",\"potentialAction\":[{\"@type\":\"ReadAction\",\"target\":[\"https:\/\/jadek-pensa.si\/de\/arbeitsfelder\/energiewirtschaft\/\"]}]},{\"@type\":\"BreadcrumbList\",\"@id\":\"https:\/\/jadek-pensa.si\/de\/arbeitsfelder\/energiewirtschaft\/#breadcrumb\",\"itemListElement\":[{\"@type\":\"ListItem\",\"position\":1,\"name\":\"Home\",\"item\":\"https:\/\/www.jadek-pensa.si\/de\/\"},{\"@type\":\"ListItem\",\"position\":2,\"name\":\"Arbeitsfelder\",\"item\":\"https:\/\/www.jadek-pensa.si\/de\/arbeitsfelder\/\"},{\"@type\":\"ListItem\",\"position\":3,\"name\":\"Energiewirtschaft\"}]},{\"@type\":\"WebSite\",\"@id\":\"https:\/\/www.jadek-pensa.si\/de\/#website\",\"url\":\"https:\/\/www.jadek-pensa.si\/de\/\",\"name\":\"Jadek &amp; Pensa\",\"description\":\"\",\"potentialAction\":[{\"@type\":\"SearchAction\",\"target\":{\"@type\":\"EntryPoint\",\"urlTemplate\":\"https:\/\/www.jadek-pensa.si\/de\/?s={search_term_string}\"},\"query-input\":{\"@type\":\"PropertyValueSpecification\",\"valueRequired\":true,\"valueName\":\"search_term_string\"}}],\"inLanguage\":\"de-DE\"}]}<\/script>\n<!-- \/ Yoast SEO plugin. -->","yoast_head_json":{"title":"Energiewirtschaft - Jadek &amp; Pensa","robots":{"index":"index","follow":"follow","max-snippet":"max-snippet:-1","max-image-preview":"max-image-preview:large","max-video-preview":"max-video-preview:-1"},"canonical":"https:\/\/jadek-pensa.si\/de\/arbeitsfelder\/energiewirtschaft\/","og_locale":"de_DE","og_type":"article","og_title":"Energiewirtschaft - Jadek &amp; Pensa","og_description":"Wir betrachten Energiewirtschaft als ein der Gebiete, die in der Zukunft am meisten die Entwicklung der Menschheit beeintr\u00e4chtigen werden, deswegen hat Energiewirtschaftsrecht eine wichtige Rolle in unserer Kanzlei. Wegen technologischer Fortschritt, st\u00e4ndiger politischen \u00c4nderungen und \u00c4nderungen der Energiepolitiken sowie auch der traditionell \u00fcberdurchschnittlichen Nummer der Gesetzes\u00e4nderungen, sowohl auf EU-Ebene als auch auf nationaler Ebene, geht","og_url":"https:\/\/jadek-pensa.si\/de\/arbeitsfelder\/energiewirtschaft\/","og_site_name":"Jadek &amp; Pensa","article_modified_time":"2019-02-12T08:42:15+00:00","og_image":[{"width":2560,"height":1440,"url":"https:\/\/jadek-pensa.si\/wp-content\/uploads\/2024\/12\/social-image-scaled.jpg","type":"image\/jpeg"}],"twitter_card":"summary_large_image","twitter_misc":{"Est. reading time":"1 minute"},"schema":{"@context":"https:\/\/schema.org","@graph":[{"@type":"WebPage","@id":"https:\/\/jadek-pensa.si\/de\/arbeitsfelder\/energiewirtschaft\/","url":"https:\/\/jadek-pensa.si\/de\/arbeitsfelder\/energiewirtschaft\/","name":"Energiewirtschaft - Jadek &amp; Pensa","isPartOf":{"@id":"https:\/\/www.jadek-pensa.si\/de\/#website"},"datePublished":"2018-02-19T11:48:06+00:00","dateModified":"2019-02-12T08:42:15+00:00","breadcrumb":{"@id":"https:\/\/jadek-pensa.si\/de\/arbeitsfelder\/energiewirtschaft\/#breadcrumb"},"inLanguage":"de-DE","potentialAction":[{"@type":"ReadAction","target":["https:\/\/jadek-pensa.si\/de\/arbeitsfelder\/energiewirtschaft\/"]}]},{"@type":"BreadcrumbList","@id":"https:\/\/jadek-pensa.si\/de\/arbeitsfelder\/energiewirtschaft\/#breadcrumb","itemListElement":[{"@type":"ListItem","position":1,"name":"Home","item":"https:\/\/www.jadek-pensa.si\/de\/"},{"@type":"ListItem","position":2,"name":"Arbeitsfelder","item":"https:\/\/www.jadek-pensa.si\/de\/arbeitsfelder\/"},{"@type":"ListItem","position":3,"name":"Energiewirtschaft"}]},{"@type":"WebSite","@id":"https:\/\/www.jadek-pensa.si\/de\/#website","url":"https:\/\/www.jadek-pensa.si\/de\/","name":"Jadek &amp; Pensa","description":"","potentialAction":[{"@type":"SearchAction","target":{"@type":"EntryPoint","urlTemplate":"https:\/\/www.jadek-pensa.si\/de\/?s={search_term_string}"},"query-input":{"@type":"PropertyValueSpecification","valueRequired":true,"valueName":"search_term_string"}}],"inLanguage":"de-DE"}]}},"_links":{"self":[{"href":"https:\/\/jadek-pensa.si\/de\/wp-json\/wp\/v2\/pages\/1454","targetHints":{"allow":["GET"]}}],"collection":[{"href":"https:\/\/jadek-pensa.si\/de\/wp-json\/wp\/v2\/pages"}],"about":[{"href":"https:\/\/jadek-pensa.si\/de\/wp-json\/wp\/v2\/types\/page"}],"author":[{"embeddable":true,"href":"https:\/\/jadek-pensa.si\/de\/wp-json\/wp\/v2\/users\/8"}],"replies":[{"embeddable":true,"href":"https:\/\/jadek-pensa.si\/de\/wp-json\/wp\/v2\/comments?post=1454"}],"version-history":[{"count":0,"href":"https:\/\/jadek-pensa.si\/de\/wp-json\/wp\/v2\/pages\/1454\/revisions"}],"up":[{"embeddable":true,"href":"https:\/\/jadek-pensa.si\/de\/wp-json\/wp\/v2\/pages\/653"}],"wp:attachment":[{"href":"https:\/\/jadek-pensa.si\/de\/wp-json\/wp\/v2\/media?parent=1454"}],"curies":[{"name":"wp","href":"https:\/\/api.w.org\/{rel}","templated":true}]}}