{"id":1326,"date":"2017-12-12T08:44:51","date_gmt":"2017-12-12T08:44:51","guid":{"rendered":"http:\/\/jadek-pensa.si\/\/arbeitsfelder\/konkurencno-pravo\/"},"modified":"2020-01-08T07:42:35","modified_gmt":"2020-01-08T07:42:35","slug":"wettbewerbsrecht","status":"publish","type":"page","link":"https:\/\/jadek-pensa.si\/de\/arbeitsfelder\/wettbewerbsrecht\/","title":{"rendered":"Wettbewerbsrecht"},"content":{"rendered":"<p>Die Einhaltung der Regel des Wettbewerbsrechts ist eine der grundlegenden Verpflichtungen des Unternehmens beim Zugang zum Arbeitsmarkt, da eine Verletzung von Wettbewerbsvorschriften sehr verheerende Folgen f\u00fcr den Rechtsverletzer haben kann (sowohl in der Form einer Zahlung von hohen Bu\u00dfgeldern als auch z.B. die Aufnahme in die sog. schwarze Liste, was dem Unternehmen das Auftreten in \u00f6ffentlichen Ausschreibungen verhindern kann).<\/p>\n<p><span lang=\"DE\">Wir bieten unseren Kunden vollst\u00e4ndige Dienstleistungen im Gebiet des Wettbewerbsrechts an. Unter anderen, beraten wir sie bei der Regulierung von Vertragsverh\u00e4ltnissen mit ihren Vertragspartnern (Lieferanten, K\u00e4ufer, H\u00e4ndler) und bei der Regulierung der kooperativen Beziehungen mit ihren Konkurrenten (z.B. gemeinsames Angebot von Unternehmen, die sonst Konkurrenten sind; Vereinbarungen \u00fcber Spezialisierung, gemeinsame Produktion, gemeinsamer Einkauf, also Beratung bei sog. horizontalen Verh\u00e4ltnissen). Wir beraten Kunden auch in Bezug auf die \u00dcbereinstimmung mit\u00a0dem Wettbewerbsrecht bei ihrem Betrieb. Wir bereiten interne Dokumente f\u00fcr mit dem Wettbewerbsrecht vereinbares Handeln der Angestellten in der t\u00e4glichen Aus\u00fcbung ihrer T\u00e4tigkeit vor, f\u00fchren allgemeine und berufliche Weiterbildung der Angestellten \u00fcber Wettbewerbsrecht durch und leisten Beratung \u00fcber Rabattpolitik und Bonussystem.<\/span><\/p>\n<p>Unsere Kanzlei hat auch umfangreiche Erfahrungen mit Beratung der Kunden \u00fcber wettbewerbsrechtliche Aspekte in Fusionen- und \u00dcbernahmeverfahren (M&amp;A). Unter anderem beraten wir die Kunden \u00fcber die mit dem Wettbewerbsrecht vereinbare Organisation der Sorgfaltspr\u00fcfungen, \u00fcber zul\u00e4ssige wettbewerbrechtliche Beschr\u00e4nkungen in Transaktionsdokumenten, wir beraten und vertreten Kunden auch bei der Anmeldung von Zusammenschl\u00fcssen bei der \u00d6ffentlichen Agentur der Republik Slowenien f\u00fcr den Schutz des Wettbewerbs, wir sind als lokale Berater an Anmeldung von Zusammenschl\u00fcssen bei der Europ\u00e4ischen Kommission beteiligt und koordinieren Anmeldungen in zahlreichen ausl\u00e4ndischen Rechtsordnungen.<\/p>\n<p>Wir beraten und vertreten Kunden sowohl vor der \u00d6ffentlichen Agentur der Republik Slowenien f\u00fcr den Schutz des Wettbewerbs und der Europ\u00e4ischen Kommission als auch vor den Gerichten (unter anderem in Verfahren wegen privatrechtlicher Schadensersatzklagen aufgrund der Verletzungen des Wettbewerbsrechts).<\/p>\n<p>Wir besitzen umfangreiche Kenntnisse und Erfahrungen auch im Gebiet der Rechtsvorschriften \u00fcber staatliche Beihilfen. Den Kunden unter staatlicher Kontrolle helfen wir, die Einhaltung mit den Rechtsvorschriften \u00fcber staatliche Beihilfen zu gew\u00e4hrleisten (z.B. Rekapitalisierungen durch staatliche Unternehmen, Privatisierungsverfahren) und beraten Kunden, die Empf\u00e4nger staatlicher Zuwendungen sind, um die Risiken der Gew\u00e4hrung von unvereinbaren staatlichen Beihilfen zu beseitigen. Wir haben auch umfangreiche Erfahrungen mit Beratung und Vertretung der Kunden in formalen und informellen Pr\u00fcfverfahren durch die Europ\u00e4ische Kommission aufgrund eines Verdachts der Gew\u00e4hrung von rechtswidrigen staatlichen Beihilfen sowie auch mit der Vertretung der Kunden vor dem Gericht in Luxemburg.<\/p>\n","protected":false},"excerpt":{"rendered":"<p>Die Einhaltung der Regel des Wettbewerbsrechts ist eine der grundlegenden Verpflichtungen des Unternehmens beim Zugang zum Arbeitsmarkt, da eine Verletzung von Wettbewerbsvorschriften sehr verheerende Folgen f\u00fcr den Rechtsverletzer haben kann (sowohl in der Form einer Zahlung von hohen Bu\u00dfgeldern als auch z.B. die Aufnahme in die sog. schwarze Liste, was dem Unternehmen das Auftreten in<\/p>\n","protected":false},"author":8,"featured_media":0,"parent":653,"menu_order":69,"comment_status":"closed","ping_status":"closed","template":"page-templates\/fields-of-work.php","meta":{"_acf_changed":false,"footnotes":""},"class_list":["post-1326","page","type-page","status-publish","hentry"],"acf":[],"yoast_head":"<!-- This site is optimized with the Yoast SEO plugin v27.2 - https:\/\/yoast.com\/product\/yoast-seo-wordpress\/ -->\n<title>Wettbewerbsrecht - Jadek &amp; Pensa<\/title>\n<meta name=\"robots\" content=\"index, follow, max-snippet:-1, max-image-preview:large, max-video-preview:-1\" \/>\n<link rel=\"canonical\" href=\"https:\/\/jadek-pensa.si\/de\/arbeitsfelder\/wettbewerbsrecht\/\" \/>\n<meta property=\"og:locale\" content=\"de_DE\" \/>\n<meta property=\"og:type\" content=\"article\" \/>\n<meta property=\"og:title\" content=\"Wettbewerbsrecht - Jadek &amp; Pensa\" \/>\n<meta property=\"og:description\" content=\"Die Einhaltung der Regel des Wettbewerbsrechts ist eine der grundlegenden Verpflichtungen des Unternehmens beim Zugang zum Arbeitsmarkt, da eine Verletzung von Wettbewerbsvorschriften sehr verheerende Folgen f\u00fcr den Rechtsverletzer haben kann (sowohl in der Form einer Zahlung von hohen Bu\u00dfgeldern als auch z.B. die Aufnahme in die sog. schwarze Liste, was dem Unternehmen das Auftreten in\" \/>\n<meta property=\"og:url\" content=\"https:\/\/jadek-pensa.si\/de\/arbeitsfelder\/wettbewerbsrecht\/\" \/>\n<meta property=\"og:site_name\" content=\"Jadek &amp; Pensa\" \/>\n<meta property=\"article:modified_time\" content=\"2020-01-08T07:42:35+00:00\" \/>\n<meta property=\"og:image\" content=\"https:\/\/jadek-pensa.si\/wp-content\/uploads\/2024\/12\/social-image-scaled.jpg\" \/>\n\t<meta property=\"og:image:width\" content=\"2560\" \/>\n\t<meta property=\"og:image:height\" content=\"1440\" \/>\n\t<meta property=\"og:image:type\" content=\"image\/jpeg\" \/>\n<meta name=\"twitter:card\" content=\"summary_large_image\" \/>\n<meta name=\"twitter:label1\" content=\"Est. reading time\" \/>\n\t<meta name=\"twitter:data1\" content=\"2 minutes\" \/>\n<script type=\"application\/ld+json\" class=\"yoast-schema-graph\">{\"@context\":\"https:\/\/schema.org\",\"@graph\":[{\"@type\":\"WebPage\",\"@id\":\"https:\/\/jadek-pensa.si\/de\/arbeitsfelder\/wettbewerbsrecht\/\",\"url\":\"https:\/\/jadek-pensa.si\/de\/arbeitsfelder\/wettbewerbsrecht\/\",\"name\":\"Wettbewerbsrecht - Jadek &amp; Pensa\",\"isPartOf\":{\"@id\":\"https:\/\/www.jadek-pensa.si\/de\/#website\"},\"datePublished\":\"2017-12-12T08:44:51+00:00\",\"dateModified\":\"2020-01-08T07:42:35+00:00\",\"breadcrumb\":{\"@id\":\"https:\/\/jadek-pensa.si\/de\/arbeitsfelder\/wettbewerbsrecht\/#breadcrumb\"},\"inLanguage\":\"de-DE\",\"potentialAction\":[{\"@type\":\"ReadAction\",\"target\":[\"https:\/\/jadek-pensa.si\/de\/arbeitsfelder\/wettbewerbsrecht\/\"]}]},{\"@type\":\"BreadcrumbList\",\"@id\":\"https:\/\/jadek-pensa.si\/de\/arbeitsfelder\/wettbewerbsrecht\/#breadcrumb\",\"itemListElement\":[{\"@type\":\"ListItem\",\"position\":1,\"name\":\"Home\",\"item\":\"https:\/\/www.jadek-pensa.si\/de\/\"},{\"@type\":\"ListItem\",\"position\":2,\"name\":\"Arbeitsfelder\",\"item\":\"https:\/\/www.jadek-pensa.si\/de\/arbeitsfelder\/\"},{\"@type\":\"ListItem\",\"position\":3,\"name\":\"Wettbewerbsrecht\"}]},{\"@type\":\"WebSite\",\"@id\":\"https:\/\/www.jadek-pensa.si\/de\/#website\",\"url\":\"https:\/\/www.jadek-pensa.si\/de\/\",\"name\":\"Jadek &amp; Pensa\",\"description\":\"\",\"potentialAction\":[{\"@type\":\"SearchAction\",\"target\":{\"@type\":\"EntryPoint\",\"urlTemplate\":\"https:\/\/www.jadek-pensa.si\/de\/?s={search_term_string}\"},\"query-input\":{\"@type\":\"PropertyValueSpecification\",\"valueRequired\":true,\"valueName\":\"search_term_string\"}}],\"inLanguage\":\"de-DE\"}]}<\/script>\n<!-- \/ Yoast SEO plugin. -->","yoast_head_json":{"title":"Wettbewerbsrecht - Jadek &amp; Pensa","robots":{"index":"index","follow":"follow","max-snippet":"max-snippet:-1","max-image-preview":"max-image-preview:large","max-video-preview":"max-video-preview:-1"},"canonical":"https:\/\/jadek-pensa.si\/de\/arbeitsfelder\/wettbewerbsrecht\/","og_locale":"de_DE","og_type":"article","og_title":"Wettbewerbsrecht - Jadek &amp; Pensa","og_description":"Die Einhaltung der Regel des Wettbewerbsrechts ist eine der grundlegenden Verpflichtungen des Unternehmens beim Zugang zum Arbeitsmarkt, da eine Verletzung von Wettbewerbsvorschriften sehr verheerende Folgen f\u00fcr den Rechtsverletzer haben kann (sowohl in der Form einer Zahlung von hohen Bu\u00dfgeldern als auch z.B. die Aufnahme in die sog. schwarze Liste, was dem Unternehmen das Auftreten in","og_url":"https:\/\/jadek-pensa.si\/de\/arbeitsfelder\/wettbewerbsrecht\/","og_site_name":"Jadek &amp; Pensa","article_modified_time":"2020-01-08T07:42:35+00:00","og_image":[{"width":2560,"height":1440,"url":"https:\/\/jadek-pensa.si\/wp-content\/uploads\/2024\/12\/social-image-scaled.jpg","type":"image\/jpeg"}],"twitter_card":"summary_large_image","twitter_misc":{"Est. reading time":"2 minutes"},"schema":{"@context":"https:\/\/schema.org","@graph":[{"@type":"WebPage","@id":"https:\/\/jadek-pensa.si\/de\/arbeitsfelder\/wettbewerbsrecht\/","url":"https:\/\/jadek-pensa.si\/de\/arbeitsfelder\/wettbewerbsrecht\/","name":"Wettbewerbsrecht - Jadek &amp; Pensa","isPartOf":{"@id":"https:\/\/www.jadek-pensa.si\/de\/#website"},"datePublished":"2017-12-12T08:44:51+00:00","dateModified":"2020-01-08T07:42:35+00:00","breadcrumb":{"@id":"https:\/\/jadek-pensa.si\/de\/arbeitsfelder\/wettbewerbsrecht\/#breadcrumb"},"inLanguage":"de-DE","potentialAction":[{"@type":"ReadAction","target":["https:\/\/jadek-pensa.si\/de\/arbeitsfelder\/wettbewerbsrecht\/"]}]},{"@type":"BreadcrumbList","@id":"https:\/\/jadek-pensa.si\/de\/arbeitsfelder\/wettbewerbsrecht\/#breadcrumb","itemListElement":[{"@type":"ListItem","position":1,"name":"Home","item":"https:\/\/www.jadek-pensa.si\/de\/"},{"@type":"ListItem","position":2,"name":"Arbeitsfelder","item":"https:\/\/www.jadek-pensa.si\/de\/arbeitsfelder\/"},{"@type":"ListItem","position":3,"name":"Wettbewerbsrecht"}]},{"@type":"WebSite","@id":"https:\/\/www.jadek-pensa.si\/de\/#website","url":"https:\/\/www.jadek-pensa.si\/de\/","name":"Jadek &amp; Pensa","description":"","potentialAction":[{"@type":"SearchAction","target":{"@type":"EntryPoint","urlTemplate":"https:\/\/www.jadek-pensa.si\/de\/?s={search_term_string}"},"query-input":{"@type":"PropertyValueSpecification","valueRequired":true,"valueName":"search_term_string"}}],"inLanguage":"de-DE"}]}},"_links":{"self":[{"href":"https:\/\/jadek-pensa.si\/de\/wp-json\/wp\/v2\/pages\/1326","targetHints":{"allow":["GET"]}}],"collection":[{"href":"https:\/\/jadek-pensa.si\/de\/wp-json\/wp\/v2\/pages"}],"about":[{"href":"https:\/\/jadek-pensa.si\/de\/wp-json\/wp\/v2\/types\/page"}],"author":[{"embeddable":true,"href":"https:\/\/jadek-pensa.si\/de\/wp-json\/wp\/v2\/users\/8"}],"replies":[{"embeddable":true,"href":"https:\/\/jadek-pensa.si\/de\/wp-json\/wp\/v2\/comments?post=1326"}],"version-history":[{"count":0,"href":"https:\/\/jadek-pensa.si\/de\/wp-json\/wp\/v2\/pages\/1326\/revisions"}],"up":[{"embeddable":true,"href":"https:\/\/jadek-pensa.si\/de\/wp-json\/wp\/v2\/pages\/653"}],"wp:attachment":[{"href":"https:\/\/jadek-pensa.si\/de\/wp-json\/wp\/v2\/media?parent=1326"}],"curies":[{"name":"wp","href":"https:\/\/api.w.org\/{rel}","templated":true}]}}