{"id":1325,"date":"2017-12-12T08:46:53","date_gmt":"2017-12-12T08:46:53","guid":{"rendered":"http:\/\/jadek-pensa.si\/\/arbeitsfelder\/javna-narocila\/"},"modified":"2019-02-12T08:49:48","modified_gmt":"2019-02-12T08:49:48","slug":"oeffentliche-auftraege","status":"publish","type":"page","link":"https:\/\/jadek-pensa.si\/de\/arbeitsfelder\/oeffentliche-auftraege\/","title":{"rendered":"\u00d6ffentliche Auftr\u00e4ge"},"content":{"rendered":"<p>Zahlreiche Unternehmen erzielen einen wesentlichen Teil ihrer Einkommen aufgrund \u00f6ffentlicher Auftr\u00e4ge. In Slowenien werden j\u00e4hrlich mehr Tausend verschiedener \u00f6ffentlichen Auftr\u00e4ge mit einer Gesamth\u00f6he von mehreren Milliarden Euro abgegeben.<\/p>\n<p>Die Vorschriften regulieren sehr genau den Bereich der \u00f6ffentlichen Auftr\u00e4ge, vor allem das Verfahren, das so konzipiert ist, dass die Anbieter schnell gegen die Verletzungen der Auftraggeber reagieren m\u00fcssen, sonst verlieren sie die ihnen durch Gesetz verliehenen Rechte. Auf der anderen Seite m\u00fcssen aber die Auftraggeber darauf achten, dass das Ausschreibungsverfahren bereits ab der Vorbereitungsstufe bis zur Rechtskraft der Auswahlentscheidung ordnungsgem\u00e4\u00df, transparent und \u00f6konomisch geleitet wird und das sie auf diese Weise auch beim Abschluss und Ausf\u00fchrung des Vertrags \u00fcber den \u00f6ffentlichen Auftrag handeln. Hier wird schnell reagierende und qualit\u00e4tsvolle Rechtshilfe in allen Phasen des Verfahrens wichtig, sowohl bei der anf\u00e4nglichen Sicherstellung fairer Bedingungen \u00f6ffentlicher Ausschreibungen, als auch bei der Gew\u00e4hrleistung einer fairen Wahl des besten Anbieters.<\/p>\n<p>Wir bieten unseren Kunden, zu denen sowie Auftraggeber als auch Anbieter aus Slowenien und Ausland geh\u00f6ren, fachliche Unterst\u00fctzung in allen Phasen des Auftragsvergabeverfahrens. Neben rechtlicher Beratung und Erstellung von Dokumentenentw\u00fcrfen vertreten wir auch Kunden ab der Phase der Vorbereitung des \u00f6ffentlichen Auftrags weiter in Vorpr\u00fcfung-, Pr\u00fcfung- und Gerichtsverfahren.<\/p>\n<p><span lang=\"DE\">Unsere Erfahrungen umfassen die Vertretung der Auftraggeber und Anbieter bei Projekten der\u00a0\u00f6ffentlich-privaten Partnerschaft und bei \u00f6ffentlichen Auftr\u00e4gen aus verschiedenen Sektoren, z.B. Infrastruktur, Bauwesen, Energiewirtschaft, Gesundheitswesen und Informations- und Kommunikationstechnologien.<\/span><\/p>\n","protected":false},"excerpt":{"rendered":"<p>Zahlreiche Unternehmen erzielen einen wesentlichen Teil ihrer Einkommen aufgrund \u00f6ffentlicher Auftr\u00e4ge. In Slowenien werden j\u00e4hrlich mehr Tausend verschiedener \u00f6ffentlichen Auftr\u00e4ge mit einer Gesamth\u00f6he von mehreren Milliarden Euro abgegeben. Die Vorschriften regulieren sehr genau den Bereich der \u00f6ffentlichen Auftr\u00e4ge, vor allem das Verfahren, das so konzipiert ist, dass die Anbieter schnell gegen die Verletzungen der Auftraggeber<\/p>\n","protected":false},"author":8,"featured_media":0,"parent":653,"menu_order":60,"comment_status":"closed","ping_status":"closed","template":"page-templates\/fields-of-work.php","meta":{"_acf_changed":false,"footnotes":""},"class_list":["post-1325","page","type-page","status-publish","hentry"],"acf":[],"yoast_head":"<!-- This site is optimized with the Yoast SEO plugin v27.4 - https:\/\/yoast.com\/product\/yoast-seo-wordpress\/ -->\n<title>\u00d6ffentliche Auftr\u00e4ge - Jadek &amp; Pensa<\/title>\n<meta name=\"robots\" content=\"index, follow, max-snippet:-1, max-image-preview:large, max-video-preview:-1\" \/>\n<link rel=\"canonical\" href=\"https:\/\/jadek-pensa.si\/de\/arbeitsfelder\/oeffentliche-auftraege\/\" \/>\n<meta property=\"og:locale\" content=\"de_DE\" \/>\n<meta property=\"og:type\" content=\"article\" \/>\n<meta property=\"og:title\" content=\"\u00d6ffentliche Auftr\u00e4ge - Jadek &amp; Pensa\" \/>\n<meta property=\"og:description\" content=\"Zahlreiche Unternehmen erzielen einen wesentlichen Teil ihrer Einkommen aufgrund \u00f6ffentlicher Auftr\u00e4ge. In Slowenien werden j\u00e4hrlich mehr Tausend verschiedener \u00f6ffentlichen Auftr\u00e4ge mit einer Gesamth\u00f6he von mehreren Milliarden Euro abgegeben. Die Vorschriften regulieren sehr genau den Bereich der \u00f6ffentlichen Auftr\u00e4ge, vor allem das Verfahren, das so konzipiert ist, dass die Anbieter schnell gegen die Verletzungen der Auftraggeber\" \/>\n<meta property=\"og:url\" content=\"https:\/\/jadek-pensa.si\/de\/arbeitsfelder\/oeffentliche-auftraege\/\" \/>\n<meta property=\"og:site_name\" content=\"Jadek &amp; Pensa\" \/>\n<meta property=\"article:modified_time\" content=\"2019-02-12T08:49:48+00:00\" \/>\n<meta property=\"og:image\" content=\"https:\/\/jadek-pensa.si\/wp-content\/uploads\/2024\/12\/social-image-scaled.jpg\" \/>\n\t<meta property=\"og:image:width\" content=\"2560\" \/>\n\t<meta property=\"og:image:height\" content=\"1440\" \/>\n\t<meta property=\"og:image:type\" content=\"image\/jpeg\" \/>\n<meta name=\"twitter:card\" content=\"summary_large_image\" \/>\n<meta name=\"twitter:label1\" content=\"Gesch\u00e4tzte Lesezeit\" \/>\n\t<meta name=\"twitter:data1\" content=\"1\u00a0Minute\" \/>\n<script type=\"application\/ld+json\" class=\"yoast-schema-graph\">{\"@context\":\"https:\\\/\\\/schema.org\",\"@graph\":[{\"@type\":\"WebPage\",\"@id\":\"https:\\\/\\\/jadek-pensa.si\\\/de\\\/arbeitsfelder\\\/oeffentliche-auftraege\\\/\",\"url\":\"https:\\\/\\\/jadek-pensa.si\\\/de\\\/arbeitsfelder\\\/oeffentliche-auftraege\\\/\",\"name\":\"\u00d6ffentliche Auftr\u00e4ge - Jadek &amp; Pensa\",\"isPartOf\":{\"@id\":\"https:\\\/\\\/www.jadek-pensa.si\\\/de\\\/#website\"},\"datePublished\":\"2017-12-12T08:46:53+00:00\",\"dateModified\":\"2019-02-12T08:49:48+00:00\",\"breadcrumb\":{\"@id\":\"https:\\\/\\\/jadek-pensa.si\\\/de\\\/arbeitsfelder\\\/oeffentliche-auftraege\\\/#breadcrumb\"},\"inLanguage\":\"de\",\"potentialAction\":[{\"@type\":\"ReadAction\",\"target\":[\"https:\\\/\\\/jadek-pensa.si\\\/de\\\/arbeitsfelder\\\/oeffentliche-auftraege\\\/\"]}]},{\"@type\":\"BreadcrumbList\",\"@id\":\"https:\\\/\\\/jadek-pensa.si\\\/de\\\/arbeitsfelder\\\/oeffentliche-auftraege\\\/#breadcrumb\",\"itemListElement\":[{\"@type\":\"ListItem\",\"position\":1,\"name\":\"Home\",\"item\":\"https:\\\/\\\/www.jadek-pensa.si\\\/de\\\/\"},{\"@type\":\"ListItem\",\"position\":2,\"name\":\"Arbeitsfelder\",\"item\":\"https:\\\/\\\/www.jadek-pensa.si\\\/de\\\/arbeitsfelder\\\/\"},{\"@type\":\"ListItem\",\"position\":3,\"name\":\"\u00d6ffentliche Auftr\u00e4ge\"}]},{\"@type\":\"WebSite\",\"@id\":\"https:\\\/\\\/www.jadek-pensa.si\\\/de\\\/#website\",\"url\":\"https:\\\/\\\/www.jadek-pensa.si\\\/de\\\/\",\"name\":\"Jadek &amp; Pensa\",\"description\":\"\",\"potentialAction\":[{\"@type\":\"SearchAction\",\"target\":{\"@type\":\"EntryPoint\",\"urlTemplate\":\"https:\\\/\\\/www.jadek-pensa.si\\\/de\\\/?s={search_term_string}\"},\"query-input\":{\"@type\":\"PropertyValueSpecification\",\"valueRequired\":true,\"valueName\":\"search_term_string\"}}],\"inLanguage\":\"de\"}]}<\/script>\n<!-- \/ Yoast SEO plugin. -->","yoast_head_json":{"title":"\u00d6ffentliche Auftr\u00e4ge - Jadek &amp; Pensa","robots":{"index":"index","follow":"follow","max-snippet":"max-snippet:-1","max-image-preview":"max-image-preview:large","max-video-preview":"max-video-preview:-1"},"canonical":"https:\/\/jadek-pensa.si\/de\/arbeitsfelder\/oeffentliche-auftraege\/","og_locale":"de_DE","og_type":"article","og_title":"\u00d6ffentliche Auftr\u00e4ge - Jadek &amp; Pensa","og_description":"Zahlreiche Unternehmen erzielen einen wesentlichen Teil ihrer Einkommen aufgrund \u00f6ffentlicher Auftr\u00e4ge. In Slowenien werden j\u00e4hrlich mehr Tausend verschiedener \u00f6ffentlichen Auftr\u00e4ge mit einer Gesamth\u00f6he von mehreren Milliarden Euro abgegeben. Die Vorschriften regulieren sehr genau den Bereich der \u00f6ffentlichen Auftr\u00e4ge, vor allem das Verfahren, das so konzipiert ist, dass die Anbieter schnell gegen die Verletzungen der Auftraggeber","og_url":"https:\/\/jadek-pensa.si\/de\/arbeitsfelder\/oeffentliche-auftraege\/","og_site_name":"Jadek &amp; Pensa","article_modified_time":"2019-02-12T08:49:48+00:00","og_image":[{"width":2560,"height":1440,"url":"https:\/\/jadek-pensa.si\/wp-content\/uploads\/2024\/12\/social-image-scaled.jpg","type":"image\/jpeg"}],"twitter_card":"summary_large_image","twitter_misc":{"Gesch\u00e4tzte Lesezeit":"1\u00a0Minute"},"schema":{"@context":"https:\/\/schema.org","@graph":[{"@type":"WebPage","@id":"https:\/\/jadek-pensa.si\/de\/arbeitsfelder\/oeffentliche-auftraege\/","url":"https:\/\/jadek-pensa.si\/de\/arbeitsfelder\/oeffentliche-auftraege\/","name":"\u00d6ffentliche Auftr\u00e4ge - Jadek &amp; Pensa","isPartOf":{"@id":"https:\/\/www.jadek-pensa.si\/de\/#website"},"datePublished":"2017-12-12T08:46:53+00:00","dateModified":"2019-02-12T08:49:48+00:00","breadcrumb":{"@id":"https:\/\/jadek-pensa.si\/de\/arbeitsfelder\/oeffentliche-auftraege\/#breadcrumb"},"inLanguage":"de","potentialAction":[{"@type":"ReadAction","target":["https:\/\/jadek-pensa.si\/de\/arbeitsfelder\/oeffentliche-auftraege\/"]}]},{"@type":"BreadcrumbList","@id":"https:\/\/jadek-pensa.si\/de\/arbeitsfelder\/oeffentliche-auftraege\/#breadcrumb","itemListElement":[{"@type":"ListItem","position":1,"name":"Home","item":"https:\/\/www.jadek-pensa.si\/de\/"},{"@type":"ListItem","position":2,"name":"Arbeitsfelder","item":"https:\/\/www.jadek-pensa.si\/de\/arbeitsfelder\/"},{"@type":"ListItem","position":3,"name":"\u00d6ffentliche Auftr\u00e4ge"}]},{"@type":"WebSite","@id":"https:\/\/www.jadek-pensa.si\/de\/#website","url":"https:\/\/www.jadek-pensa.si\/de\/","name":"Jadek &amp; Pensa","description":"","potentialAction":[{"@type":"SearchAction","target":{"@type":"EntryPoint","urlTemplate":"https:\/\/www.jadek-pensa.si\/de\/?s={search_term_string}"},"query-input":{"@type":"PropertyValueSpecification","valueRequired":true,"valueName":"search_term_string"}}],"inLanguage":"de"}]}},"_links":{"self":[{"href":"https:\/\/jadek-pensa.si\/de\/wp-json\/wp\/v2\/pages\/1325","targetHints":{"allow":["GET"]}}],"collection":[{"href":"https:\/\/jadek-pensa.si\/de\/wp-json\/wp\/v2\/pages"}],"about":[{"href":"https:\/\/jadek-pensa.si\/de\/wp-json\/wp\/v2\/types\/page"}],"author":[{"embeddable":true,"href":"https:\/\/jadek-pensa.si\/de\/wp-json\/wp\/v2\/users\/8"}],"replies":[{"embeddable":true,"href":"https:\/\/jadek-pensa.si\/de\/wp-json\/wp\/v2\/comments?post=1325"}],"version-history":[{"count":0,"href":"https:\/\/jadek-pensa.si\/de\/wp-json\/wp\/v2\/pages\/1325\/revisions"}],"up":[{"embeddable":true,"href":"https:\/\/jadek-pensa.si\/de\/wp-json\/wp\/v2\/pages\/653"}],"wp:attachment":[{"href":"https:\/\/jadek-pensa.si\/de\/wp-json\/wp\/v2\/media?parent=1325"}],"curies":[{"name":"wp","href":"https:\/\/api.w.org\/{rel}","templated":true}]}}