{"id":1323,"date":"2017-12-12T08:45:16","date_gmt":"2017-12-12T08:45:16","guid":{"rendered":"http:\/\/jadek-pensa.si\/\/arbeitsfelder\/davcno-pravo\/"},"modified":"2019-02-12T08:36:07","modified_gmt":"2019-02-12T08:36:07","slug":"steuerrecht","status":"publish","type":"page","link":"https:\/\/jadek-pensa.si\/de\/arbeitsfelder\/steuerrecht\/","title":{"rendered":"Steuerrecht"},"content":{"rendered":"<p>Das Steuersystem hat traditionell die wirtschaftliche Entwicklung verfolgt und wurde schrittweise in Einklang damit gebracht. Aufgrund des digitalen Zeitalters werden weitreichende \u00c4nderungen der Steuersysteme erwartet, die an die neuen Gesch\u00e4ftsmodelle mit wichtig ge\u00e4nderten Rollen der Parteien in Transaktionen angepasst werden. Wir sind uns bewusst, dass die Kenntnis der Neuigkeiten die entscheidende Voraussetzung zur erfolgreichen Gesch\u00e4ftst\u00e4tigkeit unserer Kunden ist, deswegen helfen wir ihnen bei Steueranalysen der vorhandenen und geplanten Gesch\u00e4fte.<\/p>\n<p>Heutzutage erstreckt sich das Steuerrecht \u00fcber alle Bereiche unseres Lebens, deswegen gew\u00e4hrleisten wir den Kunden ganzheitliche Beratung im Zusammenhang mit Steuerfragen, die sich aus laufendem Betrieb oder Ad-hoc-Transaktionen ergeben. Wir beraten juristische und nat\u00fcrliche Personen, die Antworten auf f\u00fcr sie wichtige Steuerfragen suchen. Bei Verk\u00e4ufen oder \u00dcbernahmen von Unternehmen oder Immobilien k\u00f6nnen wir den Kunden die Durchf\u00fchrung der Sorgfaltspr\u00fcfung anbieten und ihnen helfen, die Umsetzung der Transaktion steuerlich zu strukturieren.<\/p>\n<p>Ein wichtiges Gebiet unserer Kunden ist auch die \u00dcberwachung der Einhaltung von Steuerpflichten. Wir bieten den Kunden Unterst\u00fctzung bei der Ausf\u00fcllung von Steuererkl\u00e4rungen und Rechnungsabschl\u00fcsse und wenn Unregelm\u00e4\u00dfigkeiten festgestellt werden, finden wir auch die wirksamsten L\u00f6sungen f\u00fcr sie. Sie k\u00f6nnen sich auch auf unsere Erfahrungen und Qualifizierung in Verfahren der steuerlichen Kontrolle verlassen, wo wir mit unserem Wissen und Mediationskenntnissen zu einem g\u00fcnstigen Abschluss des Verfahrens beitragen.<\/p>\n<p>Wir sind sowohl auf dem Gebiet inl\u00e4ndischer als auch internationaler Transaktionen ausgerichtet, die zur t\u00e4glichen Realit\u00e4t der globalen Wirtschaft geworden sind.<\/p>\n","protected":false},"excerpt":{"rendered":"<p>Das Steuersystem hat traditionell die wirtschaftliche Entwicklung verfolgt und wurde schrittweise in Einklang damit gebracht. Aufgrund des digitalen Zeitalters werden weitreichende \u00c4nderungen der Steuersysteme erwartet, die an die neuen Gesch\u00e4ftsmodelle mit wichtig ge\u00e4nderten Rollen der Parteien in Transaktionen angepasst werden. Wir sind uns bewusst, dass die Kenntnis der Neuigkeiten die entscheidende Voraussetzung zur erfolgreichen Gesch\u00e4ftst\u00e4tigkeit<\/p>\n","protected":false},"author":8,"featured_media":0,"parent":653,"menu_order":27,"comment_status":"closed","ping_status":"closed","template":"page-templates\/fields-of-work.php","meta":{"_acf_changed":false,"footnotes":""},"class_list":["post-1323","page","type-page","status-publish","hentry"],"acf":[],"yoast_head":"<!-- This site is optimized with the Yoast SEO plugin v27.2 - https:\/\/yoast.com\/product\/yoast-seo-wordpress\/ -->\n<title>Steuerrecht - Jadek &amp; Pensa<\/title>\n<meta name=\"robots\" content=\"index, follow, max-snippet:-1, max-image-preview:large, max-video-preview:-1\" \/>\n<link rel=\"canonical\" href=\"https:\/\/jadek-pensa.si\/de\/arbeitsfelder\/steuerrecht\/\" \/>\n<meta property=\"og:locale\" content=\"de_DE\" \/>\n<meta property=\"og:type\" content=\"article\" \/>\n<meta property=\"og:title\" content=\"Steuerrecht - Jadek &amp; Pensa\" \/>\n<meta property=\"og:description\" content=\"Das Steuersystem hat traditionell die wirtschaftliche Entwicklung verfolgt und wurde schrittweise in Einklang damit gebracht. Aufgrund des digitalen Zeitalters werden weitreichende \u00c4nderungen der Steuersysteme erwartet, die an die neuen Gesch\u00e4ftsmodelle mit wichtig ge\u00e4nderten Rollen der Parteien in Transaktionen angepasst werden. Wir sind uns bewusst, dass die Kenntnis der Neuigkeiten die entscheidende Voraussetzung zur erfolgreichen Gesch\u00e4ftst\u00e4tigkeit\" \/>\n<meta property=\"og:url\" content=\"https:\/\/jadek-pensa.si\/de\/arbeitsfelder\/steuerrecht\/\" \/>\n<meta property=\"og:site_name\" content=\"Jadek &amp; Pensa\" \/>\n<meta property=\"article:modified_time\" content=\"2019-02-12T08:36:07+00:00\" \/>\n<meta property=\"og:image\" content=\"https:\/\/jadek-pensa.si\/wp-content\/uploads\/2024\/12\/social-image-scaled.jpg\" \/>\n\t<meta property=\"og:image:width\" content=\"2560\" \/>\n\t<meta property=\"og:image:height\" content=\"1440\" \/>\n\t<meta property=\"og:image:type\" content=\"image\/jpeg\" \/>\n<meta name=\"twitter:card\" content=\"summary_large_image\" \/>\n<meta name=\"twitter:label1\" content=\"Est. reading time\" \/>\n\t<meta name=\"twitter:data1\" content=\"1 minute\" \/>\n<script type=\"application\/ld+json\" class=\"yoast-schema-graph\">{\"@context\":\"https:\/\/schema.org\",\"@graph\":[{\"@type\":\"WebPage\",\"@id\":\"https:\/\/jadek-pensa.si\/de\/arbeitsfelder\/steuerrecht\/\",\"url\":\"https:\/\/jadek-pensa.si\/de\/arbeitsfelder\/steuerrecht\/\",\"name\":\"Steuerrecht - Jadek &amp; Pensa\",\"isPartOf\":{\"@id\":\"https:\/\/www.jadek-pensa.si\/de\/#website\"},\"datePublished\":\"2017-12-12T08:45:16+00:00\",\"dateModified\":\"2019-02-12T08:36:07+00:00\",\"breadcrumb\":{\"@id\":\"https:\/\/jadek-pensa.si\/de\/arbeitsfelder\/steuerrecht\/#breadcrumb\"},\"inLanguage\":\"de-DE\",\"potentialAction\":[{\"@type\":\"ReadAction\",\"target\":[\"https:\/\/jadek-pensa.si\/de\/arbeitsfelder\/steuerrecht\/\"]}]},{\"@type\":\"BreadcrumbList\",\"@id\":\"https:\/\/jadek-pensa.si\/de\/arbeitsfelder\/steuerrecht\/#breadcrumb\",\"itemListElement\":[{\"@type\":\"ListItem\",\"position\":1,\"name\":\"Home\",\"item\":\"https:\/\/www.jadek-pensa.si\/de\/\"},{\"@type\":\"ListItem\",\"position\":2,\"name\":\"Arbeitsfelder\",\"item\":\"https:\/\/www.jadek-pensa.si\/de\/arbeitsfelder\/\"},{\"@type\":\"ListItem\",\"position\":3,\"name\":\"Steuerrecht\"}]},{\"@type\":\"WebSite\",\"@id\":\"https:\/\/www.jadek-pensa.si\/de\/#website\",\"url\":\"https:\/\/www.jadek-pensa.si\/de\/\",\"name\":\"Jadek &amp; Pensa\",\"description\":\"\",\"potentialAction\":[{\"@type\":\"SearchAction\",\"target\":{\"@type\":\"EntryPoint\",\"urlTemplate\":\"https:\/\/www.jadek-pensa.si\/de\/?s={search_term_string}\"},\"query-input\":{\"@type\":\"PropertyValueSpecification\",\"valueRequired\":true,\"valueName\":\"search_term_string\"}}],\"inLanguage\":\"de-DE\"}]}<\/script>\n<!-- \/ Yoast SEO plugin. -->","yoast_head_json":{"title":"Steuerrecht - Jadek &amp; Pensa","robots":{"index":"index","follow":"follow","max-snippet":"max-snippet:-1","max-image-preview":"max-image-preview:large","max-video-preview":"max-video-preview:-1"},"canonical":"https:\/\/jadek-pensa.si\/de\/arbeitsfelder\/steuerrecht\/","og_locale":"de_DE","og_type":"article","og_title":"Steuerrecht - Jadek &amp; Pensa","og_description":"Das Steuersystem hat traditionell die wirtschaftliche Entwicklung verfolgt und wurde schrittweise in Einklang damit gebracht. Aufgrund des digitalen Zeitalters werden weitreichende \u00c4nderungen der Steuersysteme erwartet, die an die neuen Gesch\u00e4ftsmodelle mit wichtig ge\u00e4nderten Rollen der Parteien in Transaktionen angepasst werden. Wir sind uns bewusst, dass die Kenntnis der Neuigkeiten die entscheidende Voraussetzung zur erfolgreichen Gesch\u00e4ftst\u00e4tigkeit","og_url":"https:\/\/jadek-pensa.si\/de\/arbeitsfelder\/steuerrecht\/","og_site_name":"Jadek &amp; Pensa","article_modified_time":"2019-02-12T08:36:07+00:00","og_image":[{"width":2560,"height":1440,"url":"https:\/\/jadek-pensa.si\/wp-content\/uploads\/2024\/12\/social-image-scaled.jpg","type":"image\/jpeg"}],"twitter_card":"summary_large_image","twitter_misc":{"Est. reading time":"1 minute"},"schema":{"@context":"https:\/\/schema.org","@graph":[{"@type":"WebPage","@id":"https:\/\/jadek-pensa.si\/de\/arbeitsfelder\/steuerrecht\/","url":"https:\/\/jadek-pensa.si\/de\/arbeitsfelder\/steuerrecht\/","name":"Steuerrecht - Jadek &amp; Pensa","isPartOf":{"@id":"https:\/\/www.jadek-pensa.si\/de\/#website"},"datePublished":"2017-12-12T08:45:16+00:00","dateModified":"2019-02-12T08:36:07+00:00","breadcrumb":{"@id":"https:\/\/jadek-pensa.si\/de\/arbeitsfelder\/steuerrecht\/#breadcrumb"},"inLanguage":"de-DE","potentialAction":[{"@type":"ReadAction","target":["https:\/\/jadek-pensa.si\/de\/arbeitsfelder\/steuerrecht\/"]}]},{"@type":"BreadcrumbList","@id":"https:\/\/jadek-pensa.si\/de\/arbeitsfelder\/steuerrecht\/#breadcrumb","itemListElement":[{"@type":"ListItem","position":1,"name":"Home","item":"https:\/\/www.jadek-pensa.si\/de\/"},{"@type":"ListItem","position":2,"name":"Arbeitsfelder","item":"https:\/\/www.jadek-pensa.si\/de\/arbeitsfelder\/"},{"@type":"ListItem","position":3,"name":"Steuerrecht"}]},{"@type":"WebSite","@id":"https:\/\/www.jadek-pensa.si\/de\/#website","url":"https:\/\/www.jadek-pensa.si\/de\/","name":"Jadek &amp; Pensa","description":"","potentialAction":[{"@type":"SearchAction","target":{"@type":"EntryPoint","urlTemplate":"https:\/\/www.jadek-pensa.si\/de\/?s={search_term_string}"},"query-input":{"@type":"PropertyValueSpecification","valueRequired":true,"valueName":"search_term_string"}}],"inLanguage":"de-DE"}]}},"_links":{"self":[{"href":"https:\/\/jadek-pensa.si\/de\/wp-json\/wp\/v2\/pages\/1323","targetHints":{"allow":["GET"]}}],"collection":[{"href":"https:\/\/jadek-pensa.si\/de\/wp-json\/wp\/v2\/pages"}],"about":[{"href":"https:\/\/jadek-pensa.si\/de\/wp-json\/wp\/v2\/types\/page"}],"author":[{"embeddable":true,"href":"https:\/\/jadek-pensa.si\/de\/wp-json\/wp\/v2\/users\/8"}],"replies":[{"embeddable":true,"href":"https:\/\/jadek-pensa.si\/de\/wp-json\/wp\/v2\/comments?post=1323"}],"version-history":[{"count":0,"href":"https:\/\/jadek-pensa.si\/de\/wp-json\/wp\/v2\/pages\/1323\/revisions"}],"up":[{"embeddable":true,"href":"https:\/\/jadek-pensa.si\/de\/wp-json\/wp\/v2\/pages\/653"}],"wp:attachment":[{"href":"https:\/\/jadek-pensa.si\/de\/wp-json\/wp\/v2\/media?parent=1323"}],"curies":[{"name":"wp","href":"https:\/\/api.w.org\/{rel}","templated":true}]}}