{"id":1322,"date":"2017-12-12T08:45:02","date_gmt":"2017-12-12T08:45:02","guid":{"rendered":"http:\/\/jadek-pensa.si\/\/arbeitsfelder\/delovno-pravo\/"},"modified":"2019-02-12T08:40:38","modified_gmt":"2019-02-12T08:40:38","slug":"arbeitsrecht","status":"publish","type":"page","link":"https:\/\/jadek-pensa.si\/de\/arbeitsfelder\/arbeitsrecht\/","title":{"rendered":"Arbeitsrecht"},"content":{"rendered":"<p>Bei Erbringung unserer Dienstleistungen und Aufgaben im Bereich des Arbeitsrechts sind wir uns bewusst, dass die Beziehung zwischen Arbeitnehmer und Arbeitgeber von besonderer Bedeutung ist, da nur gute Zusammenarbeit und ordentliche Arbeitsumgebung zu optimalen Ergebnissen f\u00fchren k\u00f6nnen. Wir handeln als Berater f\u00fcr Arbeitgeber bez\u00fcglich alle Fragen des Arbeitsrechts, entweder durch Erstellung eines Rechtsgutachtens oder bei der Suche nach L\u00f6sungen f\u00fcr bestehende Probleme. Bei Vorbereitung interner Akte der Unternehmen, die Besch\u00e4ftigung, Arbeitsvertr\u00e4ge und Managervertr\u00e4ge regeln, respektieren wir die 10 universellen Prinzipien des UN Global Compact und sorgen daf\u00fcr, dass die Achtung der Menschenrechte und Arbeitsnormen auf ausgewogene Weise ber\u00fccksichtigt wird. Nach Erlassung interner Akte f\u00fchren wir Bildungen aus, womit gesorgt wird, dass der Zweck ihrer Erlassung erreicht wird und dass es so wenige Verletzungen wie m\u00f6glich gibt.<\/p>\n<p>Wir helfen den Kunden bei Verhandlungen mit Gewerkschaften und Betriebsr\u00e4ten und beraten sie bei gr\u00f6\u00dferen Reorganisationen, gr\u00f6\u00dferen Entlassungen und auch bei Umstrukturierungsverfahren (entweder als Teil der Insolvenzverfahren oder regelm\u00e4\u00dfiger Reorganisation). Wir f\u00fchren auch arbeitsrechtliche Mediation zwischen Arbeitgeber und Arbeitnehmer aus, die auf Erhaltung des Arbeitsverh\u00e4ltnisses und seine Verbesserung eingestellt ist.<\/p>\n<p>Wenn die Erhaltung des arbeitsrechtlichen Verh\u00e4ltnisses nicht m\u00f6glich oder nicht im Interesse aller Beteiligten ist, sind wir uns bewusst, dass der Bereich des Arbeitsrechts immer komplexerer wird, vor allem bei der Regelung individueller Arbeitsverh\u00e4ltnisse. Das Arbeitsrecht verlangt hervorragende Kenntnis und Verst\u00e4ndnis der Gr\u00fcnde f\u00fcr K\u00fcndigung des Arbeitsvertrags, richtige Durchf\u00fchrung der Prozesse (einschlie\u00dflich der Einbeziehung der Gewerkschaften, wenn notwendig) und Kenntnis des Systems zur Feststellung der disziplinarischen Haftung und der Gerichtsverfahren. Das ist wichtig vor allem, wenn die Beweislast beim Arbeitgeber liegt.<\/p>\n<p><span lang=\"DE\">Anspruchsvolle Verwirklichung strenger arbeitsrechtlichen Vorschriften und Umkehr der Beweislast auf den Arbeitgeber in m\u00f6glichen Gerichtsverfahren sind die Gr\u00fcnde, weshalb sich die Arbeitgeber immer \u00f6fter an externe Experten f\u00fcr Unterst\u00fctzung und Beratung wenden. Aufgrund nachweislicher Erfahrung und Kenntnis und Verst\u00e4ndnis des Arbeitsrechts gew\u00e4hrleistet unsere Kanzlei Unterst\u00fctzung bei richtiger Durchf\u00fchrung und Rechtm\u00e4\u00dfigkeit der Verfahren, was die wesentliche Voraussetzung f\u00fcr den\u00a0Erfolg in individuellen und kollektiven Arbeitsstreitigkeiten darstellt, innerhalb deren unter anderem auch \u00fcber die Rechte und Pflichten der Arbeitnehmer entscheidet wird. <\/span><\/p>\n<p><span lang=\"DE\">Gerade angesichts unserer Kenntnis der arbeitsrechtlichen Normen und unseres Engagements zur deren Achtung bieten wir unsere Dienstleistungen genau wie den Arbeitgebern auch den Arbeitnehmern im Falle von diskriminierenden Praktiken der Arbeitgeber, Mobbing und im Allgemein, wenn die Rechte der Arbeitnehmer verletzt werden. <\/span><\/p>\n","protected":false},"excerpt":{"rendered":"<p>Bei Erbringung unserer Dienstleistungen und Aufgaben im Bereich des Arbeitsrechts sind wir uns bewusst, dass die Beziehung zwischen Arbeitnehmer und Arbeitgeber von besonderer Bedeutung ist, da nur gute Zusammenarbeit und ordentliche Arbeitsumgebung zu optimalen Ergebnissen f\u00fchren k\u00f6nnen. Wir handeln als Berater f\u00fcr Arbeitgeber bez\u00fcglich alle Fragen des Arbeitsrechts, entweder durch Erstellung eines Rechtsgutachtens oder bei<\/p>\n","protected":false},"author":8,"featured_media":0,"parent":653,"menu_order":28,"comment_status":"closed","ping_status":"closed","template":"page-templates\/fields-of-work.php","meta":{"_acf_changed":false,"footnotes":""},"class_list":["post-1322","page","type-page","status-publish","hentry"],"acf":[],"yoast_head":"<!-- This site is optimized with the Yoast SEO plugin v27.4 - https:\/\/yoast.com\/product\/yoast-seo-wordpress\/ -->\n<title>Arbeitsrecht - Jadek &amp; Pensa<\/title>\n<meta name=\"robots\" content=\"index, follow, max-snippet:-1, max-image-preview:large, max-video-preview:-1\" \/>\n<link rel=\"canonical\" href=\"https:\/\/jadek-pensa.si\/de\/arbeitsfelder\/arbeitsrecht\/\" \/>\n<meta property=\"og:locale\" content=\"de_DE\" \/>\n<meta property=\"og:type\" content=\"article\" \/>\n<meta property=\"og:title\" content=\"Arbeitsrecht - Jadek &amp; Pensa\" \/>\n<meta property=\"og:description\" content=\"Bei Erbringung unserer Dienstleistungen und Aufgaben im Bereich des Arbeitsrechts sind wir uns bewusst, dass die Beziehung zwischen Arbeitnehmer und Arbeitgeber von besonderer Bedeutung ist, da nur gute Zusammenarbeit und ordentliche Arbeitsumgebung zu optimalen Ergebnissen f\u00fchren k\u00f6nnen. Wir handeln als Berater f\u00fcr Arbeitgeber bez\u00fcglich alle Fragen des Arbeitsrechts, entweder durch Erstellung eines Rechtsgutachtens oder bei\" \/>\n<meta property=\"og:url\" content=\"https:\/\/jadek-pensa.si\/de\/arbeitsfelder\/arbeitsrecht\/\" \/>\n<meta property=\"og:site_name\" content=\"Jadek &amp; Pensa\" \/>\n<meta property=\"article:modified_time\" content=\"2019-02-12T08:40:38+00:00\" \/>\n<meta property=\"og:image\" content=\"https:\/\/jadek-pensa.si\/wp-content\/uploads\/2024\/12\/social-image-scaled.jpg\" \/>\n\t<meta property=\"og:image:width\" content=\"2560\" \/>\n\t<meta property=\"og:image:height\" content=\"1440\" \/>\n\t<meta property=\"og:image:type\" content=\"image\/jpeg\" \/>\n<meta name=\"twitter:card\" content=\"summary_large_image\" \/>\n<meta name=\"twitter:label1\" content=\"Gesch\u00e4tzte Lesezeit\" \/>\n\t<meta name=\"twitter:data1\" content=\"2\u00a0Minuten\" \/>\n<script type=\"application\/ld+json\" class=\"yoast-schema-graph\">{\"@context\":\"https:\\\/\\\/schema.org\",\"@graph\":[{\"@type\":\"WebPage\",\"@id\":\"https:\\\/\\\/jadek-pensa.si\\\/de\\\/arbeitsfelder\\\/arbeitsrecht\\\/\",\"url\":\"https:\\\/\\\/jadek-pensa.si\\\/de\\\/arbeitsfelder\\\/arbeitsrecht\\\/\",\"name\":\"Arbeitsrecht - Jadek &amp; Pensa\",\"isPartOf\":{\"@id\":\"https:\\\/\\\/www.jadek-pensa.si\\\/de\\\/#website\"},\"datePublished\":\"2017-12-12T08:45:02+00:00\",\"dateModified\":\"2019-02-12T08:40:38+00:00\",\"breadcrumb\":{\"@id\":\"https:\\\/\\\/jadek-pensa.si\\\/de\\\/arbeitsfelder\\\/arbeitsrecht\\\/#breadcrumb\"},\"inLanguage\":\"de\",\"potentialAction\":[{\"@type\":\"ReadAction\",\"target\":[\"https:\\\/\\\/jadek-pensa.si\\\/de\\\/arbeitsfelder\\\/arbeitsrecht\\\/\"]}]},{\"@type\":\"BreadcrumbList\",\"@id\":\"https:\\\/\\\/jadek-pensa.si\\\/de\\\/arbeitsfelder\\\/arbeitsrecht\\\/#breadcrumb\",\"itemListElement\":[{\"@type\":\"ListItem\",\"position\":1,\"name\":\"Home\",\"item\":\"https:\\\/\\\/www.jadek-pensa.si\\\/de\\\/\"},{\"@type\":\"ListItem\",\"position\":2,\"name\":\"Arbeitsfelder\",\"item\":\"https:\\\/\\\/www.jadek-pensa.si\\\/de\\\/arbeitsfelder\\\/\"},{\"@type\":\"ListItem\",\"position\":3,\"name\":\"Arbeitsrecht\"}]},{\"@type\":\"WebSite\",\"@id\":\"https:\\\/\\\/www.jadek-pensa.si\\\/de\\\/#website\",\"url\":\"https:\\\/\\\/www.jadek-pensa.si\\\/de\\\/\",\"name\":\"Jadek &amp; Pensa\",\"description\":\"\",\"potentialAction\":[{\"@type\":\"SearchAction\",\"target\":{\"@type\":\"EntryPoint\",\"urlTemplate\":\"https:\\\/\\\/www.jadek-pensa.si\\\/de\\\/?s={search_term_string}\"},\"query-input\":{\"@type\":\"PropertyValueSpecification\",\"valueRequired\":true,\"valueName\":\"search_term_string\"}}],\"inLanguage\":\"de\"}]}<\/script>\n<!-- \/ Yoast SEO plugin. -->","yoast_head_json":{"title":"Arbeitsrecht - Jadek &amp; Pensa","robots":{"index":"index","follow":"follow","max-snippet":"max-snippet:-1","max-image-preview":"max-image-preview:large","max-video-preview":"max-video-preview:-1"},"canonical":"https:\/\/jadek-pensa.si\/de\/arbeitsfelder\/arbeitsrecht\/","og_locale":"de_DE","og_type":"article","og_title":"Arbeitsrecht - Jadek &amp; Pensa","og_description":"Bei Erbringung unserer Dienstleistungen und Aufgaben im Bereich des Arbeitsrechts sind wir uns bewusst, dass die Beziehung zwischen Arbeitnehmer und Arbeitgeber von besonderer Bedeutung ist, da nur gute Zusammenarbeit und ordentliche Arbeitsumgebung zu optimalen Ergebnissen f\u00fchren k\u00f6nnen. Wir handeln als Berater f\u00fcr Arbeitgeber bez\u00fcglich alle Fragen des Arbeitsrechts, entweder durch Erstellung eines Rechtsgutachtens oder bei","og_url":"https:\/\/jadek-pensa.si\/de\/arbeitsfelder\/arbeitsrecht\/","og_site_name":"Jadek &amp; Pensa","article_modified_time":"2019-02-12T08:40:38+00:00","og_image":[{"width":2560,"height":1440,"url":"https:\/\/jadek-pensa.si\/wp-content\/uploads\/2024\/12\/social-image-scaled.jpg","type":"image\/jpeg"}],"twitter_card":"summary_large_image","twitter_misc":{"Gesch\u00e4tzte Lesezeit":"2\u00a0Minuten"},"schema":{"@context":"https:\/\/schema.org","@graph":[{"@type":"WebPage","@id":"https:\/\/jadek-pensa.si\/de\/arbeitsfelder\/arbeitsrecht\/","url":"https:\/\/jadek-pensa.si\/de\/arbeitsfelder\/arbeitsrecht\/","name":"Arbeitsrecht - Jadek &amp; Pensa","isPartOf":{"@id":"https:\/\/www.jadek-pensa.si\/de\/#website"},"datePublished":"2017-12-12T08:45:02+00:00","dateModified":"2019-02-12T08:40:38+00:00","breadcrumb":{"@id":"https:\/\/jadek-pensa.si\/de\/arbeitsfelder\/arbeitsrecht\/#breadcrumb"},"inLanguage":"de","potentialAction":[{"@type":"ReadAction","target":["https:\/\/jadek-pensa.si\/de\/arbeitsfelder\/arbeitsrecht\/"]}]},{"@type":"BreadcrumbList","@id":"https:\/\/jadek-pensa.si\/de\/arbeitsfelder\/arbeitsrecht\/#breadcrumb","itemListElement":[{"@type":"ListItem","position":1,"name":"Home","item":"https:\/\/www.jadek-pensa.si\/de\/"},{"@type":"ListItem","position":2,"name":"Arbeitsfelder","item":"https:\/\/www.jadek-pensa.si\/de\/arbeitsfelder\/"},{"@type":"ListItem","position":3,"name":"Arbeitsrecht"}]},{"@type":"WebSite","@id":"https:\/\/www.jadek-pensa.si\/de\/#website","url":"https:\/\/www.jadek-pensa.si\/de\/","name":"Jadek &amp; Pensa","description":"","potentialAction":[{"@type":"SearchAction","target":{"@type":"EntryPoint","urlTemplate":"https:\/\/www.jadek-pensa.si\/de\/?s={search_term_string}"},"query-input":{"@type":"PropertyValueSpecification","valueRequired":true,"valueName":"search_term_string"}}],"inLanguage":"de"}]}},"_links":{"self":[{"href":"https:\/\/jadek-pensa.si\/de\/wp-json\/wp\/v2\/pages\/1322","targetHints":{"allow":["GET"]}}],"collection":[{"href":"https:\/\/jadek-pensa.si\/de\/wp-json\/wp\/v2\/pages"}],"about":[{"href":"https:\/\/jadek-pensa.si\/de\/wp-json\/wp\/v2\/types\/page"}],"author":[{"embeddable":true,"href":"https:\/\/jadek-pensa.si\/de\/wp-json\/wp\/v2\/users\/8"}],"replies":[{"embeddable":true,"href":"https:\/\/jadek-pensa.si\/de\/wp-json\/wp\/v2\/comments?post=1322"}],"version-history":[{"count":0,"href":"https:\/\/jadek-pensa.si\/de\/wp-json\/wp\/v2\/pages\/1322\/revisions"}],"up":[{"embeddable":true,"href":"https:\/\/jadek-pensa.si\/de\/wp-json\/wp\/v2\/pages\/653"}],"wp:attachment":[{"href":"https:\/\/jadek-pensa.si\/de\/wp-json\/wp\/v2\/media?parent=1322"}],"curies":[{"name":"wp","href":"https:\/\/api.w.org\/{rel}","templated":true}]}}