{"id":1082,"date":"2017-12-12T08:50:19","date_gmt":"2017-12-12T08:50:19","guid":{"rendered":"http:\/\/jadek-pensa.si\/\/o-nas\/druzbena-odgovornost\/"},"modified":"2022-12-20T10:39:36","modified_gmt":"2022-12-20T10:39:36","slug":"soziale-verantwortung","status":"publish","type":"page","link":"https:\/\/jadek-pensa.si\/de\/uber-uns\/soziale-verantwortung\/","title":{"rendered":"Soziale Verantwortung"},"content":{"rendered":"<p>Im Rahmen unserer Gesch\u00e4ftst\u00e4tigkeit und strategischer Entscheidungen beachten wir\u00a0<a href=\"https:\/\/www.unglobalcompact.org\/what-is-gc\/mission\/principles\">die 10 universellen Prinzipien des UN Global Compact<\/a> in den Bereichen Menschenrechte, Arbeitsnormen, Umwelt, Transparenz und Korruptionsbek\u00e4mpfung. Ein wichtiger Teil unseres Berufs stellen Menschlichkeit und Achtung der Menschenw\u00fcrde dar.<\/p>\n<p>Wir sind \u00fcberzeugt davon, dass auch die Wirtschaft und damit unsere Anwaltskanzlei (mit)verantwortlich f\u00fcr nachhaltige Entwicklung im Einklang mit den gesch\u00fctzten Menschenrechten sind. Wir versuchen diese \u00dcberzeugung in ausgewogener Weise auch an unsere Kunden zu \u00fcbertragen. Bei unseren Dienstleistungen und Rechtsberatung ermutigen wir unsere Kunden in geeigneter Weise zur effizienten und koh\u00e4renten T\u00e4tigkeit im Rahmen des Schutzes der Menschenrechte.<\/p>\n<p>Dabei sind wir uns bewusst, dass es im Hinblick auf den Schutz der Menschenrechte wichtig ist, dass den Opfern der Verst\u00f6\u00dfe gegen Menschenrechte wirksame Rechtsmittel zur Verf\u00fcgung stehen, was nur mit qualit\u00e4tsvoller Rechtshilfe gew\u00e4hrleistet werden kann. Wir gehen davon aus, dass qualit\u00e4tsvolle Vertretung und Rechtshilfe f\u00fcr sozial Schwache zu unseren Aufgaben geh\u00f6ren. Deswegen ermutigen wir unsere Angestellten dazu, ein Teil ihrer Zeit der Arbeit an Sachen zu widmen, die angesichts ihres Charakters zu Vorgehensweisen im Einklang mit den gesch\u00fctzten Menschenrechten in allen Bereichen der menschlichen Entwicklung beitragen k\u00f6nnten und auf diese Weise sozial verantwortliche Vorgehensweise und nachhaltige Entwicklung unterst\u00fctzen w\u00fcrden. Wenn es je nach Umst\u00e4nde des Einzelfalles angemessen wird, bieten wir unsere Beratung und Dienstleistungen auch kostenlos \u2013<em>pro bono<\/em>\u2013 an.<\/p>\n<p>&nbsp;<\/p>\n<p><img loading=\"lazy\" decoding=\"async\" class=\"alignnone size-medium wp-image-8706\" src=\"http:\/\/www.jadek-pensa.si\/wp-content\/uploads\/2022\/12\/LR-logo-01-300x203.png\" alt=\"\" width=\"300\" height=\"203\" srcset=\"https:\/\/jadek-pensa.si\/wp-content\/uploads\/2022\/12\/LR-logo-01-300x203.png 300w, https:\/\/jadek-pensa.si\/wp-content\/uploads\/2022\/12\/LR-logo-01-131x89.png 131w, https:\/\/jadek-pensa.si\/wp-content\/uploads\/2022\/12\/LR-logo-01-170x115.png 170w, https:\/\/jadek-pensa.si\/wp-content\/uploads\/2022\/12\/LR-logo-01-195x132.png 195w, https:\/\/jadek-pensa.si\/wp-content\/uploads\/2022\/12\/LR-logo-01-205x139.png 205w, https:\/\/jadek-pensa.si\/wp-content\/uploads\/2022\/12\/LR-logo-01-298x202.png 298w, https:\/\/jadek-pensa.si\/wp-content\/uploads\/2022\/12\/LR-logo-01-74x50.png 74w, https:\/\/jadek-pensa.si\/wp-content\/uploads\/2022\/12\/LR-logo-01-177x120.png 177w, https:\/\/jadek-pensa.si\/wp-content\/uploads\/2022\/12\/LR-logo-01-60x41.png 60w, https:\/\/jadek-pensa.si\/wp-content\/uploads\/2022\/12\/LR-logo-01-133x90.png 133w, https:\/\/jadek-pensa.si\/wp-content\/uploads\/2022\/12\/LR-logo-01-150x102.png 150w, https:\/\/jadek-pensa.si\/wp-content\/uploads\/2022\/12\/LR-logo-01-161x109.png 161w, https:\/\/jadek-pensa.si\/wp-content\/uploads\/2022\/12\/LR-logo-01-186x126.png 186w, https:\/\/jadek-pensa.si\/wp-content\/uploads\/2022\/12\/LR-logo-01-212x144.png 212w, https:\/\/jadek-pensa.si\/wp-content\/uploads\/2022\/12\/LR-logo-01-218x148.png 218w, https:\/\/jadek-pensa.si\/wp-content\/uploads\/2022\/12\/LR-logo-01-228x154.png 228w, https:\/\/jadek-pensa.si\/wp-content\/uploads\/2022\/12\/LR-logo-01-240x163.png 240w, https:\/\/jadek-pensa.si\/wp-content\/uploads\/2022\/12\/LR-logo-01-259x175.png 259w, https:\/\/jadek-pensa.si\/wp-content\/uploads\/2022\/12\/LR-logo-01-274x186.png 274w, https:\/\/jadek-pensa.si\/wp-content\/uploads\/2022\/12\/LR-logo-01-280x190.png 280w, https:\/\/jadek-pensa.si\/wp-content\/uploads\/2022\/12\/LR-logo-01-289x196.png 289w, https:\/\/jadek-pensa.si\/wp-content\/uploads\/2022\/12\/LR-logo-01-315x213.png 315w, https:\/\/jadek-pensa.si\/wp-content\/uploads\/2022\/12\/LR-logo-01-320x217.png 320w, https:\/\/jadek-pensa.si\/wp-content\/uploads\/2022\/12\/LR-logo-01-327x222.png 327w, https:\/\/jadek-pensa.si\/wp-content\/uploads\/2022\/12\/LR-logo-01-335x227.png 335w, https:\/\/jadek-pensa.si\/wp-content\/uploads\/2022\/12\/LR-logo-01-345x234.png 345w, https:\/\/jadek-pensa.si\/wp-content\/uploads\/2022\/12\/LR-logo-01-356x241.png 356w, https:\/\/jadek-pensa.si\/wp-content\/uploads\/2022\/12\/LR-logo-01-375x254.png 375w, https:\/\/jadek-pensa.si\/wp-content\/uploads\/2022\/12\/LR-logo-01-385x261.png 385w, https:\/\/jadek-pensa.si\/wp-content\/uploads\/2022\/12\/LR-logo-01-394x267.png 394w, https:\/\/jadek-pensa.si\/wp-content\/uploads\/2022\/12\/LR-logo-01-414x281.png 414w, https:\/\/jadek-pensa.si\/wp-content\/uploads\/2022\/12\/LR-logo-01-425x288.png 425w, https:\/\/jadek-pensa.si\/wp-content\/uploads\/2022\/12\/LR-logo-01-460x312.png 460w, https:\/\/jadek-pensa.si\/wp-content\/uploads\/2022\/12\/LR-logo-01-502x340.png 502w, https:\/\/jadek-pensa.si\/wp-content\/uploads\/2022\/12\/LR-logo-01-580x393.png 580w, https:\/\/jadek-pensa.si\/wp-content\/uploads\/2022\/12\/LR-logo-01-696x472.png 696w, https:\/\/jadek-pensa.si\/wp-content\/uploads\/2022\/12\/LR-logo-01.png 732w\" sizes=\"auto, (max-width: 300px) 100vw, 300px\" \/><\/p>\n<p class=\"subtitle\">Jadek &amp; Pensa geh\u00f6rt zu den Unterzeichnern der <a href=\"https:\/\/www.raznolikost.eu\/en\/\" target=\"_blank\" rel=\"noopener\">Charta der Vielfalt in Slowenien.<\/a>\u00a0 Mit der Unterzeichnung der Charta haben wir uns noch weiter verpflichtet, alle Formen der Diskriminierung zu verhindern und eine Politik der Vielfalt zu entwickeln, die Chancengleichheit, Integration und Vielfalt durch die Anerkennung individueller F\u00e4higkeiten\u00a0f\u00f6rdert.<\/p>\n","protected":false},"excerpt":{"rendered":"<p>Im Rahmen unserer Gesch\u00e4ftst\u00e4tigkeit und strategischer Entscheidungen beachten wir\u00a0die 10 universellen Prinzipien des UN Global Compact in den Bereichen Menschenrechte, Arbeitsnormen, Umwelt, Transparenz und Korruptionsbek\u00e4mpfung. Ein wichtiger Teil unseres Berufs stellen Menschlichkeit und Achtung der Menschenw\u00fcrde dar. Wir sind \u00fcberzeugt davon, dass auch die Wirtschaft und damit unsere Anwaltskanzlei (mit)verantwortlich f\u00fcr nachhaltige Entwicklung im Einklang<\/p>\n","protected":false},"author":8,"featured_media":0,"parent":895,"menu_order":31,"comment_status":"closed","ping_status":"closed","template":"page-templates\/about.php","meta":{"_acf_changed":false,"footnotes":""},"class_list":["post-1082","page","type-page","status-publish","hentry"],"acf":[],"yoast_head":"<!-- This site is optimized with the Yoast SEO plugin v27.2 - https:\/\/yoast.com\/product\/yoast-seo-wordpress\/ -->\n<title>Soziale Verantwortung - Jadek &amp; Pensa<\/title>\n<meta name=\"robots\" content=\"index, follow, max-snippet:-1, max-image-preview:large, max-video-preview:-1\" \/>\n<link rel=\"canonical\" href=\"https:\/\/jadek-pensa.si\/de\/uber-uns\/soziale-verantwortung\/\" \/>\n<meta property=\"og:locale\" content=\"de_DE\" \/>\n<meta property=\"og:type\" content=\"article\" \/>\n<meta property=\"og:title\" content=\"Soziale Verantwortung - Jadek &amp; Pensa\" \/>\n<meta property=\"og:description\" content=\"Im Rahmen unserer Gesch\u00e4ftst\u00e4tigkeit und strategischer Entscheidungen beachten wir\u00a0die 10 universellen Prinzipien des UN Global Compact in den Bereichen Menschenrechte, Arbeitsnormen, Umwelt, Transparenz und Korruptionsbek\u00e4mpfung. Ein wichtiger Teil unseres Berufs stellen Menschlichkeit und Achtung der Menschenw\u00fcrde dar. Wir sind \u00fcberzeugt davon, dass auch die Wirtschaft und damit unsere Anwaltskanzlei (mit)verantwortlich f\u00fcr nachhaltige Entwicklung im Einklang\" \/>\n<meta property=\"og:url\" content=\"https:\/\/jadek-pensa.si\/de\/uber-uns\/soziale-verantwortung\/\" \/>\n<meta property=\"og:site_name\" content=\"Jadek &amp; Pensa\" \/>\n<meta property=\"article:modified_time\" content=\"2022-12-20T10:39:36+00:00\" \/>\n<meta property=\"og:image\" content=\"http:\/\/www.jadek-pensa.si\/wp-content\/uploads\/2022\/12\/LR-logo-01-300x203.png\" \/>\n<meta name=\"twitter:card\" content=\"summary_large_image\" \/>\n<meta name=\"twitter:label1\" content=\"Est. reading time\" \/>\n\t<meta name=\"twitter:data1\" content=\"2 minutes\" \/>\n<script type=\"application\/ld+json\" class=\"yoast-schema-graph\">{\"@context\":\"https:\/\/schema.org\",\"@graph\":[{\"@type\":\"WebPage\",\"@id\":\"https:\/\/jadek-pensa.si\/de\/uber-uns\/soziale-verantwortung\/\",\"url\":\"https:\/\/jadek-pensa.si\/de\/uber-uns\/soziale-verantwortung\/\",\"name\":\"Soziale Verantwortung - Jadek &amp; Pensa\",\"isPartOf\":{\"@id\":\"https:\/\/www.jadek-pensa.si\/de\/#website\"},\"primaryImageOfPage\":{\"@id\":\"https:\/\/jadek-pensa.si\/de\/uber-uns\/soziale-verantwortung\/#primaryimage\"},\"image\":{\"@id\":\"https:\/\/jadek-pensa.si\/de\/uber-uns\/soziale-verantwortung\/#primaryimage\"},\"thumbnailUrl\":\"http:\/\/www.jadek-pensa.si\/wp-content\/uploads\/2022\/12\/LR-logo-01-300x203.png\",\"datePublished\":\"2017-12-12T08:50:19+00:00\",\"dateModified\":\"2022-12-20T10:39:36+00:00\",\"breadcrumb\":{\"@id\":\"https:\/\/jadek-pensa.si\/de\/uber-uns\/soziale-verantwortung\/#breadcrumb\"},\"inLanguage\":\"de-DE\",\"potentialAction\":[{\"@type\":\"ReadAction\",\"target\":[\"https:\/\/jadek-pensa.si\/de\/uber-uns\/soziale-verantwortung\/\"]}]},{\"@type\":\"ImageObject\",\"inLanguage\":\"de-DE\",\"@id\":\"https:\/\/jadek-pensa.si\/de\/uber-uns\/soziale-verantwortung\/#primaryimage\",\"url\":\"http:\/\/www.jadek-pensa.si\/wp-content\/uploads\/2022\/12\/LR-logo-01-300x203.png\",\"contentUrl\":\"http:\/\/www.jadek-pensa.si\/wp-content\/uploads\/2022\/12\/LR-logo-01-300x203.png\"},{\"@type\":\"BreadcrumbList\",\"@id\":\"https:\/\/jadek-pensa.si\/de\/uber-uns\/soziale-verantwortung\/#breadcrumb\",\"itemListElement\":[{\"@type\":\"ListItem\",\"position\":1,\"name\":\"Home\",\"item\":\"https:\/\/www.jadek-pensa.si\/de\/\"},{\"@type\":\"ListItem\",\"position\":2,\"name\":\"\u00dcber uns\",\"item\":\"https:\/\/jadek-pensa.si\/de\/uber-uns\/\"},{\"@type\":\"ListItem\",\"position\":3,\"name\":\"Soziale Verantwortung\"}]},{\"@type\":\"WebSite\",\"@id\":\"https:\/\/www.jadek-pensa.si\/de\/#website\",\"url\":\"https:\/\/www.jadek-pensa.si\/de\/\",\"name\":\"Jadek &amp; Pensa\",\"description\":\"\",\"potentialAction\":[{\"@type\":\"SearchAction\",\"target\":{\"@type\":\"EntryPoint\",\"urlTemplate\":\"https:\/\/www.jadek-pensa.si\/de\/?s={search_term_string}\"},\"query-input\":{\"@type\":\"PropertyValueSpecification\",\"valueRequired\":true,\"valueName\":\"search_term_string\"}}],\"inLanguage\":\"de-DE\"}]}<\/script>\n<!-- \/ Yoast SEO plugin. -->","yoast_head_json":{"title":"Soziale Verantwortung - Jadek &amp; Pensa","robots":{"index":"index","follow":"follow","max-snippet":"max-snippet:-1","max-image-preview":"max-image-preview:large","max-video-preview":"max-video-preview:-1"},"canonical":"https:\/\/jadek-pensa.si\/de\/uber-uns\/soziale-verantwortung\/","og_locale":"de_DE","og_type":"article","og_title":"Soziale Verantwortung - Jadek &amp; Pensa","og_description":"Im Rahmen unserer Gesch\u00e4ftst\u00e4tigkeit und strategischer Entscheidungen beachten wir\u00a0die 10 universellen Prinzipien des UN Global Compact in den Bereichen Menschenrechte, Arbeitsnormen, Umwelt, Transparenz und Korruptionsbek\u00e4mpfung. Ein wichtiger Teil unseres Berufs stellen Menschlichkeit und Achtung der Menschenw\u00fcrde dar. Wir sind \u00fcberzeugt davon, dass auch die Wirtschaft und damit unsere Anwaltskanzlei (mit)verantwortlich f\u00fcr nachhaltige Entwicklung im Einklang","og_url":"https:\/\/jadek-pensa.si\/de\/uber-uns\/soziale-verantwortung\/","og_site_name":"Jadek &amp; Pensa","article_modified_time":"2022-12-20T10:39:36+00:00","og_image":[{"url":"http:\/\/www.jadek-pensa.si\/wp-content\/uploads\/2022\/12\/LR-logo-01-300x203.png","type":"","width":"","height":""}],"twitter_card":"summary_large_image","twitter_misc":{"Est. reading time":"2 minutes"},"schema":{"@context":"https:\/\/schema.org","@graph":[{"@type":"WebPage","@id":"https:\/\/jadek-pensa.si\/de\/uber-uns\/soziale-verantwortung\/","url":"https:\/\/jadek-pensa.si\/de\/uber-uns\/soziale-verantwortung\/","name":"Soziale Verantwortung - Jadek &amp; Pensa","isPartOf":{"@id":"https:\/\/www.jadek-pensa.si\/de\/#website"},"primaryImageOfPage":{"@id":"https:\/\/jadek-pensa.si\/de\/uber-uns\/soziale-verantwortung\/#primaryimage"},"image":{"@id":"https:\/\/jadek-pensa.si\/de\/uber-uns\/soziale-verantwortung\/#primaryimage"},"thumbnailUrl":"http:\/\/www.jadek-pensa.si\/wp-content\/uploads\/2022\/12\/LR-logo-01-300x203.png","datePublished":"2017-12-12T08:50:19+00:00","dateModified":"2022-12-20T10:39:36+00:00","breadcrumb":{"@id":"https:\/\/jadek-pensa.si\/de\/uber-uns\/soziale-verantwortung\/#breadcrumb"},"inLanguage":"de-DE","potentialAction":[{"@type":"ReadAction","target":["https:\/\/jadek-pensa.si\/de\/uber-uns\/soziale-verantwortung\/"]}]},{"@type":"ImageObject","inLanguage":"de-DE","@id":"https:\/\/jadek-pensa.si\/de\/uber-uns\/soziale-verantwortung\/#primaryimage","url":"http:\/\/www.jadek-pensa.si\/wp-content\/uploads\/2022\/12\/LR-logo-01-300x203.png","contentUrl":"http:\/\/www.jadek-pensa.si\/wp-content\/uploads\/2022\/12\/LR-logo-01-300x203.png"},{"@type":"BreadcrumbList","@id":"https:\/\/jadek-pensa.si\/de\/uber-uns\/soziale-verantwortung\/#breadcrumb","itemListElement":[{"@type":"ListItem","position":1,"name":"Home","item":"https:\/\/www.jadek-pensa.si\/de\/"},{"@type":"ListItem","position":2,"name":"\u00dcber uns","item":"https:\/\/jadek-pensa.si\/de\/uber-uns\/"},{"@type":"ListItem","position":3,"name":"Soziale Verantwortung"}]},{"@type":"WebSite","@id":"https:\/\/www.jadek-pensa.si\/de\/#website","url":"https:\/\/www.jadek-pensa.si\/de\/","name":"Jadek &amp; Pensa","description":"","potentialAction":[{"@type":"SearchAction","target":{"@type":"EntryPoint","urlTemplate":"https:\/\/www.jadek-pensa.si\/de\/?s={search_term_string}"},"query-input":{"@type":"PropertyValueSpecification","valueRequired":true,"valueName":"search_term_string"}}],"inLanguage":"de-DE"}]}},"_links":{"self":[{"href":"https:\/\/jadek-pensa.si\/de\/wp-json\/wp\/v2\/pages\/1082","targetHints":{"allow":["GET"]}}],"collection":[{"href":"https:\/\/jadek-pensa.si\/de\/wp-json\/wp\/v2\/pages"}],"about":[{"href":"https:\/\/jadek-pensa.si\/de\/wp-json\/wp\/v2\/types\/page"}],"author":[{"embeddable":true,"href":"https:\/\/jadek-pensa.si\/de\/wp-json\/wp\/v2\/users\/8"}],"replies":[{"embeddable":true,"href":"https:\/\/jadek-pensa.si\/de\/wp-json\/wp\/v2\/comments?post=1082"}],"version-history":[{"count":0,"href":"https:\/\/jadek-pensa.si\/de\/wp-json\/wp\/v2\/pages\/1082\/revisions"}],"up":[{"embeddable":true,"href":"https:\/\/jadek-pensa.si\/de\/wp-json\/wp\/v2\/pages\/895"}],"wp:attachment":[{"href":"https:\/\/jadek-pensa.si\/de\/wp-json\/wp\/v2\/media?parent=1082"}],"curies":[{"name":"wp","href":"https:\/\/api.w.org\/{rel}","templated":true}]}}