{"id":1448,"date":"2018-02-19T11:44:07","date_gmt":"2018-02-19T11:44:07","guid":{"rendered":"http:\/\/jadek-pensa.si\/\/nepremicnine-gradbenistvo-in-infrastruktura\/"},"modified":"2019-02-12T09:06:19","modified_gmt":"2019-02-12T09:06:19","slug":"immobilien-bauwesen-und-infrastruktur","status":"publish","type":"page","link":"http:\/\/jadek-pensa.si\/de\/arbeitsfelder\/immobilien-bauwesen-und-infrastruktur\/","title":{"rendered":"Immobilien, Bauwesen und Infrastruktur"},"content":{"rendered":"<p><span lang=\"DE\">Immobiliengesch\u00e4fte und Projekte f\u00fcr den Bau neuer Anlagen und Infrastruktur z\u00e4hlen oft zu den\u00a0gr\u00f6\u00dften und anspruchsvollsten. Wir haben umfangreiche Kenntnisse und Erfahrungen in diesem Gebiet, da unsere Kanzlei entweder die Verk\u00e4ufer oder die K\u00e4ufer bei einigen der gr\u00f6\u00dften Immobiliengesch\u00e4ften und Bau- und Infrastrukturprojekten in Slowenien beraten hat. <\/span><\/p>\n<p>Auf dem Gebiet der Immobiliengesch\u00e4fte bietet unsere Kanzlei das gesamte Spektrum von Dienstleistungen, von Sorgfaltspr\u00fcfung bis zur Erstellung von Vertr\u00e4gen und Durchf\u00fchrung und Verwirklichung des Gesch\u00e4fts. Wir haben eigene Computertools entwickelt, die automatisierte Pr\u00fcfung und Analyse der Daten bei der Sorgfaltspr\u00fcfung erm\u00f6glichen, wobei wir wertvolle Zeit sparen und wirksam die Kosten f\u00fcr unsere Kunden reduzieren. Gleichzeitig k\u00f6nnen wir mit diesem innovativen Ansatz die Anforderungen des Markts bez\u00fcglich die voraussehbare H\u00f6he unseres Honorars bei der Aus\u00fcbung von Sorgfaltspr\u00fcfungen erf\u00fcllen.<\/p>\n<p>Bei Bau-, Architektur- und Konstruktionsvertr\u00e4gen beraten wir sowohl Auftraggeber als auch Auftragsnehmer. Unsere Erfahrungen und Verst\u00e4ndnis dieser Fachgebiete bieten uns eine gute Grundlage f\u00fcr qualit\u00e4tsvolle Rechtsberatung, die auch die Besonderheiten des einzelnen Gebiets ber\u00fccksichtigt. Wir sind uns bewusst, dass Vertr\u00e4ge im Bereich des Bauwesens zu mehr komplexen Rechtsgesch\u00e4ften geh\u00f6ren, bei denen es sehr wichtig ist, dass sowohl der Auftraggeber als auch der Auftragsnehmer bereits am Anfang richtig und genau ihre gegenseitigen Rechte und Pflichten festlegen. Nur auf diese Weise kann man unsichere und potenziell streitige Situationen, die w\u00e4hrend oder im Zusammenhang mit dem Bau entstehen, vermeiden.<\/p>\n<p>Wir beraten und vertreten Kunden auch im Zusammenhang mit Immobilienverwaltung.<\/p>\n","protected":false},"excerpt":{"rendered":"<p>Immobiliengesch\u00e4fte und Projekte f\u00fcr den Bau neuer Anlagen und Infrastruktur z\u00e4hlen oft zu den\u00a0gr\u00f6\u00dften und anspruchsvollsten. Wir haben umfangreiche Kenntnisse und Erfahrungen in diesem Gebiet, da unsere Kanzlei entweder die Verk\u00e4ufer oder die K\u00e4ufer bei einigen der gr\u00f6\u00dften Immobiliengesch\u00e4ften und Bau- und Infrastrukturprojekten in Slowenien beraten hat. Auf dem Gebiet der Immobiliengesch\u00e4fte bietet unsere Kanzlei<\/p>\n","protected":false},"author":8,"featured_media":0,"parent":653,"menu_order":81,"comment_status":"closed","ping_status":"closed","template":"page-templates\/fields-of-work.php","meta":{"_acf_changed":false,"footnotes":""},"class_list":["post-1448","page","type-page","status-publish","hentry"],"acf":[],"yoast_head":"<!-- This site is optimized with the Yoast SEO plugin v27.4 - https:\/\/yoast.com\/product\/yoast-seo-wordpress\/ -->\n<title>Immobilien, Bauwesen und Infrastruktur - Jadek &amp; Pensa<\/title>\n<meta name=\"robots\" content=\"index, follow, max-snippet:-1, max-image-preview:large, max-video-preview:-1\" \/>\n<link rel=\"canonical\" href=\"http:\/\/jadek-pensa.si\/de\/arbeitsfelder\/immobilien-bauwesen-und-infrastruktur\/\" \/>\n<meta property=\"og:locale\" content=\"de_DE\" \/>\n<meta property=\"og:type\" content=\"article\" \/>\n<meta property=\"og:title\" content=\"Immobilien, Bauwesen und Infrastruktur - Jadek &amp; Pensa\" \/>\n<meta property=\"og:description\" content=\"Immobiliengesch\u00e4fte und Projekte f\u00fcr den Bau neuer Anlagen und Infrastruktur z\u00e4hlen oft zu den\u00a0gr\u00f6\u00dften und anspruchsvollsten. Wir haben umfangreiche Kenntnisse und Erfahrungen in diesem Gebiet, da unsere Kanzlei entweder die Verk\u00e4ufer oder die K\u00e4ufer bei einigen der gr\u00f6\u00dften Immobiliengesch\u00e4ften und Bau- und Infrastrukturprojekten in Slowenien beraten hat. Auf dem Gebiet der Immobiliengesch\u00e4fte bietet unsere Kanzlei\" \/>\n<meta property=\"og:url\" content=\"http:\/\/jadek-pensa.si\/de\/arbeitsfelder\/immobilien-bauwesen-und-infrastruktur\/\" \/>\n<meta property=\"og:site_name\" content=\"Jadek &amp; Pensa\" \/>\n<meta property=\"article:modified_time\" content=\"2019-02-12T09:06:19+00:00\" \/>\n<meta property=\"og:image\" content=\"http:\/\/jadek-pensa.si\/wp-content\/uploads\/2024\/12\/social-image-scaled.jpg\" \/>\n\t<meta property=\"og:image:width\" content=\"2560\" \/>\n\t<meta property=\"og:image:height\" content=\"1440\" \/>\n\t<meta property=\"og:image:type\" content=\"image\/jpeg\" \/>\n<meta name=\"twitter:card\" content=\"summary_large_image\" \/>\n<meta name=\"twitter:label1\" content=\"Gesch\u00e4tzte Lesezeit\" \/>\n\t<meta name=\"twitter:data1\" content=\"1\u00a0Minute\" \/>\n<script type=\"application\/ld+json\" class=\"yoast-schema-graph\">{\"@context\":\"https:\\\/\\\/schema.org\",\"@graph\":[{\"@type\":\"WebPage\",\"@id\":\"http:\\\/\\\/jadek-pensa.si\\\/de\\\/arbeitsfelder\\\/immobilien-bauwesen-und-infrastruktur\\\/\",\"url\":\"http:\\\/\\\/jadek-pensa.si\\\/de\\\/arbeitsfelder\\\/immobilien-bauwesen-und-infrastruktur\\\/\",\"name\":\"Immobilien, Bauwesen und Infrastruktur - Jadek &amp; Pensa\",\"isPartOf\":{\"@id\":\"https:\\\/\\\/www.jadek-pensa.si\\\/de\\\/#website\"},\"datePublished\":\"2018-02-19T11:44:07+00:00\",\"dateModified\":\"2019-02-12T09:06:19+00:00\",\"breadcrumb\":{\"@id\":\"http:\\\/\\\/jadek-pensa.si\\\/de\\\/arbeitsfelder\\\/immobilien-bauwesen-und-infrastruktur\\\/#breadcrumb\"},\"inLanguage\":\"de\",\"potentialAction\":[{\"@type\":\"ReadAction\",\"target\":[\"http:\\\/\\\/jadek-pensa.si\\\/de\\\/arbeitsfelder\\\/immobilien-bauwesen-und-infrastruktur\\\/\"]}]},{\"@type\":\"BreadcrumbList\",\"@id\":\"http:\\\/\\\/jadek-pensa.si\\\/de\\\/arbeitsfelder\\\/immobilien-bauwesen-und-infrastruktur\\\/#breadcrumb\",\"itemListElement\":[{\"@type\":\"ListItem\",\"position\":1,\"name\":\"Home\",\"item\":\"https:\\\/\\\/www.jadek-pensa.si\\\/de\\\/\"},{\"@type\":\"ListItem\",\"position\":2,\"name\":\"Arbeitsfelder\",\"item\":\"https:\\\/\\\/www.jadek-pensa.si\\\/de\\\/arbeitsfelder\\\/\"},{\"@type\":\"ListItem\",\"position\":3,\"name\":\"Immobilien, Bauwesen und Infrastruktur\"}]},{\"@type\":\"WebSite\",\"@id\":\"https:\\\/\\\/www.jadek-pensa.si\\\/de\\\/#website\",\"url\":\"https:\\\/\\\/www.jadek-pensa.si\\\/de\\\/\",\"name\":\"Jadek &amp; Pensa\",\"description\":\"\",\"potentialAction\":[{\"@type\":\"SearchAction\",\"target\":{\"@type\":\"EntryPoint\",\"urlTemplate\":\"https:\\\/\\\/www.jadek-pensa.si\\\/de\\\/?s={search_term_string}\"},\"query-input\":{\"@type\":\"PropertyValueSpecification\",\"valueRequired\":true,\"valueName\":\"search_term_string\"}}],\"inLanguage\":\"de\"}]}<\/script>\n<!-- \/ Yoast SEO plugin. -->","yoast_head_json":{"title":"Immobilien, Bauwesen und Infrastruktur - Jadek &amp; Pensa","robots":{"index":"index","follow":"follow","max-snippet":"max-snippet:-1","max-image-preview":"max-image-preview:large","max-video-preview":"max-video-preview:-1"},"canonical":"http:\/\/jadek-pensa.si\/de\/arbeitsfelder\/immobilien-bauwesen-und-infrastruktur\/","og_locale":"de_DE","og_type":"article","og_title":"Immobilien, Bauwesen und Infrastruktur - Jadek &amp; Pensa","og_description":"Immobiliengesch\u00e4fte und Projekte f\u00fcr den Bau neuer Anlagen und Infrastruktur z\u00e4hlen oft zu den\u00a0gr\u00f6\u00dften und anspruchsvollsten. Wir haben umfangreiche Kenntnisse und Erfahrungen in diesem Gebiet, da unsere Kanzlei entweder die Verk\u00e4ufer oder die K\u00e4ufer bei einigen der gr\u00f6\u00dften Immobiliengesch\u00e4ften und Bau- und Infrastrukturprojekten in Slowenien beraten hat. Auf dem Gebiet der Immobiliengesch\u00e4fte bietet unsere Kanzlei","og_url":"http:\/\/jadek-pensa.si\/de\/arbeitsfelder\/immobilien-bauwesen-und-infrastruktur\/","og_site_name":"Jadek &amp; Pensa","article_modified_time":"2019-02-12T09:06:19+00:00","og_image":[{"width":2560,"height":1440,"url":"http:\/\/jadek-pensa.si\/wp-content\/uploads\/2024\/12\/social-image-scaled.jpg","type":"image\/jpeg"}],"twitter_card":"summary_large_image","twitter_misc":{"Gesch\u00e4tzte Lesezeit":"1\u00a0Minute"},"schema":{"@context":"https:\/\/schema.org","@graph":[{"@type":"WebPage","@id":"http:\/\/jadek-pensa.si\/de\/arbeitsfelder\/immobilien-bauwesen-und-infrastruktur\/","url":"http:\/\/jadek-pensa.si\/de\/arbeitsfelder\/immobilien-bauwesen-und-infrastruktur\/","name":"Immobilien, Bauwesen und Infrastruktur - Jadek &amp; Pensa","isPartOf":{"@id":"https:\/\/www.jadek-pensa.si\/de\/#website"},"datePublished":"2018-02-19T11:44:07+00:00","dateModified":"2019-02-12T09:06:19+00:00","breadcrumb":{"@id":"http:\/\/jadek-pensa.si\/de\/arbeitsfelder\/immobilien-bauwesen-und-infrastruktur\/#breadcrumb"},"inLanguage":"de","potentialAction":[{"@type":"ReadAction","target":["http:\/\/jadek-pensa.si\/de\/arbeitsfelder\/immobilien-bauwesen-und-infrastruktur\/"]}]},{"@type":"BreadcrumbList","@id":"http:\/\/jadek-pensa.si\/de\/arbeitsfelder\/immobilien-bauwesen-und-infrastruktur\/#breadcrumb","itemListElement":[{"@type":"ListItem","position":1,"name":"Home","item":"https:\/\/www.jadek-pensa.si\/de\/"},{"@type":"ListItem","position":2,"name":"Arbeitsfelder","item":"https:\/\/www.jadek-pensa.si\/de\/arbeitsfelder\/"},{"@type":"ListItem","position":3,"name":"Immobilien, Bauwesen und Infrastruktur"}]},{"@type":"WebSite","@id":"https:\/\/www.jadek-pensa.si\/de\/#website","url":"https:\/\/www.jadek-pensa.si\/de\/","name":"Jadek &amp; Pensa","description":"","potentialAction":[{"@type":"SearchAction","target":{"@type":"EntryPoint","urlTemplate":"https:\/\/www.jadek-pensa.si\/de\/?s={search_term_string}"},"query-input":{"@type":"PropertyValueSpecification","valueRequired":true,"valueName":"search_term_string"}}],"inLanguage":"de"}]}},"_links":{"self":[{"href":"http:\/\/jadek-pensa.si\/de\/wp-json\/wp\/v2\/pages\/1448","targetHints":{"allow":["GET"]}}],"collection":[{"href":"http:\/\/jadek-pensa.si\/de\/wp-json\/wp\/v2\/pages"}],"about":[{"href":"http:\/\/jadek-pensa.si\/de\/wp-json\/wp\/v2\/types\/page"}],"author":[{"embeddable":true,"href":"http:\/\/jadek-pensa.si\/de\/wp-json\/wp\/v2\/users\/8"}],"replies":[{"embeddable":true,"href":"http:\/\/jadek-pensa.si\/de\/wp-json\/wp\/v2\/comments?post=1448"}],"version-history":[{"count":0,"href":"http:\/\/jadek-pensa.si\/de\/wp-json\/wp\/v2\/pages\/1448\/revisions"}],"up":[{"embeddable":true,"href":"http:\/\/jadek-pensa.si\/de\/wp-json\/wp\/v2\/pages\/653"}],"wp:attachment":[{"href":"http:\/\/jadek-pensa.si\/de\/wp-json\/wp\/v2\/media?parent=1448"}],"curies":[{"name":"wp","href":"https:\/\/api.w.org\/{rel}","templated":true}]}}