{"id":1329,"date":"2017-12-12T08:42:57","date_gmt":"2017-12-12T08:42:57","guid":{"rendered":"http:\/\/jadek-pensa.si\/\/arbeitsfelder\/prevzemi-in-zdruzitve\/"},"modified":"2019-02-12T09:11:37","modified_gmt":"2019-02-12T09:11:37","slug":"fusionen-und-ubernahmen","status":"publish","type":"page","link":"http:\/\/jadek-pensa.si\/de\/arbeitsfelder\/fusionen-und-ubernahmen\/","title":{"rendered":"Fusionen und \u00dcbernahmen"},"content":{"rendered":"<p>Das Gebiet der Fusionen und \u00dcbernahmen (M&amp;A \u2013 <em>Mergers &amp; Acquisitions<\/em>) hat in den letzten zehn Jahren einen gro\u00dfen Schritt nach vorne gemacht.<\/p>\n<p>Die Regulierung vertraglicher und anderer Beziehungen zwischen den Teilnehmern der M&amp;A Transaktionen ist weit vorangeschritten. Mit langj\u00e4hriger Mitarbeit bei den gr\u00f6\u00dften und anspruchsvollsten Transaktionen (andauernd seit den 1990er Jahren) haben wir umfangreiche Erfahrungen und Kenntnisse gesammelt bez\u00fcglich der Rechtsl\u00f6sungen, die angemessen und gut sind, so wie bez\u00fcglich derjenigen, die nicht so sind. Wir k\u00f6nnen uns auf Fragen konzentrieren, die wichtig sind, und Wege finden, die einen zus\u00e4tzlichen Wert f\u00fcr alle Teilnehmer der Transaktionen darstellen; ohne dies funktionieren Transaktionen heutzutage nicht.<\/p>\n<p>Auch die Praxis bez\u00fcglich der Sorgfaltspr\u00fcfungen (<em>due diligence<\/em>) hat sich ge\u00e4ndert. Vorher waren sie sehr detailliert und die Berichte waren deskriptiv und umfangreich. Heute ist es nicht mehr so. In der Anwaltskanzlei Jadek &amp; Pensa widmen wir viel Aufmerksamkeit und Anstrengungen der Rationalisierung von Sorgfaltspr\u00fcfungen, auch mit Hilfe von computerisierten Algorithmen, die Pr\u00fcfungen automatisieren, wo das m\u00f6glich ist. Die Sorgfaltspr\u00fcfungen werden auf die Gebiete, f\u00fcr die wir aufgrund unserer umfangreichen Erfahrungen wissen, dass sie f\u00fcr den Kunden wichtig sind, konzentriert und die durch Sorgfaltspr\u00fcfung entstehenden Zeitaufwand und Kosten werden immer reduziert.<\/p>\n<p>Wir sehen M&amp;A als die Suche nach Gemeinwohl, nach Kompromiss und Vereinbarung, und nicht als ein kontradiktorisches Verfahren. Unsere Erfahrungen erlauben uns, die Transaktion mit den Augen des Gespr\u00e4chspartners zu betrachten, w\u00e4hrend wir aufgrund unserer Rechtskenntnisse L\u00f6sungen finden k\u00f6nnen, die eine reibungslose Realisierung der wirtschaftlichen Interessen der Transaktion erm\u00f6glichen.<\/p>\n","protected":false},"excerpt":{"rendered":"<p>Das Gebiet der Fusionen und \u00dcbernahmen (M&amp;A \u2013 Mergers &amp; Acquisitions) hat in den letzten zehn Jahren einen gro\u00dfen Schritt nach vorne gemacht. Die Regulierung vertraglicher und anderer Beziehungen zwischen den Teilnehmern der M&amp;A Transaktionen ist weit vorangeschritten. Mit langj\u00e4hriger Mitarbeit bei den gr\u00f6\u00dften und anspruchsvollsten Transaktionen (andauernd seit den 1990er Jahren) haben wir umfangreiche<\/p>\n","protected":false},"author":8,"featured_media":0,"parent":653,"menu_order":103,"comment_status":"closed","ping_status":"closed","template":"page-templates\/fields-of-work.php","meta":{"_acf_changed":false,"footnotes":""},"class_list":["post-1329","page","type-page","status-publish","hentry"],"acf":[],"yoast_head":"<!-- This site is optimized with the Yoast SEO plugin v27.2 - https:\/\/yoast.com\/product\/yoast-seo-wordpress\/ -->\n<title>Fusionen und \u00dcbernahmen - Jadek &amp; Pensa<\/title>\n<meta name=\"robots\" content=\"index, follow, max-snippet:-1, max-image-preview:large, max-video-preview:-1\" \/>\n<link rel=\"canonical\" href=\"http:\/\/jadek-pensa.si\/de\/arbeitsfelder\/fusionen-und-ubernahmen\/\" \/>\n<meta property=\"og:locale\" content=\"de_DE\" \/>\n<meta property=\"og:type\" content=\"article\" \/>\n<meta property=\"og:title\" content=\"Fusionen und \u00dcbernahmen - Jadek &amp; Pensa\" \/>\n<meta property=\"og:description\" content=\"Das Gebiet der Fusionen und \u00dcbernahmen (M&amp;A \u2013 Mergers &amp; Acquisitions) hat in den letzten zehn Jahren einen gro\u00dfen Schritt nach vorne gemacht. Die Regulierung vertraglicher und anderer Beziehungen zwischen den Teilnehmern der M&amp;A Transaktionen ist weit vorangeschritten. Mit langj\u00e4hriger Mitarbeit bei den gr\u00f6\u00dften und anspruchsvollsten Transaktionen (andauernd seit den 1990er Jahren) haben wir umfangreiche\" \/>\n<meta property=\"og:url\" content=\"http:\/\/jadek-pensa.si\/de\/arbeitsfelder\/fusionen-und-ubernahmen\/\" \/>\n<meta property=\"og:site_name\" content=\"Jadek &amp; Pensa\" \/>\n<meta property=\"article:modified_time\" content=\"2019-02-12T09:11:37+00:00\" \/>\n<meta property=\"og:image\" content=\"http:\/\/jadek-pensa.si\/wp-content\/uploads\/2024\/12\/social-image-scaled.jpg\" \/>\n\t<meta property=\"og:image:width\" content=\"2560\" \/>\n\t<meta property=\"og:image:height\" content=\"1440\" \/>\n\t<meta property=\"og:image:type\" content=\"image\/jpeg\" \/>\n<meta name=\"twitter:card\" content=\"summary_large_image\" \/>\n<meta name=\"twitter:label1\" content=\"Est. reading time\" \/>\n\t<meta name=\"twitter:data1\" content=\"1 minute\" \/>\n<script type=\"application\/ld+json\" class=\"yoast-schema-graph\">{\"@context\":\"https:\/\/schema.org\",\"@graph\":[{\"@type\":\"WebPage\",\"@id\":\"http:\/\/jadek-pensa.si\/de\/arbeitsfelder\/fusionen-und-ubernahmen\/\",\"url\":\"http:\/\/jadek-pensa.si\/de\/arbeitsfelder\/fusionen-und-ubernahmen\/\",\"name\":\"Fusionen und \u00dcbernahmen - Jadek &amp; Pensa\",\"isPartOf\":{\"@id\":\"https:\/\/www.jadek-pensa.si\/de\/#website\"},\"datePublished\":\"2017-12-12T08:42:57+00:00\",\"dateModified\":\"2019-02-12T09:11:37+00:00\",\"breadcrumb\":{\"@id\":\"http:\/\/jadek-pensa.si\/de\/arbeitsfelder\/fusionen-und-ubernahmen\/#breadcrumb\"},\"inLanguage\":\"de-DE\",\"potentialAction\":[{\"@type\":\"ReadAction\",\"target\":[\"http:\/\/jadek-pensa.si\/de\/arbeitsfelder\/fusionen-und-ubernahmen\/\"]}]},{\"@type\":\"BreadcrumbList\",\"@id\":\"http:\/\/jadek-pensa.si\/de\/arbeitsfelder\/fusionen-und-ubernahmen\/#breadcrumb\",\"itemListElement\":[{\"@type\":\"ListItem\",\"position\":1,\"name\":\"Home\",\"item\":\"https:\/\/www.jadek-pensa.si\/de\/\"},{\"@type\":\"ListItem\",\"position\":2,\"name\":\"Arbeitsfelder\",\"item\":\"https:\/\/www.jadek-pensa.si\/de\/arbeitsfelder\/\"},{\"@type\":\"ListItem\",\"position\":3,\"name\":\"Fusionen und \u00dcbernahmen\"}]},{\"@type\":\"WebSite\",\"@id\":\"https:\/\/www.jadek-pensa.si\/de\/#website\",\"url\":\"https:\/\/www.jadek-pensa.si\/de\/\",\"name\":\"Jadek &amp; Pensa\",\"description\":\"\",\"potentialAction\":[{\"@type\":\"SearchAction\",\"target\":{\"@type\":\"EntryPoint\",\"urlTemplate\":\"https:\/\/www.jadek-pensa.si\/de\/?s={search_term_string}\"},\"query-input\":{\"@type\":\"PropertyValueSpecification\",\"valueRequired\":true,\"valueName\":\"search_term_string\"}}],\"inLanguage\":\"de-DE\"}]}<\/script>\n<!-- \/ Yoast SEO plugin. -->","yoast_head_json":{"title":"Fusionen und \u00dcbernahmen - Jadek &amp; Pensa","robots":{"index":"index","follow":"follow","max-snippet":"max-snippet:-1","max-image-preview":"max-image-preview:large","max-video-preview":"max-video-preview:-1"},"canonical":"http:\/\/jadek-pensa.si\/de\/arbeitsfelder\/fusionen-und-ubernahmen\/","og_locale":"de_DE","og_type":"article","og_title":"Fusionen und \u00dcbernahmen - Jadek &amp; Pensa","og_description":"Das Gebiet der Fusionen und \u00dcbernahmen (M&amp;A \u2013 Mergers &amp; Acquisitions) hat in den letzten zehn Jahren einen gro\u00dfen Schritt nach vorne gemacht. Die Regulierung vertraglicher und anderer Beziehungen zwischen den Teilnehmern der M&amp;A Transaktionen ist weit vorangeschritten. Mit langj\u00e4hriger Mitarbeit bei den gr\u00f6\u00dften und anspruchsvollsten Transaktionen (andauernd seit den 1990er Jahren) haben wir umfangreiche","og_url":"http:\/\/jadek-pensa.si\/de\/arbeitsfelder\/fusionen-und-ubernahmen\/","og_site_name":"Jadek &amp; Pensa","article_modified_time":"2019-02-12T09:11:37+00:00","og_image":[{"width":2560,"height":1440,"url":"http:\/\/jadek-pensa.si\/wp-content\/uploads\/2024\/12\/social-image-scaled.jpg","type":"image\/jpeg"}],"twitter_card":"summary_large_image","twitter_misc":{"Est. reading time":"1 minute"},"schema":{"@context":"https:\/\/schema.org","@graph":[{"@type":"WebPage","@id":"http:\/\/jadek-pensa.si\/de\/arbeitsfelder\/fusionen-und-ubernahmen\/","url":"http:\/\/jadek-pensa.si\/de\/arbeitsfelder\/fusionen-und-ubernahmen\/","name":"Fusionen und \u00dcbernahmen - Jadek &amp; Pensa","isPartOf":{"@id":"https:\/\/www.jadek-pensa.si\/de\/#website"},"datePublished":"2017-12-12T08:42:57+00:00","dateModified":"2019-02-12T09:11:37+00:00","breadcrumb":{"@id":"http:\/\/jadek-pensa.si\/de\/arbeitsfelder\/fusionen-und-ubernahmen\/#breadcrumb"},"inLanguage":"de-DE","potentialAction":[{"@type":"ReadAction","target":["http:\/\/jadek-pensa.si\/de\/arbeitsfelder\/fusionen-und-ubernahmen\/"]}]},{"@type":"BreadcrumbList","@id":"http:\/\/jadek-pensa.si\/de\/arbeitsfelder\/fusionen-und-ubernahmen\/#breadcrumb","itemListElement":[{"@type":"ListItem","position":1,"name":"Home","item":"https:\/\/www.jadek-pensa.si\/de\/"},{"@type":"ListItem","position":2,"name":"Arbeitsfelder","item":"https:\/\/www.jadek-pensa.si\/de\/arbeitsfelder\/"},{"@type":"ListItem","position":3,"name":"Fusionen und \u00dcbernahmen"}]},{"@type":"WebSite","@id":"https:\/\/www.jadek-pensa.si\/de\/#website","url":"https:\/\/www.jadek-pensa.si\/de\/","name":"Jadek &amp; Pensa","description":"","potentialAction":[{"@type":"SearchAction","target":{"@type":"EntryPoint","urlTemplate":"https:\/\/www.jadek-pensa.si\/de\/?s={search_term_string}"},"query-input":{"@type":"PropertyValueSpecification","valueRequired":true,"valueName":"search_term_string"}}],"inLanguage":"de-DE"}]}},"_links":{"self":[{"href":"http:\/\/jadek-pensa.si\/de\/wp-json\/wp\/v2\/pages\/1329","targetHints":{"allow":["GET"]}}],"collection":[{"href":"http:\/\/jadek-pensa.si\/de\/wp-json\/wp\/v2\/pages"}],"about":[{"href":"http:\/\/jadek-pensa.si\/de\/wp-json\/wp\/v2\/types\/page"}],"author":[{"embeddable":true,"href":"http:\/\/jadek-pensa.si\/de\/wp-json\/wp\/v2\/users\/8"}],"replies":[{"embeddable":true,"href":"http:\/\/jadek-pensa.si\/de\/wp-json\/wp\/v2\/comments?post=1329"}],"version-history":[{"count":0,"href":"http:\/\/jadek-pensa.si\/de\/wp-json\/wp\/v2\/pages\/1329\/revisions"}],"up":[{"embeddable":true,"href":"http:\/\/jadek-pensa.si\/de\/wp-json\/wp\/v2\/pages\/653"}],"wp:attachment":[{"href":"http:\/\/jadek-pensa.si\/de\/wp-json\/wp\/v2\/media?parent=1329"}],"curies":[{"name":"wp","href":"https:\/\/api.w.org\/{rel}","templated":true}]}}