{"id":1327,"date":"2017-12-12T08:44:01","date_gmt":"2017-12-12T08:44:01","guid":{"rendered":"http:\/\/jadek-pensa.si\/\/arbeitsfelder\/korporacijsko-pravo\/"},"modified":"2020-01-08T07:47:33","modified_gmt":"2020-01-08T07:47:33","slug":"gesellschaftsrecht","status":"publish","type":"page","link":"http:\/\/jadek-pensa.si\/de\/arbeitsfelder\/gesellschaftsrecht\/","title":{"rendered":"Gesellschaftsrecht"},"content":{"rendered":"<p><span lang=\"DE\">Gesellschaftsrecht ist die Grundlage f\u00fcr den wirksamen Gesch\u00e4ftsbetrieb der Gesellschaften und Wirtschaftsakteure. Es geht um ein Rechtsfeld, das integriertes Verst\u00e4ndnis, Sinn f\u00fcr Details und\u00a0Kenntnis der bew\u00e4hrten in- und ausl\u00e4ndischen Verfahren erfordert. Es ist auch notwendig, Buchhaltung, Steuer und Unternehmensfinanzierung zu verstehen. <\/span><\/p>\n<p>Ein bedeutender Teil unseres Teams in diesem Feld leistet Beratung \u00f6ffentlichen und privaten Unternehmen, Verwaltung- und Aufsichtsbeh\u00f6rden, Aussch\u00fcssen und Eigent\u00fcmern bez\u00fcglich der optimalen Struktur und interner Regelung sowie auch in Bezug auf gesellschaftsrechtliche Fragen betreffend die F\u00fcrsorgepflicht, Verg\u00fctung, Interessenkonflikt, Behandlung von Gesch\u00e4ftsgeheimnissen und internen Informationen, Besitzverh\u00e4ltnisse und Entscheidungsprozesse auf allen Ebenen. Wir verfolgen sehr genau die besten und entwickelnden Unternehmenspraktiken, und verwalten aufgrund umfangreicher Erfahrungen Statuswechsel und andere Umstrukturierungen und beraten bei der Verwaltung von Gesch\u00e4ftssystemen.<\/p>\n<p>Unser Team ber\u00e4t oft auch in Joint Venture Transaktionen, die in innovativen Gesellschafts- und Finanzstrukturen ablaufen, und bei Investitionen vom Risikokapital in Start-Up-Unternehmen. Wir sind auch auf dem Gebiet der Regulierung von Beziehungen zwischen Gr\u00fcndern und Partnern in verschieden Dienstleistungs- und anderen Gesch\u00e4ftst\u00e4tigkeiten t\u00e4tig, wo oft noch Steueranalyse und Einrichtung des Verg\u00fctungssystems f\u00fcr das F\u00fchrungspersonnal ben\u00f6tigt werden.<\/p>\n","protected":false},"excerpt":{"rendered":"<p>Gesellschaftsrecht ist die Grundlage f\u00fcr den wirksamen Gesch\u00e4ftsbetrieb der Gesellschaften und Wirtschaftsakteure. Es geht um ein Rechtsfeld, das integriertes Verst\u00e4ndnis, Sinn f\u00fcr Details und\u00a0Kenntnis der bew\u00e4hrten in- und ausl\u00e4ndischen Verfahren erfordert. Es ist auch notwendig, Buchhaltung, Steuer und Unternehmensfinanzierung zu verstehen. Ein bedeutender Teil unseres Teams in diesem Feld leistet Beratung \u00f6ffentlichen und privaten Unternehmen,<\/p>\n","protected":false},"author":8,"featured_media":0,"parent":653,"menu_order":72,"comment_status":"closed","ping_status":"closed","template":"page-templates\/fields-of-work.php","meta":{"_acf_changed":false,"footnotes":""},"class_list":["post-1327","page","type-page","status-publish","hentry"],"acf":[],"yoast_head":"<!-- This site is optimized with the Yoast SEO plugin v27.2 - https:\/\/yoast.com\/product\/yoast-seo-wordpress\/ -->\n<title>Gesellschaftsrecht - Jadek &amp; Pensa<\/title>\n<meta name=\"robots\" content=\"index, follow, max-snippet:-1, max-image-preview:large, max-video-preview:-1\" \/>\n<link rel=\"canonical\" href=\"http:\/\/jadek-pensa.si\/de\/arbeitsfelder\/gesellschaftsrecht\/\" \/>\n<meta property=\"og:locale\" content=\"de_DE\" \/>\n<meta property=\"og:type\" content=\"article\" \/>\n<meta property=\"og:title\" content=\"Gesellschaftsrecht - Jadek &amp; Pensa\" \/>\n<meta property=\"og:description\" content=\"Gesellschaftsrecht ist die Grundlage f\u00fcr den wirksamen Gesch\u00e4ftsbetrieb der Gesellschaften und Wirtschaftsakteure. Es geht um ein Rechtsfeld, das integriertes Verst\u00e4ndnis, Sinn f\u00fcr Details und\u00a0Kenntnis der bew\u00e4hrten in- und ausl\u00e4ndischen Verfahren erfordert. Es ist auch notwendig, Buchhaltung, Steuer und Unternehmensfinanzierung zu verstehen. Ein bedeutender Teil unseres Teams in diesem Feld leistet Beratung \u00f6ffentlichen und privaten Unternehmen,\" \/>\n<meta property=\"og:url\" content=\"http:\/\/jadek-pensa.si\/de\/arbeitsfelder\/gesellschaftsrecht\/\" \/>\n<meta property=\"og:site_name\" content=\"Jadek &amp; Pensa\" \/>\n<meta property=\"article:modified_time\" content=\"2020-01-08T07:47:33+00:00\" \/>\n<meta property=\"og:image\" content=\"http:\/\/jadek-pensa.si\/wp-content\/uploads\/2024\/12\/social-image-scaled.jpg\" \/>\n\t<meta property=\"og:image:width\" content=\"2560\" \/>\n\t<meta property=\"og:image:height\" content=\"1440\" \/>\n\t<meta property=\"og:image:type\" content=\"image\/jpeg\" \/>\n<meta name=\"twitter:card\" content=\"summary_large_image\" \/>\n<meta name=\"twitter:label1\" content=\"Est. reading time\" \/>\n\t<meta name=\"twitter:data1\" content=\"1 minute\" \/>\n<script type=\"application\/ld+json\" class=\"yoast-schema-graph\">{\"@context\":\"https:\/\/schema.org\",\"@graph\":[{\"@type\":\"WebPage\",\"@id\":\"http:\/\/jadek-pensa.si\/de\/arbeitsfelder\/gesellschaftsrecht\/\",\"url\":\"http:\/\/jadek-pensa.si\/de\/arbeitsfelder\/gesellschaftsrecht\/\",\"name\":\"Gesellschaftsrecht - Jadek &amp; Pensa\",\"isPartOf\":{\"@id\":\"https:\/\/www.jadek-pensa.si\/de\/#website\"},\"datePublished\":\"2017-12-12T08:44:01+00:00\",\"dateModified\":\"2020-01-08T07:47:33+00:00\",\"breadcrumb\":{\"@id\":\"http:\/\/jadek-pensa.si\/de\/arbeitsfelder\/gesellschaftsrecht\/#breadcrumb\"},\"inLanguage\":\"de-DE\",\"potentialAction\":[{\"@type\":\"ReadAction\",\"target\":[\"http:\/\/jadek-pensa.si\/de\/arbeitsfelder\/gesellschaftsrecht\/\"]}]},{\"@type\":\"BreadcrumbList\",\"@id\":\"http:\/\/jadek-pensa.si\/de\/arbeitsfelder\/gesellschaftsrecht\/#breadcrumb\",\"itemListElement\":[{\"@type\":\"ListItem\",\"position\":1,\"name\":\"Home\",\"item\":\"https:\/\/www.jadek-pensa.si\/de\/\"},{\"@type\":\"ListItem\",\"position\":2,\"name\":\"Arbeitsfelder\",\"item\":\"https:\/\/www.jadek-pensa.si\/de\/arbeitsfelder\/\"},{\"@type\":\"ListItem\",\"position\":3,\"name\":\"Gesellschaftsrecht\"}]},{\"@type\":\"WebSite\",\"@id\":\"https:\/\/www.jadek-pensa.si\/de\/#website\",\"url\":\"https:\/\/www.jadek-pensa.si\/de\/\",\"name\":\"Jadek &amp; Pensa\",\"description\":\"\",\"potentialAction\":[{\"@type\":\"SearchAction\",\"target\":{\"@type\":\"EntryPoint\",\"urlTemplate\":\"https:\/\/www.jadek-pensa.si\/de\/?s={search_term_string}\"},\"query-input\":{\"@type\":\"PropertyValueSpecification\",\"valueRequired\":true,\"valueName\":\"search_term_string\"}}],\"inLanguage\":\"de-DE\"}]}<\/script>\n<!-- \/ Yoast SEO plugin. -->","yoast_head_json":{"title":"Gesellschaftsrecht - Jadek &amp; Pensa","robots":{"index":"index","follow":"follow","max-snippet":"max-snippet:-1","max-image-preview":"max-image-preview:large","max-video-preview":"max-video-preview:-1"},"canonical":"http:\/\/jadek-pensa.si\/de\/arbeitsfelder\/gesellschaftsrecht\/","og_locale":"de_DE","og_type":"article","og_title":"Gesellschaftsrecht - Jadek &amp; Pensa","og_description":"Gesellschaftsrecht ist die Grundlage f\u00fcr den wirksamen Gesch\u00e4ftsbetrieb der Gesellschaften und Wirtschaftsakteure. Es geht um ein Rechtsfeld, das integriertes Verst\u00e4ndnis, Sinn f\u00fcr Details und\u00a0Kenntnis der bew\u00e4hrten in- und ausl\u00e4ndischen Verfahren erfordert. Es ist auch notwendig, Buchhaltung, Steuer und Unternehmensfinanzierung zu verstehen. Ein bedeutender Teil unseres Teams in diesem Feld leistet Beratung \u00f6ffentlichen und privaten Unternehmen,","og_url":"http:\/\/jadek-pensa.si\/de\/arbeitsfelder\/gesellschaftsrecht\/","og_site_name":"Jadek &amp; Pensa","article_modified_time":"2020-01-08T07:47:33+00:00","og_image":[{"width":2560,"height":1440,"url":"http:\/\/jadek-pensa.si\/wp-content\/uploads\/2024\/12\/social-image-scaled.jpg","type":"image\/jpeg"}],"twitter_card":"summary_large_image","twitter_misc":{"Est. reading time":"1 minute"},"schema":{"@context":"https:\/\/schema.org","@graph":[{"@type":"WebPage","@id":"http:\/\/jadek-pensa.si\/de\/arbeitsfelder\/gesellschaftsrecht\/","url":"http:\/\/jadek-pensa.si\/de\/arbeitsfelder\/gesellschaftsrecht\/","name":"Gesellschaftsrecht - Jadek &amp; Pensa","isPartOf":{"@id":"https:\/\/www.jadek-pensa.si\/de\/#website"},"datePublished":"2017-12-12T08:44:01+00:00","dateModified":"2020-01-08T07:47:33+00:00","breadcrumb":{"@id":"http:\/\/jadek-pensa.si\/de\/arbeitsfelder\/gesellschaftsrecht\/#breadcrumb"},"inLanguage":"de-DE","potentialAction":[{"@type":"ReadAction","target":["http:\/\/jadek-pensa.si\/de\/arbeitsfelder\/gesellschaftsrecht\/"]}]},{"@type":"BreadcrumbList","@id":"http:\/\/jadek-pensa.si\/de\/arbeitsfelder\/gesellschaftsrecht\/#breadcrumb","itemListElement":[{"@type":"ListItem","position":1,"name":"Home","item":"https:\/\/www.jadek-pensa.si\/de\/"},{"@type":"ListItem","position":2,"name":"Arbeitsfelder","item":"https:\/\/www.jadek-pensa.si\/de\/arbeitsfelder\/"},{"@type":"ListItem","position":3,"name":"Gesellschaftsrecht"}]},{"@type":"WebSite","@id":"https:\/\/www.jadek-pensa.si\/de\/#website","url":"https:\/\/www.jadek-pensa.si\/de\/","name":"Jadek &amp; Pensa","description":"","potentialAction":[{"@type":"SearchAction","target":{"@type":"EntryPoint","urlTemplate":"https:\/\/www.jadek-pensa.si\/de\/?s={search_term_string}"},"query-input":{"@type":"PropertyValueSpecification","valueRequired":true,"valueName":"search_term_string"}}],"inLanguage":"de-DE"}]}},"_links":{"self":[{"href":"http:\/\/jadek-pensa.si\/de\/wp-json\/wp\/v2\/pages\/1327","targetHints":{"allow":["GET"]}}],"collection":[{"href":"http:\/\/jadek-pensa.si\/de\/wp-json\/wp\/v2\/pages"}],"about":[{"href":"http:\/\/jadek-pensa.si\/de\/wp-json\/wp\/v2\/types\/page"}],"author":[{"embeddable":true,"href":"http:\/\/jadek-pensa.si\/de\/wp-json\/wp\/v2\/users\/8"}],"replies":[{"embeddable":true,"href":"http:\/\/jadek-pensa.si\/de\/wp-json\/wp\/v2\/comments?post=1327"}],"version-history":[{"count":0,"href":"http:\/\/jadek-pensa.si\/de\/wp-json\/wp\/v2\/pages\/1327\/revisions"}],"up":[{"embeddable":true,"href":"http:\/\/jadek-pensa.si\/de\/wp-json\/wp\/v2\/pages\/653"}],"wp:attachment":[{"href":"http:\/\/jadek-pensa.si\/de\/wp-json\/wp\/v2\/media?parent=1327"}],"curies":[{"name":"wp","href":"https:\/\/api.w.org\/{rel}","templated":true}]}}