{"id":1321,"date":"2017-12-12T08:47:23","date_gmt":"2017-12-12T08:47:23","guid":{"rendered":"http:\/\/jadek-pensa.si\/\/arbeitsfelder\/insolvencno-pravo\/"},"modified":"2019-02-12T08:46:21","modified_gmt":"2019-02-12T08:46:21","slug":"insolvenzrecht-und-restrukturierungen","status":"publish","type":"page","link":"http:\/\/jadek-pensa.si\/de\/arbeitsfelder\/insolvenzrecht-und-restrukturierungen\/","title":{"rendered":"Insolvenzrecht und Restrukturierungen"},"content":{"rendered":"<p>Beim Insolvenzrecht und Umstrukturierungen geht es um einen Bereich, wo nur juristisches Wissen, d.h. Kenntnis der Vorschriften, die das Gebiet regeln, f\u00fcr die Vorbereitung guter Rechtsl\u00f6sungen nicht gen\u00fcgt. Obwohl die Rechtsnormen selbst sehr komplex und umfangreich sind, sind sie eigentlich nur das Ger\u00fcst, im Rahmen dessen ein vollst\u00e4ndiges Verst\u00e4ndnis wirtschaftlicher Beziehungen zwischen verschiedenen Beteiligten und inhaltliche Behandlung von Fragen erfordert sind, um die Regeln richtig zu verstehen und anzuwenden.<\/p>\n<p>Es ist \u00fcberaus wichtig, die Logik und Regeln der Buchhaltung, der Evaluierung, des Gesch\u00e4ftsbetriebs und des Finanzgebiets zu verstehen. Au\u00dferdem muss man auch die Bankenregulierung und die Struktur der Finanzorganisationen und der gro\u00dfen Gesch\u00e4ftssysteme verstehen, was alles das Handeln der bedeutendsten Beteiligten unter Insolvenzbedingungen diktiert \u2013 der gro\u00dfen Gl\u00e4ubiger und Schuldner.<\/p>\n<p>In unserer Kanzlei besch\u00e4ftigen wir uns mit Insolvenzrecht und Umstrukturierungen auf der h\u00f6chsten Ebene. Wir haben bei den gr\u00f6\u00dften Umstrukturierungen slowenischer und regionaler Systeme beraten, sowie auch bei der Ausarbeitung der Rechtsvorschriften, die als die Grundlage f\u00fcr pr\u00e4ventive Umstrukturierung (ZFPPIPP-F) dienen. Auf diesem Gebiet beraten wir die gr\u00f6\u00dften slowenischen Gl\u00e4ubiger, Schuldner, Eigent\u00fcmer und K\u00e4ufer sowie der Gl\u00e4ubiger- als auch der Eigent\u00fcmerpositionen.<\/p>\n<p><span lang=\"DE\">Wir schaffen L\u00f6sungen f\u00fcr vorliegende Situationen und suchen nach Wege, die eine Entwicklung oder ein neuer Beginn erm\u00f6glichen unter den schwierigen Bedingungen der Insolvenz und des rechtlichen Rahmens, der die Insolvenz reguliert. Wir nehmen auch an Expertendiskussionen im Gebiet des Insolvenzrechts und der Umstrukturierungen teil. <\/span><\/p>\n","protected":false},"excerpt":{"rendered":"<p>Beim Insolvenzrecht und Umstrukturierungen geht es um einen Bereich, wo nur juristisches Wissen, d.h. Kenntnis der Vorschriften, die das Gebiet regeln, f\u00fcr die Vorbereitung guter Rechtsl\u00f6sungen nicht gen\u00fcgt. Obwohl die Rechtsnormen selbst sehr komplex und umfangreich sind, sind sie eigentlich nur das Ger\u00fcst, im Rahmen dessen ein vollst\u00e4ndiges Verst\u00e4ndnis wirtschaftlicher Beziehungen zwischen verschiedenen Beteiligten und<\/p>\n","protected":false},"author":8,"featured_media":0,"parent":653,"menu_order":51,"comment_status":"closed","ping_status":"closed","template":"page-templates\/fields-of-work.php","meta":{"_acf_changed":false,"footnotes":""},"class_list":["post-1321","page","type-page","status-publish","hentry"],"acf":[],"yoast_head":"<!-- This site is optimized with the Yoast SEO plugin v27.2 - https:\/\/yoast.com\/product\/yoast-seo-wordpress\/ -->\n<title>Insolvenzrecht und Restrukturierungen - Jadek &amp; Pensa<\/title>\n<meta name=\"robots\" content=\"index, follow, max-snippet:-1, max-image-preview:large, max-video-preview:-1\" \/>\n<link rel=\"canonical\" href=\"http:\/\/jadek-pensa.si\/de\/arbeitsfelder\/insolvenzrecht-und-restrukturierungen\/\" \/>\n<meta property=\"og:locale\" content=\"de_DE\" \/>\n<meta property=\"og:type\" content=\"article\" \/>\n<meta property=\"og:title\" content=\"Insolvenzrecht und Restrukturierungen - Jadek &amp; Pensa\" \/>\n<meta property=\"og:description\" content=\"Beim Insolvenzrecht und Umstrukturierungen geht es um einen Bereich, wo nur juristisches Wissen, d.h. Kenntnis der Vorschriften, die das Gebiet regeln, f\u00fcr die Vorbereitung guter Rechtsl\u00f6sungen nicht gen\u00fcgt. Obwohl die Rechtsnormen selbst sehr komplex und umfangreich sind, sind sie eigentlich nur das Ger\u00fcst, im Rahmen dessen ein vollst\u00e4ndiges Verst\u00e4ndnis wirtschaftlicher Beziehungen zwischen verschiedenen Beteiligten und\" \/>\n<meta property=\"og:url\" content=\"http:\/\/jadek-pensa.si\/de\/arbeitsfelder\/insolvenzrecht-und-restrukturierungen\/\" \/>\n<meta property=\"og:site_name\" content=\"Jadek &amp; Pensa\" \/>\n<meta property=\"article:modified_time\" content=\"2019-02-12T08:46:21+00:00\" \/>\n<meta property=\"og:image\" content=\"http:\/\/jadek-pensa.si\/wp-content\/uploads\/2024\/12\/social-image-scaled.jpg\" \/>\n\t<meta property=\"og:image:width\" content=\"2560\" \/>\n\t<meta property=\"og:image:height\" content=\"1440\" \/>\n\t<meta property=\"og:image:type\" content=\"image\/jpeg\" \/>\n<meta name=\"twitter:card\" content=\"summary_large_image\" \/>\n<meta name=\"twitter:label1\" content=\"Est. reading time\" \/>\n\t<meta name=\"twitter:data1\" content=\"1 minute\" \/>\n<script type=\"application\/ld+json\" class=\"yoast-schema-graph\">{\"@context\":\"https:\/\/schema.org\",\"@graph\":[{\"@type\":\"WebPage\",\"@id\":\"http:\/\/jadek-pensa.si\/de\/arbeitsfelder\/insolvenzrecht-und-restrukturierungen\/\",\"url\":\"http:\/\/jadek-pensa.si\/de\/arbeitsfelder\/insolvenzrecht-und-restrukturierungen\/\",\"name\":\"Insolvenzrecht und Restrukturierungen - Jadek &amp; Pensa\",\"isPartOf\":{\"@id\":\"https:\/\/www.jadek-pensa.si\/de\/#website\"},\"datePublished\":\"2017-12-12T08:47:23+00:00\",\"dateModified\":\"2019-02-12T08:46:21+00:00\",\"breadcrumb\":{\"@id\":\"http:\/\/jadek-pensa.si\/de\/arbeitsfelder\/insolvenzrecht-und-restrukturierungen\/#breadcrumb\"},\"inLanguage\":\"de-DE\",\"potentialAction\":[{\"@type\":\"ReadAction\",\"target\":[\"http:\/\/jadek-pensa.si\/de\/arbeitsfelder\/insolvenzrecht-und-restrukturierungen\/\"]}]},{\"@type\":\"BreadcrumbList\",\"@id\":\"http:\/\/jadek-pensa.si\/de\/arbeitsfelder\/insolvenzrecht-und-restrukturierungen\/#breadcrumb\",\"itemListElement\":[{\"@type\":\"ListItem\",\"position\":1,\"name\":\"Home\",\"item\":\"https:\/\/www.jadek-pensa.si\/de\/\"},{\"@type\":\"ListItem\",\"position\":2,\"name\":\"Arbeitsfelder\",\"item\":\"https:\/\/www.jadek-pensa.si\/de\/arbeitsfelder\/\"},{\"@type\":\"ListItem\",\"position\":3,\"name\":\"Insolvenzrecht und Restrukturierungen\"}]},{\"@type\":\"WebSite\",\"@id\":\"https:\/\/www.jadek-pensa.si\/de\/#website\",\"url\":\"https:\/\/www.jadek-pensa.si\/de\/\",\"name\":\"Jadek &amp; Pensa\",\"description\":\"\",\"potentialAction\":[{\"@type\":\"SearchAction\",\"target\":{\"@type\":\"EntryPoint\",\"urlTemplate\":\"https:\/\/www.jadek-pensa.si\/de\/?s={search_term_string}\"},\"query-input\":{\"@type\":\"PropertyValueSpecification\",\"valueRequired\":true,\"valueName\":\"search_term_string\"}}],\"inLanguage\":\"de-DE\"}]}<\/script>\n<!-- \/ Yoast SEO plugin. -->","yoast_head_json":{"title":"Insolvenzrecht und Restrukturierungen - Jadek &amp; Pensa","robots":{"index":"index","follow":"follow","max-snippet":"max-snippet:-1","max-image-preview":"max-image-preview:large","max-video-preview":"max-video-preview:-1"},"canonical":"http:\/\/jadek-pensa.si\/de\/arbeitsfelder\/insolvenzrecht-und-restrukturierungen\/","og_locale":"de_DE","og_type":"article","og_title":"Insolvenzrecht und Restrukturierungen - Jadek &amp; Pensa","og_description":"Beim Insolvenzrecht und Umstrukturierungen geht es um einen Bereich, wo nur juristisches Wissen, d.h. Kenntnis der Vorschriften, die das Gebiet regeln, f\u00fcr die Vorbereitung guter Rechtsl\u00f6sungen nicht gen\u00fcgt. Obwohl die Rechtsnormen selbst sehr komplex und umfangreich sind, sind sie eigentlich nur das Ger\u00fcst, im Rahmen dessen ein vollst\u00e4ndiges Verst\u00e4ndnis wirtschaftlicher Beziehungen zwischen verschiedenen Beteiligten und","og_url":"http:\/\/jadek-pensa.si\/de\/arbeitsfelder\/insolvenzrecht-und-restrukturierungen\/","og_site_name":"Jadek &amp; Pensa","article_modified_time":"2019-02-12T08:46:21+00:00","og_image":[{"width":2560,"height":1440,"url":"http:\/\/jadek-pensa.si\/wp-content\/uploads\/2024\/12\/social-image-scaled.jpg","type":"image\/jpeg"}],"twitter_card":"summary_large_image","twitter_misc":{"Est. reading time":"1 minute"},"schema":{"@context":"https:\/\/schema.org","@graph":[{"@type":"WebPage","@id":"http:\/\/jadek-pensa.si\/de\/arbeitsfelder\/insolvenzrecht-und-restrukturierungen\/","url":"http:\/\/jadek-pensa.si\/de\/arbeitsfelder\/insolvenzrecht-und-restrukturierungen\/","name":"Insolvenzrecht und Restrukturierungen - Jadek &amp; Pensa","isPartOf":{"@id":"https:\/\/www.jadek-pensa.si\/de\/#website"},"datePublished":"2017-12-12T08:47:23+00:00","dateModified":"2019-02-12T08:46:21+00:00","breadcrumb":{"@id":"http:\/\/jadek-pensa.si\/de\/arbeitsfelder\/insolvenzrecht-und-restrukturierungen\/#breadcrumb"},"inLanguage":"de-DE","potentialAction":[{"@type":"ReadAction","target":["http:\/\/jadek-pensa.si\/de\/arbeitsfelder\/insolvenzrecht-und-restrukturierungen\/"]}]},{"@type":"BreadcrumbList","@id":"http:\/\/jadek-pensa.si\/de\/arbeitsfelder\/insolvenzrecht-und-restrukturierungen\/#breadcrumb","itemListElement":[{"@type":"ListItem","position":1,"name":"Home","item":"https:\/\/www.jadek-pensa.si\/de\/"},{"@type":"ListItem","position":2,"name":"Arbeitsfelder","item":"https:\/\/www.jadek-pensa.si\/de\/arbeitsfelder\/"},{"@type":"ListItem","position":3,"name":"Insolvenzrecht und Restrukturierungen"}]},{"@type":"WebSite","@id":"https:\/\/www.jadek-pensa.si\/de\/#website","url":"https:\/\/www.jadek-pensa.si\/de\/","name":"Jadek &amp; Pensa","description":"","potentialAction":[{"@type":"SearchAction","target":{"@type":"EntryPoint","urlTemplate":"https:\/\/www.jadek-pensa.si\/de\/?s={search_term_string}"},"query-input":{"@type":"PropertyValueSpecification","valueRequired":true,"valueName":"search_term_string"}}],"inLanguage":"de-DE"}]}},"_links":{"self":[{"href":"http:\/\/jadek-pensa.si\/de\/wp-json\/wp\/v2\/pages\/1321","targetHints":{"allow":["GET"]}}],"collection":[{"href":"http:\/\/jadek-pensa.si\/de\/wp-json\/wp\/v2\/pages"}],"about":[{"href":"http:\/\/jadek-pensa.si\/de\/wp-json\/wp\/v2\/types\/page"}],"author":[{"embeddable":true,"href":"http:\/\/jadek-pensa.si\/de\/wp-json\/wp\/v2\/users\/8"}],"replies":[{"embeddable":true,"href":"http:\/\/jadek-pensa.si\/de\/wp-json\/wp\/v2\/comments?post=1321"}],"version-history":[{"count":0,"href":"http:\/\/jadek-pensa.si\/de\/wp-json\/wp\/v2\/pages\/1321\/revisions"}],"up":[{"embeddable":true,"href":"http:\/\/jadek-pensa.si\/de\/wp-json\/wp\/v2\/pages\/653"}],"wp:attachment":[{"href":"http:\/\/jadek-pensa.si\/de\/wp-json\/wp\/v2\/media?parent=1321"}],"curies":[{"name":"wp","href":"https:\/\/api.w.org\/{rel}","templated":true}]}}