{"id":1319,"date":"2017-12-12T08:47:44","date_gmt":"2017-12-12T08:47:44","guid":{"rendered":"http:\/\/jadek-pensa.si\/\/arbeitsfelder\/alternativno-resevanje-sporov\/"},"modified":"2023-12-19T12:59:26","modified_gmt":"2023-12-19T12:59:26","slug":"vermeidung-und-beilegung-von-rechtsstreitigkeiten","status":"publish","type":"page","link":"http:\/\/jadek-pensa.si\/de\/arbeitsfelder\/vermeidung-und-beilegung-von-rechtsstreitigkeiten\/","title":{"rendered":"Vermeidung und Beilegung von Rechtsstreitigkeiten"},"content":{"rendered":"<p>Unser prim\u00e4res Ziel ist Rechtsstreitigkeiten zu vermeiden. Aufgrund umfangreicher Erfahrungen k\u00f6nnen wir dem Kunden bereits in einer sehr fr\u00fchen Phase helfen, eine potenzielle Streitigkeit zu vermeiden, wobei er Zeit und Kosten sparen kann, die sonst f\u00fcr oft langwierige Verfahren mit ungewissem Ausgang erfordert sind. Auch wenn die Streitigkeit bereits droht, k\u00f6nnen wir dem Kunden helfen, so dass er dann im Fall einer sp\u00e4teren Streitigkeit ein besserer Ausgangspunkt und damit gr\u00f6\u00dfere Erfolgschancen hat. Deswegen wird besondere Bedeutung dem Risikomanagement und Vermeidung von Konfliktsituationen bereits in der Phase der Ausgestaltung und Durchf\u00fchrung der Rechtsgesch\u00e4fte beigemessen. Damit unsere Kunden selbst schnell m\u00f6gliche Konfliktsituationen erkennen und darauf entsprechend reagieren w\u00fcrden, bieten wir ihnen besonders f\u00fcr diesen Zweck zubereitete allgemeine und berufliche Weiterbildung.<\/p>\n<p>In F\u00e4llen, wenn die Streitigkeit trotzdem vorkommt, identifizieren wir zuerst zusammen mit dem Kunden seine Ziele und suchen dann zusammen aufgrund der Fr\u00fchbewertung der Streitigkeit und Position der beiden Parteien die geeignetste und wirksamste Methode, wie diese Ziele zu erreichen sind. Oft sind das auch verschiedene alternative Streitbeilegungsverfahren, einschlie\u00dflich Mediation. Aufgrund umfangreicher Erfahrung arbeiten wir eine Strategie zur Streitbeilegung aus, f\u00fcr die es am wahrscheinlichsten ist, dass sie zum gew\u00fcnschten Ergebnis f\u00fchren wird.<\/p>\n<p>Wenn die Streitigkeit vor Gericht, Schiedsgerichtsbarkeit oder anderem Beh\u00f6rde nicht vermieden werden kann, k\u00f6nnen sich die Kunden auf unser f\u00fcr solche Verfahren spezialisiertes Team verlassen, dass erhebliche Erfahrungen mit Kundenvertretung in aller Arten der Verfahren hat, sowohl vor nationalen Gerichten und Verwaltungsbeh\u00f6rden als auch vor internationalen und inl\u00e4ndischen Schiedsgerichtsbarkeiten.<\/p>\n<p>Die Erfahrungen unseres Teams f\u00fcr Streitbeilegung umfassen Vertretung der Parteien in Verfahren, die aus Durchsetzung von Vertr\u00e4gen, Haftungsverh\u00e4ltnissen (unter anderem auch im Zusammenhang mit Verletzungen des Wettbewerbsrechts, \u00dcbernahmen und Fusionen, \u00f6ffentlichen Auftr\u00e4gen, Banken- und Finanzgesch\u00e4ften, Haftung der Verwaltung- und Aufsichtsbeh\u00f6rden), Bau- und Infrastrukturprojekten, gesellschaftsrechtlichen Verh\u00e4ltnissen, Verletzung der Rechte des geistigen Eigentums (Patente, Marken, Urheberrechte, Rechte an Datenbanken, unfairer Wettbewerb), Arbeitsverh\u00e4ltnissen, \u00dcbernahmen, Ausschluss der Minderheitsgesellschaftern, Insolvenzverfahren, Ma\u00dfnahmen der Regulierungsbeh\u00f6rden usw. stammen.<\/p>\n<p>Durch verschiedene alternative Streitbeilegungsverfahren, einschlie\u00dflich Mediation, bieten wir den Kunden auch alternative M\u00f6glichkeiten der Streitbeilegung. Mit nachweislichen Erfahrung und Qualifizierung k\u00f6nnen wir als unabh\u00e4ngige Experten bei der Suche annehmbarer und zukunftsorientierter L\u00f6sungen helfen. Besonders f\u00fcr die Kunden k\u00f6nnen wir die Verfahrensregeln und die geeignetste Methode, eine L\u00f6sung zu finden, gestalten.<\/p>\n","protected":false},"excerpt":{"rendered":"<p>Unser prim\u00e4res Ziel ist Rechtsstreitigkeiten zu vermeiden. Aufgrund umfangreicher Erfahrungen k\u00f6nnen wir dem Kunden bereits in einer sehr fr\u00fchen Phase helfen, eine potenzielle Streitigkeit zu vermeiden, wobei er Zeit und Kosten sparen kann, die sonst f\u00fcr oft langwierige Verfahren mit ungewissem Ausgang erfordert sind. Auch wenn die Streitigkeit bereits droht, k\u00f6nnen wir dem Kunden helfen,<\/p>\n","protected":false},"author":8,"featured_media":0,"parent":653,"menu_order":101,"comment_status":"closed","ping_status":"closed","template":"page-templates\/fields-of-work.php","meta":{"_acf_changed":false,"footnotes":""},"class_list":["post-1319","page","type-page","status-publish","hentry"],"acf":[],"yoast_head":"<!-- This site is optimized with the Yoast SEO plugin v27.2 - https:\/\/yoast.com\/product\/yoast-seo-wordpress\/ -->\n<title>Vermeidung und Beilegung von Rechtsstreitigkeiten - Jadek &amp; Pensa<\/title>\n<meta name=\"robots\" content=\"index, follow, max-snippet:-1, max-image-preview:large, max-video-preview:-1\" \/>\n<link rel=\"canonical\" href=\"http:\/\/jadek-pensa.si\/de\/arbeitsfelder\/vermeidung-und-beilegung-von-rechtsstreitigkeiten\/\" \/>\n<meta property=\"og:locale\" content=\"de_DE\" \/>\n<meta property=\"og:type\" content=\"article\" \/>\n<meta property=\"og:title\" content=\"Vermeidung und Beilegung von Rechtsstreitigkeiten - Jadek &amp; Pensa\" \/>\n<meta property=\"og:description\" content=\"Unser prim\u00e4res Ziel ist Rechtsstreitigkeiten zu vermeiden. Aufgrund umfangreicher Erfahrungen k\u00f6nnen wir dem Kunden bereits in einer sehr fr\u00fchen Phase helfen, eine potenzielle Streitigkeit zu vermeiden, wobei er Zeit und Kosten sparen kann, die sonst f\u00fcr oft langwierige Verfahren mit ungewissem Ausgang erfordert sind. Auch wenn die Streitigkeit bereits droht, k\u00f6nnen wir dem Kunden helfen,\" \/>\n<meta property=\"og:url\" content=\"http:\/\/jadek-pensa.si\/de\/arbeitsfelder\/vermeidung-und-beilegung-von-rechtsstreitigkeiten\/\" \/>\n<meta property=\"og:site_name\" content=\"Jadek &amp; Pensa\" \/>\n<meta property=\"article:modified_time\" content=\"2023-12-19T12:59:26+00:00\" \/>\n<meta property=\"og:image\" content=\"http:\/\/jadek-pensa.si\/wp-content\/uploads\/2024\/12\/social-image-scaled.jpg\" \/>\n\t<meta property=\"og:image:width\" content=\"2560\" \/>\n\t<meta property=\"og:image:height\" content=\"1440\" \/>\n\t<meta property=\"og:image:type\" content=\"image\/jpeg\" \/>\n<meta name=\"twitter:card\" content=\"summary_large_image\" \/>\n<meta name=\"twitter:label1\" content=\"Est. reading time\" \/>\n\t<meta name=\"twitter:data1\" content=\"2 minutes\" \/>\n<script type=\"application\/ld+json\" class=\"yoast-schema-graph\">{\"@context\":\"https:\/\/schema.org\",\"@graph\":[{\"@type\":\"WebPage\",\"@id\":\"http:\/\/jadek-pensa.si\/de\/arbeitsfelder\/vermeidung-und-beilegung-von-rechtsstreitigkeiten\/\",\"url\":\"http:\/\/jadek-pensa.si\/de\/arbeitsfelder\/vermeidung-und-beilegung-von-rechtsstreitigkeiten\/\",\"name\":\"Vermeidung und Beilegung von Rechtsstreitigkeiten - Jadek &amp; Pensa\",\"isPartOf\":{\"@id\":\"https:\/\/www.jadek-pensa.si\/de\/#website\"},\"datePublished\":\"2017-12-12T08:47:44+00:00\",\"dateModified\":\"2023-12-19T12:59:26+00:00\",\"breadcrumb\":{\"@id\":\"http:\/\/jadek-pensa.si\/de\/arbeitsfelder\/vermeidung-und-beilegung-von-rechtsstreitigkeiten\/#breadcrumb\"},\"inLanguage\":\"de-DE\",\"potentialAction\":[{\"@type\":\"ReadAction\",\"target\":[\"http:\/\/jadek-pensa.si\/de\/arbeitsfelder\/vermeidung-und-beilegung-von-rechtsstreitigkeiten\/\"]}]},{\"@type\":\"BreadcrumbList\",\"@id\":\"http:\/\/jadek-pensa.si\/de\/arbeitsfelder\/vermeidung-und-beilegung-von-rechtsstreitigkeiten\/#breadcrumb\",\"itemListElement\":[{\"@type\":\"ListItem\",\"position\":1,\"name\":\"Home\",\"item\":\"https:\/\/www.jadek-pensa.si\/de\/\"},{\"@type\":\"ListItem\",\"position\":2,\"name\":\"Arbeitsfelder\",\"item\":\"https:\/\/www.jadek-pensa.si\/de\/arbeitsfelder\/\"},{\"@type\":\"ListItem\",\"position\":3,\"name\":\"Vermeidung und Beilegung von Rechtsstreitigkeiten\"}]},{\"@type\":\"WebSite\",\"@id\":\"https:\/\/www.jadek-pensa.si\/de\/#website\",\"url\":\"https:\/\/www.jadek-pensa.si\/de\/\",\"name\":\"Jadek &amp; Pensa\",\"description\":\"\",\"potentialAction\":[{\"@type\":\"SearchAction\",\"target\":{\"@type\":\"EntryPoint\",\"urlTemplate\":\"https:\/\/www.jadek-pensa.si\/de\/?s={search_term_string}\"},\"query-input\":{\"@type\":\"PropertyValueSpecification\",\"valueRequired\":true,\"valueName\":\"search_term_string\"}}],\"inLanguage\":\"de-DE\"}]}<\/script>\n<!-- \/ Yoast SEO plugin. -->","yoast_head_json":{"title":"Vermeidung und Beilegung von Rechtsstreitigkeiten - Jadek &amp; Pensa","robots":{"index":"index","follow":"follow","max-snippet":"max-snippet:-1","max-image-preview":"max-image-preview:large","max-video-preview":"max-video-preview:-1"},"canonical":"http:\/\/jadek-pensa.si\/de\/arbeitsfelder\/vermeidung-und-beilegung-von-rechtsstreitigkeiten\/","og_locale":"de_DE","og_type":"article","og_title":"Vermeidung und Beilegung von Rechtsstreitigkeiten - Jadek &amp; Pensa","og_description":"Unser prim\u00e4res Ziel ist Rechtsstreitigkeiten zu vermeiden. Aufgrund umfangreicher Erfahrungen k\u00f6nnen wir dem Kunden bereits in einer sehr fr\u00fchen Phase helfen, eine potenzielle Streitigkeit zu vermeiden, wobei er Zeit und Kosten sparen kann, die sonst f\u00fcr oft langwierige Verfahren mit ungewissem Ausgang erfordert sind. Auch wenn die Streitigkeit bereits droht, k\u00f6nnen wir dem Kunden helfen,","og_url":"http:\/\/jadek-pensa.si\/de\/arbeitsfelder\/vermeidung-und-beilegung-von-rechtsstreitigkeiten\/","og_site_name":"Jadek &amp; Pensa","article_modified_time":"2023-12-19T12:59:26+00:00","og_image":[{"width":2560,"height":1440,"url":"http:\/\/jadek-pensa.si\/wp-content\/uploads\/2024\/12\/social-image-scaled.jpg","type":"image\/jpeg"}],"twitter_card":"summary_large_image","twitter_misc":{"Est. reading time":"2 minutes"},"schema":{"@context":"https:\/\/schema.org","@graph":[{"@type":"WebPage","@id":"http:\/\/jadek-pensa.si\/de\/arbeitsfelder\/vermeidung-und-beilegung-von-rechtsstreitigkeiten\/","url":"http:\/\/jadek-pensa.si\/de\/arbeitsfelder\/vermeidung-und-beilegung-von-rechtsstreitigkeiten\/","name":"Vermeidung und Beilegung von Rechtsstreitigkeiten - Jadek &amp; Pensa","isPartOf":{"@id":"https:\/\/www.jadek-pensa.si\/de\/#website"},"datePublished":"2017-12-12T08:47:44+00:00","dateModified":"2023-12-19T12:59:26+00:00","breadcrumb":{"@id":"http:\/\/jadek-pensa.si\/de\/arbeitsfelder\/vermeidung-und-beilegung-von-rechtsstreitigkeiten\/#breadcrumb"},"inLanguage":"de-DE","potentialAction":[{"@type":"ReadAction","target":["http:\/\/jadek-pensa.si\/de\/arbeitsfelder\/vermeidung-und-beilegung-von-rechtsstreitigkeiten\/"]}]},{"@type":"BreadcrumbList","@id":"http:\/\/jadek-pensa.si\/de\/arbeitsfelder\/vermeidung-und-beilegung-von-rechtsstreitigkeiten\/#breadcrumb","itemListElement":[{"@type":"ListItem","position":1,"name":"Home","item":"https:\/\/www.jadek-pensa.si\/de\/"},{"@type":"ListItem","position":2,"name":"Arbeitsfelder","item":"https:\/\/www.jadek-pensa.si\/de\/arbeitsfelder\/"},{"@type":"ListItem","position":3,"name":"Vermeidung und Beilegung von Rechtsstreitigkeiten"}]},{"@type":"WebSite","@id":"https:\/\/www.jadek-pensa.si\/de\/#website","url":"https:\/\/www.jadek-pensa.si\/de\/","name":"Jadek &amp; Pensa","description":"","potentialAction":[{"@type":"SearchAction","target":{"@type":"EntryPoint","urlTemplate":"https:\/\/www.jadek-pensa.si\/de\/?s={search_term_string}"},"query-input":{"@type":"PropertyValueSpecification","valueRequired":true,"valueName":"search_term_string"}}],"inLanguage":"de-DE"}]}},"_links":{"self":[{"href":"http:\/\/jadek-pensa.si\/de\/wp-json\/wp\/v2\/pages\/1319","targetHints":{"allow":["GET"]}}],"collection":[{"href":"http:\/\/jadek-pensa.si\/de\/wp-json\/wp\/v2\/pages"}],"about":[{"href":"http:\/\/jadek-pensa.si\/de\/wp-json\/wp\/v2\/types\/page"}],"author":[{"embeddable":true,"href":"http:\/\/jadek-pensa.si\/de\/wp-json\/wp\/v2\/users\/8"}],"replies":[{"embeddable":true,"href":"http:\/\/jadek-pensa.si\/de\/wp-json\/wp\/v2\/comments?post=1319"}],"version-history":[{"count":0,"href":"http:\/\/jadek-pensa.si\/de\/wp-json\/wp\/v2\/pages\/1319\/revisions"}],"up":[{"embeddable":true,"href":"http:\/\/jadek-pensa.si\/de\/wp-json\/wp\/v2\/pages\/653"}],"wp:attachment":[{"href":"http:\/\/jadek-pensa.si\/de\/wp-json\/wp\/v2\/media?parent=1319"}],"curies":[{"name":"wp","href":"https:\/\/api.w.org\/{rel}","templated":true}]}}